{"id":12050,"date":"2025-02-26T01:25:40","date_gmt":"2025-02-26T01:25:40","guid":{"rendered":"https:\/\/arvielectric.com\/register\/"},"modified":"2025-10-20T13:10:43","modified_gmt":"2025-10-20T12:10:43","slug":"registrarse","status":"publish","type":"page","link":"https:\/\/arvielectric.com\/es\/registrarse\/","title":{"rendered":"Registrarse"},"content":{"rendered":"\t\t<div data-elementor-type=\"wp-page\" data-elementor-id=\"12050\" class=\"elementor elementor-12050 elementor-5735\" data-elementor-post-type=\"page\">\n\t\t\t\t<div class=\"elementor-element elementor-element-2544ed5 e-con-full e-flex e-con e-parent\" data-id=\"2544ed5\" data-element_type=\"container\">\n\t\t\t\t<div class=\"elementor-element elementor-element-e5bb758 elementor-widget elementor-widget-template\" data-id=\"e5bb758\" data-element_type=\"widget\" data-widget_type=\"template.default\">\n\t\t\t\t<div class=\"elementor-widget-container\">\n\t\t\t\t\t\t\t<div class=\"elementor-template\">\n\t\t\t\t\t<div data-elementor-type=\"container\" data-elementor-id=\"13639\" class=\"elementor elementor-13639 elementor-5964\" data-elementor-post-type=\"elementor_library\">\n\t\t\t\t<div class=\"elementor-element elementor-element-3ece3bd6 e-flex e-con-boxed e-con e-parent\" data-id=\"3ece3bd6\" data-element_type=\"container\" data-settings=\"{&quot;background_background&quot;:&quot;classic&quot;}\">\n\t\t\t\t\t<div class=\"e-con-inner\">\n\t\t\t\t<div class=\"elementor-element elementor-element-411eaac elementor-widget elementor-widget-woocommerce-breadcrumb\" data-id=\"411eaac\" data-element_type=\"widget\" data-widget_type=\"woocommerce-breadcrumb.default\">\n\t\t\t\t\t<nav class=\"woocommerce-breadcrumb\" aria-label=\"Breadcrumb\">Inicio<\/nav>\t\t\t\t<\/div>\n\t\t\t\t\t<\/div>\n\t\t\t\t<\/div>\n\t\t\t\t<\/div>\n\t\t\t\t<\/div>\n\t\t\t\t\t\t<\/div>\n\t\t\t\t<\/div>\n\t\t\t\t<\/div>\n\t\t<div class=\"elementor-element elementor-element-3e7f52c e-flex e-con-boxed e-con e-parent\" data-id=\"3e7f52c\" data-element_type=\"container\">\n\t\t\t\t\t<div class=\"e-con-inner\">\n\t\t\t\t<div class=\"elementor-element elementor-element-b66ba86 elementor-widget elementor-widget-shortcode\" data-id=\"b66ba86\" data-element_type=\"widget\" data-widget_type=\"shortcode.default\">\n\t\t\t\t\t\t\t<div class=\"elementor-shortcode\">\n<div class=\"um um-register um-12036\">\n\t<div class=\"um-form\" data-mode=\"register\">\n\t\t<form method=\"post\" action=\"\">\n\t\t\t<div class=\"um-row _um_row_1 \" style=\"margin: 0 0 30px 0;\"><div class=\"um-col-1\"><div  id=\"um_field_12036_user_email\" class=\"um-field um-field-text  um-field-user_email um-field-text um-field-type_text\" data-key=\"user_email\"><div class=\"um-field-label\"><label for=\"user_email-12036\">Correo Electr\u00f3nico<\/label><div class=\"um-clear\"><\/div><\/div><div class=\"um-field-area\"><input  autocomplete=\"off\" class=\"um-form-field valid \" type=\"text\" name=\"user_email-12036\" id=\"user_email-12036\" value=\"\" placeholder=\"\" data-validate=\"unique_username_or_email\" data-key=\"user_email\"  aria-invalid=\"false\" \/>\n\n\t\t\t\t\t\t<\/div><\/div><div  id=\"um_field_12036_user_password\" class=\"um-field um-field-password  um-field-user_password um-field-password um-field-type_password\" data-key=\"user_password\"><div class=\"um-field-label\"><label for=\"user_password-12036\">Contrase\u00f1a<\/label><div class=\"um-clear\"><\/div><\/div><div class=\"um-field-area\"><input class=\"um-form-field valid \" type=\"password\" name=\"user_password-12036\" id=\"user_password-12036\" value=\"\" placeholder=\"Contrase\u00f1a\" data-validate=\"\" data-key=\"user_password\"  aria-invalid=\"false\" \/>\n\n\t\t\t\t\t\t\t<\/div><\/div><div  id=\"um_field_12036_confirm_user_password\" class=\"um-field um-field-password  um-field-user_password um-field-password um-field-type_password\" data-key=\"confirm_user_password\"><div class=\"um-field-label\"><label for=\"confirm_user_password-12036\">Confirmar Contrase\u00f1a<\/label><div class=\"um-clear\"><\/div><\/div><div class=\"um-field-area\"><input class=\"um-form-field valid \" type=\"password\" name=\"confirm_user_password-12036\" id=\"confirm_user_password-12036\" value=\"\" placeholder=\"Confirmar Contrase\u00f1a\" data-validate=\"\" data-key=\"confirm_user_password\"  aria-invalid=\"false\" \/><\/div><\/div><div  id=\"um_field_12036_country\" class=\"um-field um-field-select  um-field-country um-field-select um-field-type_select\" data-key=\"country\"><div class=\"um-field-label\"><label for=\"country-12036\">Pa\u00eds<\/label><div class=\"um-clear\"><\/div><\/div><div class=\"um-field-area  \"><select data-default=\"\"     name=\"country\" id=\"country\" data-validate=\"\" data-key=\"country\" class=\"um-form-field valid um-s1 \" style=\"width: 100%\" data-placeholder=\"Choose a Country\"   aria-invalid=\"false\" ><option value=\"\"><\/option><option value=\"Afganist\u00e1n\" >Afganist\u00e1n<\/option><option value=\"Albania\" >Albania<\/option><option value=\"Alemania\" >Alemania<\/option><option value=\"Andorra\" >Andorra<\/option><option value=\"Angola\" >Angola<\/option><option value=\"Ant\u00e1rtida\" >Ant\u00e1rtida<\/option><option value=\"Antigua y Barbuda\" >Antigua y Barbuda<\/option><option value=\"Arabia Saudita\" >Arabia Saudita<\/option><option value=\"Argelia\" >Argelia<\/option><option value=\"Argentina\" >Argentina<\/option><option value=\"Armenia\" >Armenia<\/option><option value=\"Australia\" >Australia<\/option><option value=\"Austria\" >Austria<\/option><option value=\"Azerbaiy\u00e1n\" >Azerbaiy\u00e1n<\/option><option value=\"Bahamas\" >Bahamas<\/option><option value=\"Banglad\u00e9s\" >Banglad\u00e9s<\/option><option value=\"Barbados\" >Barbados<\/option><option value=\"Bar\u00e9in\" >Bar\u00e9in<\/option><option value=\"B\u00e9lgica\" >B\u00e9lgica<\/option><option value=\"Belice\" >Belice<\/option><option value=\"Ben\u00edn\" >Ben\u00edn<\/option><option value=\"Bermudas\" >Bermudas<\/option><option value=\"Bielorrusia\" >Bielorrusia<\/option><option value=\"Bolivia, Estado Plurinacional de\" >Bolivia, Estado Plurinacional de<\/option><option value=\"Bosnia y Herzegovina\" >Bosnia y Herzegovina<\/option><option value=\"Botsuana\" >Botsuana<\/option><option value=\"Brasil\" >Brasil<\/option><option value=\"Brun\u00e9i Darussalam\" >Brun\u00e9i Darussalam<\/option><option value=\"Bulgaria\" >Bulgaria<\/option><option value=\"Burkina Faso\" >Burkina Faso<\/option><option value=\"Burundi\" >Burundi<\/option><option value=\"But\u00e1n\" >But\u00e1n<\/option><option value=\"Cabo Verde\" >Cabo Verde<\/option><option value=\"Camboya\" >Camboya<\/option><option value=\"Camer\u00fan\" >Camer\u00fan<\/option><option value=\"Canad\u00e1\" >Canad\u00e1<\/option><option value=\"Catar\" >Catar<\/option><option value=\"Chad\" >Chad<\/option><option value=\"Chequia\" >Chequia<\/option><option value=\"Chile\" >Chile<\/option><option value=\"China\" >China<\/option><option value=\"Chipre\" >Chipre<\/option><option value=\"Colombia\" >Colombia<\/option><option value=\"Comoras\" >Comoras<\/option><option value=\"Congo\" >Congo<\/option><option value=\"Congo, Rep\u00fablica Democr\u00e1tica del\" >Congo, Rep\u00fablica Democr\u00e1tica del<\/option><option value=\"Corea, Rep\u00fablica de\" >Corea, Rep\u00fablica de<\/option><option value=\"Corea, Rep\u00fablica Popular Democr\u00e1tica de\" >Corea, Rep\u00fablica Popular Democr\u00e1tica de<\/option><option value=\"Costa de Marfil\" >Costa de Marfil<\/option><option value=\"Costa Rica\" >Costa Rica<\/option><option value=\"Croacia\" >Croacia<\/option><option value=\"Cuba\" >Cuba<\/option><option value=\"Dinamarca\" >Dinamarca<\/option><option value=\"Dominica\" >Dominica<\/option><option value=\"Ecuador\" >Ecuador<\/option><option value=\"Egipto\" >Egipto<\/option><option value=\"El Salvador\" >El Salvador<\/option><option value=\"Emiratos \u00c1rabes Unidos\" >Emiratos \u00c1rabes Unidos<\/option><option value=\"Eritrea\" >Eritrea<\/option><option value=\"Eslovaquia\" >Eslovaquia<\/option><option value=\"Eslovenia\" >Eslovenia<\/option><option value=\"Espa\u00f1a\" >Espa\u00f1a<\/option><option value=\"Estados Unidos\" >Estados Unidos<\/option><option value=\"Estonia\" >Estonia<\/option><option value=\"Esuatini\" >Esuatini<\/option><option value=\"Etiop\u00eda\" >Etiop\u00eda<\/option><option value=\"Filipinas\" >Filipinas<\/option><option value=\"Finlandia\" >Finlandia<\/option><option value=\"Fiyi\" >Fiyi<\/option><option value=\"Francia\" >Francia<\/option><option value=\"Gab\u00f3n\" >Gab\u00f3n<\/option><option value=\"Gambia\" >Gambia<\/option><option value=\"Georgia\" >Georgia<\/option><option value=\"Georgia del Sur e Islas Sandwich del Sur\" >Georgia del Sur e Islas Sandwich del Sur<\/option><option value=\"Ghana\" >Ghana<\/option><option value=\"Gibraltar\" >Gibraltar<\/option><option value=\"Granada\" >Granada<\/option><option value=\"Grecia\" >Grecia<\/option><option value=\"Groenlandia\" >Groenlandia<\/option><option value=\"Guadalupe\" >Guadalupe<\/option><option value=\"Guam\" >Guam<\/option><option value=\"Guatemala\" >Guatemala<\/option><option value=\"Guayana\" >Guayana<\/option><option value=\"Guayana Francesa\" >Guayana Francesa<\/option><option value=\"Guernsey\" >Guernsey<\/option><option value=\"Guinea\" >Guinea<\/option><option value=\"Guinea-Bis\u00e1u\" >Guinea-Bis\u00e1u<\/option><option value=\"Guinea Ecuatorial\" >Guinea Ecuatorial<\/option><option value=\"Hait\u00ed\" >Hait\u00ed<\/option><option value=\"Honduras\" >Honduras<\/option><option value=\"Hong Kong\" >Hong Kong<\/option><option value=\"Hungr\u00eda\" >Hungr\u00eda<\/option><option value=\"India\" >India<\/option><option value=\"Indonesia\" >Indonesia<\/option><option value=\"Irak\" >Irak<\/option><option value=\"Ir\u00e1n, Rep\u00fablica Isl\u00e1mica de\" >Ir\u00e1n, Rep\u00fablica Isl\u00e1mica de<\/option><option value=\"Irlanda\" >Irlanda<\/option><option value=\"Islandia\" >Islandia<\/option><option value=\"Isla Bouvet\" >Isla Bouvet<\/option><option value=\"Isla de Man\" >Isla de Man<\/option><option value=\"Isla de Navidad\" >Isla de Navidad<\/option><option value=\"Isla Norfolk\" >Isla Norfolk<\/option><option value=\"Islas \u00c5land\" >Islas \u00c5land<\/option><option value=\"Islas Caim\u00e1n\" >Islas Caim\u00e1n<\/option><option value=\"Islas Cocos (Keeling)\" >Islas Cocos (Keeling)<\/option><option value=\"Islas Cook\" >Islas Cook<\/option><option value=\"Islas Falkland (Malvinas)\" >Islas Falkland (Malvinas)<\/option><option value=\"Islas Feroe\" >Islas Feroe<\/option><option value=\"Islas Heard y McDonald\" >Islas Heard y McDonald<\/option><option value=\"Islas Marianas del Norte\" >Islas Marianas del Norte<\/option><option value=\"Islas Marshall\" >Islas Marshall<\/option><option value=\"Islas Pitcairn\" >Islas Pitcairn<\/option><option value=\"Islas Salom\u00f3n\" >Islas Salom\u00f3n<\/option><option value=\"Islas Turcas y Caicos\" >Islas Turcas y Caicos<\/option><option value=\"Islas V\u00edrgenes Brit\u00e1nicas\" >Islas V\u00edrgenes Brit\u00e1nicas<\/option><option value=\"Islas V\u00edrgenes de los Estados Unidos\" >Islas V\u00edrgenes de los Estados Unidos<\/option><option value=\"Israel\" >Israel<\/option><option value=\"Italia\" >Italia<\/option><option value=\"Jamaica\" >Jamaica<\/option><option value=\"Jap\u00f3n\" >Jap\u00f3n<\/option><option value=\"Jersey\" >Jersey<\/option><option value=\"Jordania\" >Jordania<\/option><option value=\"Kazajist\u00e1n\" >Kazajist\u00e1n<\/option><option value=\"Kenia\" >Kenia<\/option><option value=\"Kirguist\u00e1n\" >Kirguist\u00e1n<\/option><option value=\"Kiribati\" >Kiribati<\/option><option value=\"Kosovo\" >Kosovo<\/option><option value=\"Kuwait\" >Kuwait<\/option><option value=\"Laos, Rep\u00fablica Democr\u00e1tica Popular de\" >Laos, Rep\u00fablica Democr\u00e1tica Popular de<\/option><option value=\"Lesoto\" >Lesoto<\/option><option value=\"Letonia\" >Letonia<\/option><option value=\"L\u00edbano\" >L\u00edbano<\/option><option value=\"Liberia\" >Liberia<\/option><option value=\"Libia\" >Libia<\/option><option value=\"Liechtenstein\" >Liechtenstein<\/option><option value=\"Lituania\" >Lituania<\/option><option value=\"Luxemburgo\" >Luxemburgo<\/option><option value=\"Macao\" >Macao<\/option><option value=\"Macedonia del Norte\" >Macedonia del Norte<\/option><option value=\"Madagascar\" >Madagascar<\/option><option value=\"Malasia\" >Malasia<\/option><option value=\"Malaui\" >Malaui<\/option><option value=\"Maldivas\" >Maldivas<\/option><option value=\"Mali\" >Mal\u00ed<\/option><option value=\"Malta\" >Malta<\/option><option value=\"Marruecos\" >Marruecos<\/option><option value=\"Martinica\" >Martinica<\/option><option value=\"Mauricio\" >Mauricio<\/option><option value=\"Mauritania\" >Mauritania<\/option><option value=\"Mayotte\" >Mayotte<\/option><option value=\"M\u00e9xico\" >M\u00e9xico<\/option><option value=\"Micronesia, Estados Federados de\" >Micronesia, Estados Federados de<\/option><option value=\"Moldavia\" >Moldavia<\/option><option value=\"M\u00f3naco\" >M\u00f3naco<\/option><option value=\"Mongolia\" >Mongolia<\/option><option value=\"Montenegro\" >Montenegro<\/option><option value=\"Montserrat\" >Montserrat<\/option><option value=\"Mozambique\" >Mozambique<\/option><option value=\"Myanmar\" >Myanmar<\/option><option value=\"Namibia\" >Namibia<\/option><option value=\"Nauru\" >Naur\u00fa<\/option><option value=\"Nepal\" >Nepal<\/option><option value=\"Nicaragua\" >Nicaragua<\/option><option value=\"N\u00edger\" >N\u00edger<\/option><option value=\"Nigeria\" >Nigeria<\/option><option value=\"Niue\" >Niu\u00e9<\/option><option value=\"Noruega\" >Noruega<\/option><option value=\"Nueva Caledonia\" >Nueva Caledonia<\/option><option value=\"Nueva Zelanda\" >Nueva Zelanda<\/option><option value=\"Om\u00e1n\" >Om\u00e1n<\/option><option value=\"Pa\u00edses Bajos\" >Pa\u00edses Bajos<\/option><option value=\"Pakist\u00e1n\" >Pakist\u00e1n<\/option><option value=\"Palaos\" >Palaos<\/option><option value=\"Palestina\" >Palestina<\/option><option value=\"Panam\u00e1\" >Panam\u00e1<\/option><option value=\"Pap\u00faa Nueva Guinea\" >Pap\u00faa Nueva Guinea<\/option><option value=\"Paraguay\" >Paraguay<\/option><option value=\"Per\u00fa\" >Per\u00fa<\/option><option value=\"Polonia\" >Polonia<\/option><option value=\"Portugal\" >Portugal<\/option><option value=\"Puerto Rico\" >Puerto Rico<\/option><option value=\"Reino Unido\" >Reino Unido<\/option><option value=\"Reuni\u00f3n\" >Reuni\u00f3n<\/option><option value=\"Rumania\" >Rumania<\/option><option value=\"Rusia\" >Rusia<\/option><option value=\"Ruanda\" >Ruanda<\/option><option value=\"Sahara Occidental\" >Sahara Occidental<\/option><option value=\"Samoa\" >Samoa<\/option><option value=\"San Bartolom\u00e9\" >San Bartolom\u00e9<\/option><option value=\"San Crist\u00f3bal y Nieves\" >San Crist\u00f3bal y Nieves<\/option><option value=\"San Marino\" >San Marino<\/option><option value=\"San Mart\u00edn (parte francesa)\" >San Mart\u00edn (parte francesa)<\/option><option value=\"San Pedro y Miquel\u00f3n\" >San Pedro y Miquel\u00f3n<\/option><option value=\"San Vicente y las Granadinas\" >San Vicente y las Granadinas<\/option><option value=\"Santa Elena\" >Santa Elena<\/option><option value=\"Santa Luc\u00eda\" >Santa Luc\u00eda<\/option><option value=\"Santa Sede (Ciudad del Vaticano)\" >Santa Sede (Ciudad del Vaticano)<\/option><option value=\"Senegal\" >Senegal<\/option><option value=\"Serbia\" >Serbia<\/option><option value=\"Seychelles\" >Seychelles<\/option><option value=\"Sierra Leona\" >Sierra Leona<\/option><option value=\"Singapur\" >Singapur<\/option><option value=\"Siria, Rep\u00fablica \u00c1rabe de\" >Siria, Rep\u00fablica \u00c1rabe de<\/option><option value=\"Somalia\" >Somalia<\/option><option value=\"Sri Lanka\" >Sri Lanka<\/option><option value=\"Sud\u00e1frica\" >Sud\u00e1frica<\/option><option value=\"Sud\u00e1n\" >Sud\u00e1n<\/option><option value=\"Sud\u00e1n del Sur\" >Sud\u00e1n del Sur<\/option><option value=\"Suecia\" >Suecia<\/option><option value=\"Suiza\" >Suiza<\/option><option value=\"Surinam\" >Surinam<\/option><option value=\"Tailandia\" >Tailandia<\/option><option value=\"Taiw\u00e1n\" >Taiw\u00e1n<\/option><option value=\"Tayikist\u00e1n\" >Tayikist\u00e1n<\/option><option value=\"Tanzania, Rep\u00fablica Unida de\" >Tanzania, Rep\u00fablica Unida de<\/option><option value=\"Timor Oriental\" >Timor Oriental<\/option><option value=\"Togo\" >Togo<\/option><option value=\"Tokelau\" >Tokelau<\/option><option value=\"Tonga\" >Tonga<\/option><option value=\"Trinidad y Tobago\" >Trinidad y Tobago<\/option><option value=\"T\u00fanez\" >T\u00fanez<\/option><option value=\"Turkmenist\u00e1n\" >Turkmenist\u00e1n<\/option><option value=\"Turqu\u00eda\" >Turqu\u00eda<\/option><option value=\"Tuvalu\" >Tuvalu<\/option><option value=\"Ucrania\" >Ucrania<\/option><option value=\"Uganda\" >Uganda<\/option><option value=\"Uruguay\" >Uruguay<\/option><option value=\"Uzbekist\u00e1n\" >Uzbekist\u00e1n<\/option><option value=\"Vanuatu\" >Vanuatu<\/option><option value=\"Venezuela, Rep\u00fablica Bolivariana de\" >Venezuela, Rep\u00fablica Bolivariana de<\/option><option value=\"Vietnam\" >Vietnam<\/option><option value=\"Wallis y Futuna\" >Wallis y Futuna<\/option><option value=\"Yemen\" >Yemen<\/option><option value=\"Zambia\" >Zambia<\/option><option value=\"Zimbabue\" >Zimbabue<\/option><\/select><\/div><\/div><div  class=\"um-field um-field-block  um-field-block um-field-type_block\" data-key=\"um_block_5729_6\"><div class=\"n_privacidade\">Para m\u00e1s informaci\u00f3n, consulta nuestra <a href=\"https:\/\/arvielectric.com\/es\/politica-de-privacidad\/\" target=\"_blank\">Pol\u00edtica de Privacidad<\/a>.<\/div><\/div><\/div><\/div>\n<!-- This file should primarily consist of HTML with a little bit of PHP. -->\n<div class=\"um-field um-field-type_terms_conditions\" data-key=\"use_terms_conditions_agreement\" style=\"display:block;padding:0;\">\n\t<div class=\"um-field-area\">\n\t\t<div class=\"um-gdpr-content\" style=\"display:none;\">\n\t\t\t\t\t<\/div>\n\t\t<a href=\"javascript:void(0);\" class=\"um-toggle-gdpr\" data-toggle-state=\"hidden\"\n\t\t\tdata-toggle-show=\"Show privacy policy\"\n\t\t\tdata-toggle-hide=\"Hide privacy policy\">\n\t\t\tShow privacy policy\t\t<\/a>\n\t<\/div>\n\t<div class=\"um-field-area\">\n\t\t<label class=\"um-field-checkbox\">\n\t\t\t<input type=\"checkbox\" name=\"use_gdpr_agreement\" value=\"1\">\n\t\t\t<span class=\"um-field-checkbox-state\"><i class=\"um-icon-android-checkbox-outline-blank\"><\/i><\/span>\n\t\t\t<span class=\"um-field-checkbox-option\">Al registrar mi cuenta, acepto el tratamiento de mis datos de acuerdo con la Pol\u00edtica de Privacidad, que he le\u00eddo y acepto.<\/span>\n\t\t<\/label>\n\t\t<div class=\"um-clear\"><\/div>\n\t\t\t\t<div class=\"um-clear\"><\/div>\n\t<\/div>\n<\/div>\n\t<input type=\"hidden\" name=\"form_id\" id=\"form_id_12036\" value=\"12036\" \/>\n\t\t<p class=\"um_request_name\">\n\t\t<label for=\"um_request_12036\">Only fill in if you are not human<\/label>\n\t\t<input type=\"hidden\" name=\"um_request\" id=\"um_request_12036\" class=\"input\" value=\"\" size=\"25\" autocomplete=\"off\" \/>\n\t<\/p>\n\t\t\t<div id=\"cf-turnstile-3245966786\"\r\n\t\tclass=\"cf-turnstile\" \t\tdata-sitekey=\"0x4AAAAAAAflQOJptj6olemG\"\r\n\t\tdata-theme=\"light\"\r\n\t\tdata-language=\"auto\"\r\n\t\tdata-size=\"normal\"\r\n\t\tdata-retry=\"auto\" data-retry-interval=\"1000\"\r\n\t\tdata-action=\"ultimate-member\"\r\n\t\t\t\tdata-appearance=\"always\"><\/div>\r\n\t\t\t<script>document.addEventListener(\"DOMContentLoaded\", function() { setTimeout(function(){ var e=document.getElementById(\"cf-turnstile-3245966786\"); e&&!e.innerHTML.trim()&&(turnstile.remove(\"#cf-turnstile-3245966786\"), turnstile.render(\"#cf-turnstile-3245966786\", {sitekey:\"0x4AAAAAAAflQOJptj6olemG\"})); }, 0); });<\/script>\r\n\t\t\t<br class=\"cf-turnstile-br cf-turnstile-br-3245966786\">\r\n\t\t\t\t<style>#cf-turnstile-3245966786 { margin-left: -15px; }<\/style>\r\n\t\t<input type=\"hidden\" id=\"_wpnonce\" name=\"_wpnonce\" value=\"e3d0459326\" \/><input type=\"hidden\" name=\"_wp_http_referer\" value=\"\/es\/wp-json\/wp\/v2\/pages\/12050\" \/>\n\t<div class=\"um-col-alt\">\n\n\t\t\n\t\t\t<div class=\"um-left um-half\">\n\t\t\t\t<input type=\"submit\" value=\"Registar\" class=\"um-button\" id=\"um-submit-btn\" \/>\n\t\t\t<\/div>\n\t\t\t<div class=\"um-right um-half\">\n\t\t\t\t<a href=\"https:\/\/arvielectric.com\/es\/login\/\" class=\"um-button um-alt\">\n\t\t\t\t\tAcceder\t\t\t\t<\/a>\n\t\t\t<\/div>\n\n\t\t\n\t\t<div class=\"um-clear\"><\/div>\n\n\t<\/div>\n\n\t\t\t<\/form>\n\t<\/div>\n<\/div>\n<style>\n\t\t\t.um-12036.um {\n\t\t\tmax-width: 450px;\n\t\t}\n\t\t\t\t.um-12036.um {\n\t\t\tmargin-left: 0px !important;\n\t\t}\n\t<\/style>\n\t<\/div>\n\t\t\t\t\t\t<\/div>\n\t\t\t\t\t<\/div>\n\t\t\t\t<\/div>\n\t\t\t\t<\/div>\n\t\t","protected":false},"excerpt":{"rendered":"","protected":false},"author":1,"featured_media":0,"parent":0,"menu_order":0,"comment_status":"closed","ping_status":"closed","template":"","meta":{"_acf_changed":false,"_seopress_robots_primary_cat":"","_seopress_titles_title":"","_seopress_titles_desc":"","_seopress_robots_index":"yes","footnotes":""},"class_list":["post-12050","page","type-page","status-publish","hentry"],"acf":[],"_links":{"self":[{"href":"https:\/\/arvielectric.com\/es\/wp-json\/wp\/v2\/pages\/12050","targetHints":{"allow":["GET"]}}],"collection":[{"href":"https:\/\/arvielectric.com\/es\/wp-json\/wp\/v2\/pages"}],"about":[{"href":"https:\/\/arvielectric.com\/es\/wp-json\/wp\/v2\/types\/page"}],"author":[{"embeddable":true,"href":"https:\/\/arvielectric.com\/es\/wp-json\/wp\/v2\/users\/1"}],"replies":[{"embeddable":true,"href":"https:\/\/arvielectric.com\/es\/wp-json\/wp\/v2\/comments?post=12050"}],"version-history":[{"count":12,"href":"https:\/\/arvielectric.com\/es\/wp-json\/wp\/v2\/pages\/12050\/revisions"}],"predecessor-version":[{"id":13906,"href":"https:\/\/arvielectric.com\/es\/wp-json\/wp\/v2\/pages\/12050\/revisions\/13906"}],"wp:attachment":[{"href":"https:\/\/arvielectric.com\/es\/wp-json\/wp\/v2\/media?parent=12050"}],"curies":[{"name":"wp","href":"https:\/\/api.w.org\/{rel}","templated":true}]}}