{"id":12705,"date":"2019-09-06T15:04:20","date_gmt":"2019-09-06T14:04:20","guid":{"rendered":"https:\/\/arvielectric.com\/termos-e-condicoes\/"},"modified":"2025-06-02T15:27:23","modified_gmt":"2025-06-02T14:27:23","slug":"terminos-y-condiciones","status":"publish","type":"page","link":"https:\/\/arvielectric.com\/es\/terminos-y-condiciones\/","title":{"rendered":"T\u00e9rminos y Condiciones"},"content":{"rendered":"\t\t<div data-elementor-type=\"wp-page\" data-elementor-id=\"12705\" class=\"elementor elementor-12705 elementor-2583\" data-elementor-post-type=\"page\">\n\t\t\t\t<div class=\"elementor-element elementor-element-a72792a e-con-full e-flex e-con e-parent\" data-id=\"a72792a\" data-element_type=\"container\">\n\t\t\t\t<div class=\"elementor-element elementor-element-e63edf4 elementor-widget elementor-widget-template\" data-id=\"e63edf4\" data-element_type=\"widget\" data-widget_type=\"template.default\">\n\t\t\t\t<div class=\"elementor-widget-container\">\n\t\t\t\t\t\t\t<div class=\"elementor-template\">\n\t\t\t\t\t<div data-elementor-type=\"container\" data-elementor-id=\"13639\" class=\"elementor elementor-13639 elementor-5964\" data-elementor-post-type=\"elementor_library\">\n\t\t\t\t<div class=\"elementor-element elementor-element-3ece3bd6 e-flex e-con-boxed e-con e-parent\" data-id=\"3ece3bd6\" data-element_type=\"container\" data-settings=\"{&quot;background_background&quot;:&quot;classic&quot;}\">\n\t\t\t\t\t<div class=\"e-con-inner\">\n\t\t\t\t<div class=\"elementor-element elementor-element-411eaac elementor-widget elementor-widget-woocommerce-breadcrumb\" data-id=\"411eaac\" data-element_type=\"widget\" data-widget_type=\"woocommerce-breadcrumb.default\">\n\t\t\t\t\t<nav class=\"woocommerce-breadcrumb\" aria-label=\"Breadcrumb\">Inicio<\/nav>\t\t\t\t<\/div>\n\t\t\t\t\t<\/div>\n\t\t\t\t<\/div>\n\t\t\t\t<\/div>\n\t\t\t\t<\/div>\n\t\t\t\t\t\t<\/div>\n\t\t\t\t<\/div>\n\t\t\t\t<\/div>\n\t\t<div class=\"elementor-element elementor-element-1c6f831 e-flex e-con-boxed e-con e-parent\" data-id=\"1c6f831\" data-element_type=\"container\">\n\t\t\t\t\t<div class=\"e-con-inner\">\n\t\t\t\t<div class=\"elementor-element elementor-element-11d749e elementor-widget elementor-widget-text-editor\" data-id=\"11d749e\" data-element_type=\"widget\" data-widget_type=\"text-editor.default\">\n\t\t\t\t\t\t\t\t\t<h4 data-start=\"162\" data-end=\"187\"><strong data-start=\"162\" data-end=\"187\">Condiciones Generales<\/strong><\/h4>\n<p data-start=\"189\" data-end=\"427\">Estos T\u00e9rminos y Condiciones regulan el uso del sitio web de Arvi, accesible desde la direcci\u00f3n <a class=\"\" href=\"http:\/\/www.arvielectric.com\" target=\"_new\" rel=\"noopener\" data-start=\"285\" data-end=\"305\">www.arvielectric.com<\/a>. Te pedimos que leas atentamente nuestros T\u00e9rminos y Condiciones. Al utilizar nuestro sitio web, aceptas dichos t\u00e9rminos.<\/p>\n\n<h4 data-start=\"429\" data-end=\"477\"><strong data-start=\"429\" data-end=\"477\">Pol\u00edtica de Privacidad \/ Protecci\u00f3n de Datos<\/strong><\/h4>\n<p data-start=\"479\" data-end=\"612\">El tratamiento de los datos personales enviados a trav\u00e9s de nuestro sitio web se realizar\u00e1 conforme a nuestra <a style=\"font-family: -apple-system, BlinkMacSystemFont, 'Segoe UI', Roboto, 'Helvetica Neue', Arial, 'Noto Sans', sans-serif, 'Apple Color Emoji', 'Segoe UI Emoji', 'Segoe UI Symbol', 'Noto Color Emoji';\" href=\"https:\/\/arvielectric.com\/politica-de-privacidad\/\">Pol\u00edtica de Privacidad<\/a><span style=\"font-family: -apple-system, BlinkMacSystemFont, 'Segoe UI', Roboto, 'Helvetica Neue', Arial, 'Noto Sans', sans-serif, 'Apple Color Emoji', 'Segoe UI Emoji', 'Segoe UI Symbol', 'Noto Color Emoji';\">.<\/span><\/p>\n\n<h4 data-start=\"614\" data-end=\"641\"><strong data-start=\"614\" data-end=\"641\">Contenido del Sitio Web<\/strong><\/h4>\n<p data-start=\"643\" data-end=\"1198\">La informaci\u00f3n contenida en el sitio web \u2014incluyendo im\u00e1genes, archivos de texto, v\u00eddeos y dem\u00e1s contenidos, as\u00ed como su organizaci\u00f3n y dise\u00f1o\u2014 est\u00e1 protegida por derechos de autor conforme a la legislaci\u00f3n portuguesa y de la Uni\u00f3n Europea. El sitio web, ya sea total o parcialmente, no puede ser copiado, distribuido, modificado ni publicado en otros sitios sin el consentimiento previo y por escrito de Arvi. Aunque Arvi se esfuerza por garantizar que la informaci\u00f3n del sitio web est\u00e9 actualizada y sea precisa, no se responsabiliza si esta no lo es.<\/p>\n\n<h4 data-start=\"1200\" data-end=\"1214\"><strong data-start=\"1200\" data-end=\"1214\">Newsletter<\/strong><\/h4>\n<p data-start=\"1216\" data-end=\"1505\">Cualquier usuario puede suscribirse a la newsletter a trav\u00e9s del sitio web de Arvi. La suscripci\u00f3n se basa en la aceptaci\u00f3n de la Pol\u00edtica de Privacidad de Arvi. Puedes cancelar tu suscripci\u00f3n en cualquier momento utilizando la opci\u00f3n correspondiente incluida en la newsletter que recibas.<\/p>\n\n<h4 data-start=\"1507\" data-end=\"1537\"><strong data-start=\"1507\" data-end=\"1537\">Enlaces a P\u00e1ginas Externas<\/strong><\/h4>\n<p data-start=\"1539\" data-end=\"1682\">Arvi proporciona enlaces a p\u00e1ginas externas, como la plataforma de comercio electr\u00f3nico My.Argon, cuya gesti\u00f3n es responsabilidad de Argon Lda.<\/p>\n\n<h4 data-start=\"1684\" data-end=\"1695\"><strong data-start=\"1684\" data-end=\"1695\">Cookies<\/strong><\/h4>\n<p data-start=\"1697\" data-end=\"2339\">El sitio web de Arvi utiliza cookies, incluidas cookies de sesi\u00f3n y cookies anal\u00edticas (no permanentes). Las cookies de sesi\u00f3n son temporales y sirven para identificar problemas de navegaci\u00f3n, mejorando la experiencia del usuario. Las cookies anal\u00edticas permiten a Arvi analizar el comportamiento de los usuarios durante la navegaci\u00f3n en el sitio, facilitando el desarrollo de funcionalidades y la detecci\u00f3n de errores. Las cookies se tratan de forma an\u00f3nima con fines estad\u00edsticos, sin procesar datos personales. Puedes gestionar tus cookies desde la configuraci\u00f3n de tu navegador, donde puedes aceptarlas, rechazarlas o eliminarlas.<\/p>\n\n<h4 data-start=\"2341\" data-end=\"2368\"><strong data-start=\"2341\" data-end=\"2368\">Actualizaciones Legales<\/strong><\/h4>\n<p data-start=\"2370\" data-end=\"2456\">Arvi se reserva el derecho de modificar estos T\u00e9rminos y Condiciones sin previo aviso.<\/p>\n\n<h4 data-start=\"2458\" data-end=\"2470\"><strong data-start=\"2458\" data-end=\"2470\">Contacto<\/strong><\/h4>\n<p data-start=\"2472\" data-end=\"2671\">Si tienes alguna duda sobre estos T\u00e9rminos y Condiciones, puedes enviarla por correo postal a: Rua No\u00e9 Pereira, 473, 4510-706 Gondomar, Portugal o por correo electr\u00f3nico a: <a style=\"font-family: -apple-system, BlinkMacSystemFont, 'Segoe UI', Roboto, 'Helvetica Neue', Arial, 'Noto Sans', sans-serif, 'Apple Color Emoji', 'Segoe UI Emoji', 'Segoe UI Symbol', 'Noto Color Emoji';\" href=\"mailto:info@arvielectric.com\">info@arvielectric.com<\/a><span style=\"font-family: -apple-system, BlinkMacSystemFont, 'Segoe UI', Roboto, 'Helvetica Neue', Arial, 'Noto Sans', sans-serif, 'Apple Color Emoji', 'Segoe UI Emoji', 'Segoe UI Symbol', 'Noto Color Emoji';\">.<\/span><\/p>\n<p data-start=\"2673\" data-end=\"2721\"><strong>Fecha de la \u00faltima actualizaci\u00f3n: 22\/10\/2024<\/strong><\/p>\t\t\t\t\t\t\t\t<\/div>\n\t\t\t\t\t<\/div>\n\t\t\t\t<\/div>\n\t\t\t\t<\/div>\n\t\t","protected":false},"excerpt":{"rendered":"<p>Condiciones Generales Estos T\u00e9rminos y Condiciones regulan el uso del sitio web de Arvi, accesible desde la direcci\u00f3n www.arvielectric.com. Te pedimos que leas atentamente nuestros T\u00e9rminos y Condiciones. Al utilizar nuestro sitio web, aceptas dichos t\u00e9rminos. Pol\u00edtica de Privacidad \/ Protecci\u00f3n de Datos El tratamiento de los datos personales enviados a trav\u00e9s de nuestro sitio [&hellip;]<\/p>\n","protected":false},"author":1,"featured_media":0,"parent":0,"menu_order":0,"comment_status":"closed","ping_status":"closed","template":"","meta":{"_acf_changed":false,"_seopress_robots_primary_cat":"","_seopress_titles_title":"T\u00e9rminos y Condiciones - Arvi","_seopress_titles_desc":"Estos T\u00e9rminos y Condiciones regulan el uso del sitio web de Arvi, accesible desde la direcci\u00f3n www.arvielectric.com.","_seopress_robots_index":"","footnotes":""},"class_list":["post-12705","page","type-page","status-publish","hentry"],"acf":[],"_links":{"self":[{"href":"https:\/\/arvielectric.com\/es\/wp-json\/wp\/v2\/pages\/12705","targetHints":{"allow":["GET"]}}],"collection":[{"href":"https:\/\/arvielectric.com\/es\/wp-json\/wp\/v2\/pages"}],"about":[{"href":"https:\/\/arvielectric.com\/es\/wp-json\/wp\/v2\/types\/page"}],"author":[{"embeddable":true,"href":"https:\/\/arvielectric.com\/es\/wp-json\/wp\/v2\/users\/1"}],"replies":[{"embeddable":true,"href":"https:\/\/arvielectric.com\/es\/wp-json\/wp\/v2\/comments?post=12705"}],"version-history":[{"count":11,"href":"https:\/\/arvielectric.com\/es\/wp-json\/wp\/v2\/pages\/12705\/revisions"}],"predecessor-version":[{"id":13928,"href":"https:\/\/arvielectric.com\/es\/wp-json\/wp\/v2\/pages\/12705\/revisions\/13928"}],"wp:attachment":[{"href":"https:\/\/arvielectric.com\/es\/wp-json\/wp\/v2\/media?parent=12705"}],"curies":[{"name":"wp","href":"https:\/\/api.w.org\/{rel}","templated":true}]}}