{"id":12728,"date":"2019-09-06T14:03:31","date_gmt":"2019-09-06T13:03:31","guid":{"rendered":"https:\/\/arvielectric.com\/politica-de-privacidade\/"},"modified":"2025-06-02T15:32:03","modified_gmt":"2025-06-02T14:32:03","slug":"politica-de-privacidad","status":"publish","type":"page","link":"https:\/\/arvielectric.com\/es\/politica-de-privacidad\/","title":{"rendered":"Pol\u00edtica de Privacidad"},"content":{"rendered":"\t\t<div data-elementor-type=\"wp-page\" data-elementor-id=\"12728\" class=\"elementor elementor-12728 elementor-2571\" data-elementor-post-type=\"page\">\n\t\t\t\t<div class=\"elementor-element elementor-element-a31ac04 e-con-full e-flex e-con e-parent\" data-id=\"a31ac04\" data-element_type=\"container\">\n\t\t\t\t<div class=\"elementor-element elementor-element-aca2612 elementor-widget elementor-widget-template\" data-id=\"aca2612\" data-element_type=\"widget\" data-widget_type=\"template.default\">\n\t\t\t\t<div class=\"elementor-widget-container\">\n\t\t\t\t\t\t\t<div class=\"elementor-template\">\n\t\t\t\t\t<div data-elementor-type=\"container\" data-elementor-id=\"13639\" class=\"elementor elementor-13639 elementor-5964\" data-elementor-post-type=\"elementor_library\">\n\t\t\t\t<div class=\"elementor-element elementor-element-3ece3bd6 e-flex e-con-boxed e-con e-parent\" data-id=\"3ece3bd6\" data-element_type=\"container\" data-settings=\"{&quot;background_background&quot;:&quot;classic&quot;}\">\n\t\t\t\t\t<div class=\"e-con-inner\">\n\t\t\t\t<div class=\"elementor-element elementor-element-411eaac elementor-widget elementor-widget-woocommerce-breadcrumb\" data-id=\"411eaac\" data-element_type=\"widget\" data-widget_type=\"woocommerce-breadcrumb.default\">\n\t\t\t\t\t<nav class=\"woocommerce-breadcrumb\" aria-label=\"Breadcrumb\">Inicio<\/nav>\t\t\t\t<\/div>\n\t\t\t\t\t<\/div>\n\t\t\t\t<\/div>\n\t\t\t\t<\/div>\n\t\t\t\t<\/div>\n\t\t\t\t\t\t<\/div>\n\t\t\t\t<\/div>\n\t\t\t\t<\/div>\n\t\t<div class=\"elementor-element elementor-element-51cd39d e-flex e-con-boxed e-con e-parent\" data-id=\"51cd39d\" data-element_type=\"container\">\n\t\t\t\t\t<div class=\"e-con-inner\">\n\t\t\t\t<div class=\"elementor-element elementor-element-6dec5e5 elementor-widget elementor-widget-text-editor\" data-id=\"6dec5e5\" data-element_type=\"widget\" data-widget_type=\"text-editor.default\">\n\t\t\t\t\t\t\t\t\t<h4 data-start=\"142\" data-end=\"186\"><strong data-start=\"142\" data-end=\"186\">\u00c1mbito de Nuestra Pol\u00edtica de Privacidad<\/strong><\/h4>\n<p data-start=\"188\" data-end=\"612\">Arvi aplica esta Pol\u00edtica de Privacidad a su sitio web, respetando la privacidad de todos los datos personales recogidos de sus usuarios. A trav\u00e9s de esta Pol\u00edtica, puedes saber c\u00f3mo se recogen, tratan y utilizan tus datos. Arvi se reserva el derecho de actualizar esta Pol\u00edtica de Privacidad en cualquier momento. Te informamos que tus datos no se utilizar\u00e1n para fines distintos de los que se mencionan a continuaci\u00f3n.<\/p>\n<h4 data-start=\"614\" data-end=\"665\"><strong data-start=\"614\" data-end=\"665\">Responsable del Tratamiento de Datos Personales<\/strong><\/h4>\n<p data-start=\"667\" data-end=\"991\">La entidad responsable del tratamiento de tus datos personales es Argon Lda, con NIF 505692325 y sede en Rua No\u00e9 Pereira, 473, 4510-706 F\u00e2nzeres, Gondomar, que determina la finalidad y los medios de tratamiento. Si necesitas m\u00e1s informaci\u00f3n o tienes alguna duda sobre este tema, puedes escribirnos a <a class=\"cursor-pointer\" rel=\"noopener\" data-start=\"969\" data-end=\"990\">info@arvielectric.com<\/a>.<\/p>\n<h4 data-start=\"993\" data-end=\"1041\"><strong data-start=\"993\" data-end=\"1041\">Cu\u00e1ndo y C\u00f3mo Recogemos los Datos Personales<\/strong><\/h4>\n<p data-start=\"1043\" data-end=\"1201\">Tus datos se recogen cuando das tu consentimiento al suscribirte a nuestra newsletter o al rellenar el Formulario de Contacto disponible en nuestro sitio web.<\/p>\n<h4 data-start=\"1203\" data-end=\"1234\"><strong data-start=\"1203\" data-end=\"1234\">Finalidades del Tratamiento<\/strong><\/h4>\n<p data-start=\"1236\" data-end=\"2083\">Los datos recogidos se tratan con el fin de desarrollar relaciones contractuales y divulgar informaci\u00f3n comercial sobre nuestros productos, servicios y campa\u00f1as. No se utilizan fuera de este \u00e1mbito.<br data-start=\"1434\" data-end=\"1437\">Tus datos personales no se usar\u00e1n para fines diferentes a los descritos en esta Pol\u00edtica de Privacidad, salvo que se te informe previamente o, si es necesario, se solicite tu consentimiento.<br data-start=\"1627\" data-end=\"1630\">Las bases legales que legitiman el tratamiento de tus datos personales por parte de Arvi son las siguientes:<br data-start=\"1738\" data-end=\"1741\">a) Tu consentimiento al suscribirte a nuestra newsletter o al utilizar el formulario de contacto;<br data-start=\"1838\" data-end=\"1841\">b) La necesidad de los datos para la ejecuci\u00f3n de un contrato;<br data-start=\"1903\" data-end=\"1906\">c) La necesidad de cumplir con una obligaci\u00f3n legal a la que Arvi est\u00e9 sujeta;<br data-start=\"1984\" data-end=\"1987\">d) El inter\u00e9s leg\u00edtimo de Arvi, siempre que no prevalezcan tus derechos, libertades y garant\u00edas.<\/p>\n<h4 data-start=\"2085\" data-end=\"2134\"><strong data-start=\"2085\" data-end=\"2134\">Plazo de Conservaci\u00f3n de los Datos Personales<\/strong><\/h4>\n<p data-start=\"2136\" data-end=\"2447\">Tus datos ser\u00e1n recogidos y almacenados durante el tiempo necesario para cumplir con las finalidades indicadas, hasta que canceles tu suscripci\u00f3n a la newsletter, solicites la eliminaci\u00f3n de tus datos (por correo electr\u00f3nico), o hasta que Arvi considere que ya no es pertinente conservarlos en su base de datos.<\/p>\n<h4 data-start=\"2449\" data-end=\"2483\"><strong data-start=\"2449\" data-end=\"2483\">Qui\u00e9n Tiene Acceso a los Datos<\/strong><\/h4>\n<p data-start=\"2485\" data-end=\"2614\">Solo Arvi tiene acceso a tus datos, salvo que se solicite tu consentimiento o que sea necesario cumplir con una obligaci\u00f3n legal.<\/p>\n<h4 data-start=\"2616\" data-end=\"2646\"><strong data-start=\"2616\" data-end=\"2646\">D\u00f3nde Se Guardan los Datos<\/strong><\/h4>\n<p data-start=\"2648\" data-end=\"2855\">Tus datos se almacenan en servidores de Arvi ubicados en la Uni\u00f3n Europea, garantizando los mecanismos de seguridad y protecci\u00f3n necesarios para cumplir con la legislaci\u00f3n aplicable en materia de privacidad.<\/p>\n<h4 data-start=\"2857\" data-end=\"2894\"><strong data-start=\"2857\" data-end=\"2894\">Derechos del Titular de los Datos<\/strong><\/h4>\n<p data-start=\"2896\" data-end=\"3631\">De acuerdo con el Reglamento General de Protecci\u00f3n de Datos (RGPD), tienes derecho a solicitar a Arvi el acceso a tus datos personales, as\u00ed como su rectificaci\u00f3n, eliminaci\u00f3n, limitaci\u00f3n del tratamiento, oposici\u00f3n al tratamiento, derecho a la portabilidad y a retirar tu consentimiento en cualquier momento, sin que ello afecte a la legalidad del tratamiento realizado antes de la retirada. Tambi\u00e9n tienes derecho a presentar una reclamaci\u00f3n ante una autoridad de control (CNPD \u2013 Comisi\u00f3n Nacional de Protecci\u00f3n de Datos). Si deseas ejercer cualquiera de tus derechos o simplemente solicitar informaci\u00f3n, env\u00eda tu solicitud a <a class=\"cursor-pointer\" rel=\"noopener\" data-start=\"3526\" data-end=\"3547\">info@arvielectric.com<\/a>. En caso de producirse alguna violaci\u00f3n de tus datos personales, ser\u00e1s informado.<\/p>\n<p data-start=\"3633\" data-end=\"3791\">En Arvi nos tomamos este asunto muy en serio, por eso hemos adoptado medidas internas para garantizar la confidencialidad y seguridad de tus datos personales.<\/p>\n<p data-start=\"3793\" data-end=\"3844\">\u00a1Tu privacidad es muy importante para nosotros!<\/p>\n<p data-start=\"3846\" data-end=\"3894\"><strong>Fecha de la \u00faltima actualizaci\u00f3n: 22\/10\/2024<\/strong><\/p>\t\t\t\t\t\t\t\t<\/div>\n\t\t\t\t\t<\/div>\n\t\t\t\t<\/div>\n\t\t\t\t<\/div>\n\t\t","protected":false},"excerpt":{"rendered":"<p>\u00c1mbito de Nuestra Pol\u00edtica de Privacidad Arvi aplica esta Pol\u00edtica de Privacidad a su sitio web, respetando la privacidad de todos los datos personales recogidos de sus usuarios. A trav\u00e9s de esta Pol\u00edtica, puedes saber c\u00f3mo se recogen, tratan y utilizan tus datos. Arvi se reserva el derecho de actualizar esta Pol\u00edtica de Privacidad en [&hellip;]<\/p>\n","protected":false},"author":1,"featured_media":0,"parent":0,"menu_order":0,"comment_status":"closed","ping_status":"closed","template":"","meta":{"_acf_changed":false,"_seopress_robots_primary_cat":"","_seopress_titles_title":"Pol\u00edtica de Privacidad - Arvi","_seopress_titles_desc":"Arvi aplica esta Pol\u00edtica de Privacidad a su sitio web, respetando la privacidad de todos los datos personales recogidos de sus usuarios.","_seopress_robots_index":"","footnotes":""},"class_list":["post-12728","page","type-page","status-publish","hentry"],"acf":[],"_links":{"self":[{"href":"https:\/\/arvielectric.com\/es\/wp-json\/wp\/v2\/pages\/12728","targetHints":{"allow":["GET"]}}],"collection":[{"href":"https:\/\/arvielectric.com\/es\/wp-json\/wp\/v2\/pages"}],"about":[{"href":"https:\/\/arvielectric.com\/es\/wp-json\/wp\/v2\/types\/page"}],"author":[{"embeddable":true,"href":"https:\/\/arvielectric.com\/es\/wp-json\/wp\/v2\/users\/1"}],"replies":[{"embeddable":true,"href":"https:\/\/arvielectric.com\/es\/wp-json\/wp\/v2\/comments?post=12728"}],"version-history":[{"count":7,"href":"https:\/\/arvielectric.com\/es\/wp-json\/wp\/v2\/pages\/12728\/revisions"}],"predecessor-version":[{"id":13943,"href":"https:\/\/arvielectric.com\/es\/wp-json\/wp\/v2\/pages\/12728\/revisions\/13943"}],"wp:attachment":[{"href":"https:\/\/arvielectric.com\/es\/wp-json\/wp\/v2\/media?parent=12728"}],"curies":[{"name":"wp","href":"https:\/\/api.w.org\/{rel}","templated":true}]}}