{"id":12764,"date":"2025-04-17T17:16:41","date_gmt":"2025-04-17T16:16:41","guid":{"rendered":"https:\/\/arvielectric.com\/contactos\/"},"modified":"2025-06-17T11:39:59","modified_gmt":"2025-06-17T10:39:59","slug":"contactos","status":"publish","type":"page","link":"https:\/\/arvielectric.com\/es\/contactos\/","title":{"rendered":"Contactos"},"content":{"rendered":"\t\t<div data-elementor-type=\"wp-page\" data-elementor-id=\"12764\" class=\"elementor elementor-12764 elementor-5862\" data-elementor-post-type=\"page\">\n\t\t\t\t<div class=\"elementor-element elementor-element-fa9e214 e-con-full e-flex e-con e-parent\" data-id=\"fa9e214\" data-element_type=\"container\">\n\t\t\t\t<div class=\"elementor-element elementor-element-3949bbe elementor-widget elementor-widget-template\" data-id=\"3949bbe\" data-element_type=\"widget\" data-widget_type=\"template.default\">\n\t\t\t\t<div class=\"elementor-widget-container\">\n\t\t\t\t\t\t\t<div class=\"elementor-template\">\n\t\t\t\t\t<div data-elementor-type=\"container\" data-elementor-id=\"13639\" class=\"elementor elementor-13639 elementor-5964\" data-elementor-post-type=\"elementor_library\">\n\t\t\t\t<div class=\"elementor-element elementor-element-3ece3bd6 e-flex e-con-boxed n_Dark e-con e-parent\" data-id=\"3ece3bd6\" data-element_type=\"container\" data-settings=\"{&quot;background_background&quot;:&quot;classic&quot;}\">\n\t\t\t\t\t<div class=\"e-con-inner\">\n\t\t\t\t<div class=\"elementor-element elementor-element-411eaac elementor-widget elementor-widget-woocommerce-breadcrumb\" data-id=\"411eaac\" data-element_type=\"widget\" data-widget_type=\"woocommerce-breadcrumb.default\">\n\t\t\t\t\t<nav class=\"woocommerce-breadcrumb\" aria-label=\"Breadcrumb\">Inicio<\/nav>\t\t\t\t<\/div>\n\t\t\t\t\t<\/div>\n\t\t\t\t<\/div>\n\t\t\t\t<\/div>\n\t\t\t\t<\/div>\n\t\t\t\t\t\t<\/div>\n\t\t\t\t<\/div>\n\t\t\t\t<\/div>\n\t\t<div class=\"elementor-element elementor-element-d190298 e-flex e-con-boxed e-con e-parent\" data-id=\"d190298\" data-element_type=\"container\" data-settings=\"{&quot;background_background&quot;:&quot;classic&quot;}\">\n\t\t\t\t\t<div class=\"e-con-inner\">\n\t\t<div class=\"elementor-element elementor-element-d488ec0 e-con-full e-flex e-con e-child\" data-id=\"d488ec0\" data-element_type=\"container\">\n\t\t<div class=\"elementor-element elementor-element-855507d e-con-full e-flex e-con e-child\" data-id=\"855507d\" data-element_type=\"container\">\n\t\t\t\t<div class=\"elementor-element elementor-element-1471e8f elementor-widget elementor-widget-heading\" data-id=\"1471e8f\" data-element_type=\"widget\" data-widget_type=\"heading.default\">\n\t\t\t\t\t<h4 class=\"elementor-heading-title elementor-size-default\">Direcci\u00f3n<\/h4>\t\t\t\t<\/div>\n\t\t\t\t<div class=\"elementor-element elementor-element-a558a00 elementor-widget elementor-widget-heading\" data-id=\"a558a00\" data-element_type=\"widget\" data-widget_type=\"heading.default\">\n\t\t\t\t\t<h5 class=\"elementor-heading-title elementor-size-default\">Rua No\u00e9 Pereira n\u00ba473<br\/>\n4510-706 Gondomar<br\/>\nPortugal\n<\/h5>\t\t\t\t<\/div>\n\t\t\t\t<div class=\"elementor-element elementor-element-168e248 elementor-widget elementor-widget-heading\" data-id=\"168e248\" data-element_type=\"widget\" data-widget_type=\"heading.default\">\n\t\t\t\t\t<h6 class=\"elementor-heading-title elementor-size-default\"><a href=\"https:\/\/goo.gl\/maps\/TSCEW6vjZVgjanVr9\" target=\"_blank\">Ver direcciones<\/a><\/h6>\t\t\t\t<\/div>\n\t\t\t\t<\/div>\n\t\t<div class=\"elementor-element elementor-element-6dfd1b6 e-con-full e-flex e-con e-child\" data-id=\"6dfd1b6\" data-element_type=\"container\">\n\t\t\t\t<div class=\"elementor-element elementor-element-c826c63 elementor-widget elementor-widget-heading\" data-id=\"c826c63\" data-element_type=\"widget\" data-widget_type=\"heading.default\">\n\t\t\t\t\t<h4 class=\"elementor-heading-title elementor-size-default\">Contacto Telef\u00f3nico<\/h4>\t\t\t\t<\/div>\n\t\t\t\t<div class=\"elementor-element elementor-element-fe7a443 elementor-widget elementor-widget-heading\" data-id=\"fe7a443\" data-element_type=\"widget\" data-widget_type=\"heading.default\">\n\t\t\t\t\t<h5 class=\"elementor-heading-title elementor-size-default\">+351 224 664 200\n<\/h5>\t\t\t\t<\/div>\n\t\t<div class=\"elementor-element elementor-element-618ad50 e-con-full e-flex e-con e-child\" data-id=\"618ad50\" data-element_type=\"container\">\n\t\t\t\t<div class=\"elementor-element elementor-element-f04e011 elementor-widget elementor-widget-heading\" data-id=\"f04e011\" data-element_type=\"widget\" data-widget_type=\"heading.default\">\n\t\t\t\t\t<h4 class=\"elementor-heading-title elementor-size-default\">Correo Electr\u00f3nico<\/h4>\t\t\t\t<\/div>\n\t\t\t\t<div class=\"elementor-element elementor-element-f38950c elementor-widget elementor-widget-heading\" data-id=\"f38950c\" data-element_type=\"widget\" data-widget_type=\"heading.default\">\n\t\t\t\t\t<h5 class=\"elementor-heading-title elementor-size-default\">info@arvielectric.com\n<\/h5>\t\t\t\t<\/div>\n\t\t\t\t<\/div>\n\t\t\t\t<\/div>\n\t\t\t\t<\/div>\n\t\t\t\t\t<\/div>\n\t\t\t\t<\/div>\n\t\t<div class=\"elementor-element elementor-element-7b3471f e-flex e-con-boxed e-con e-parent\" data-id=\"7b3471f\" data-element_type=\"container\" data-settings=\"{&quot;background_background&quot;:&quot;classic&quot;}\">\n\t\t\t\t\t<div class=\"e-con-inner\">\n\t\t<div class=\"elementor-element elementor-element-5e6c72a e-con-full e-flex e-con e-child\" data-id=\"5e6c72a\" data-element_type=\"container\">\n\t\t<div class=\"elementor-element elementor-element-e3137db e-con-full e-flex e-con e-child\" data-id=\"e3137db\" data-element_type=\"container\">\n\t\t\t\t<div class=\"elementor-element elementor-element-13350b5 elementor-widget elementor-widget-heading\" data-id=\"13350b5\" data-element_type=\"widget\" data-widget_type=\"heading.default\">\n\t\t\t\t\t<h3 class=\"elementor-heading-title elementor-size-default\">Habla con nosotros<\/h3>\t\t\t\t<\/div>\n\t\t\t\t<div class=\"elementor-element elementor-element-0203cfe elementor-widget elementor-widget-heading\" data-id=\"0203cfe\" data-element_type=\"widget\" data-widget_type=\"heading.default\">\n\t\t\t\t\t<h3 class=\"elementor-heading-title elementor-size-default\">Tu opini\u00f3n es fundamental para mejorar nuestra actividad y servicio.<\/h3>\t\t\t\t<\/div>\n\t\t\t\t<\/div>\n\t\t<div class=\"elementor-element elementor-element-721d66c e-con-full e-flex e-con e-child\" data-id=\"721d66c\" data-element_type=\"container\">\n\t\t\t\t<div class=\"elementor-element elementor-element-85dce32 n_form_white elementor-widget elementor-widget-html\" data-id=\"85dce32\" data-element_type=\"widget\" data-widget_type=\"html.default\">\n\t\t\t\t\t<div data-form-id='5a2a8c19-a825-f011-8c4e-7c1e5234dc3d' data-form-api-url='https:\/\/public-eur.mkt.dynamics.com\/api\/v1.0\/orgs\/6b5c47be-98ba-ee11-9073-000d3ab39a52\/landingpageforms' data-cached-form-url='https:\/\/assets-eur.mkt.dynamics.com\/6b5c47be-98ba-ee11-9073-000d3ab39a52\/digitalassets\/forms\/5a2a8c19-a825-f011-8c4e-7c1e5234dc3d' ><\/div>\n<script src = 'https:\/\/cxppusa1formui01cdnsa01-endpoint.azureedge.net\/eur\/FormLoader\/FormLoader.bundle.js' ><\/script>\t\t\t\t<\/div>\n\t\t\t\t<\/div>\n\t\t\t\t<\/div>\n\t\t\t\t\t<\/div>\n\t\t\t\t<\/div>\n\t\t<div class=\"elementor-element elementor-element-935614e e-con-full e-flex e-con e-parent\" data-id=\"935614e\" data-element_type=\"container\">\n\t\t\t\t<div class=\"elementor-element elementor-element-552a694 elementor-widget elementor-widget-qi_addons_for_elementor_premium_google_map\" data-id=\"552a694\" data-element_type=\"widget\" data-widget_type=\"qi_addons_for_elementor_premium_google_map.default\">\n\t\t\t\t<div class=\"elementor-widget-container\">\n\t\t\t\t\t<div class=\"qodef-shortcode qodef-m qodef-qi-google-map qodef--has-key\">\n\t<div class=\"qodef-m-map\" id=\"qodef-map-id--259\" data-addresses='[\"&lt;b&gt;Arvi Electric&lt;\/b&gt;&lt;br&gt;Rua No\u00e9 Pereira 473&lt;br\/&gt; 4510-706 Gondomar\"]' data-pin=https:\/\/arvielectric.com\/wp-content\/uploads\/2025\/06\/maps-and-flags-1.png data-unique-id=259 data-height=450 data-zoom=12 data-style=[{\"featureType\":\"water\",\"elementType\":\"geometry\",\"stylers\":[{\"color\":\"#e9e9e9\"},{\"lightness\":17}]},{\"featureType\":\"landscape\",\"elementType\":\"geometry\",\"stylers\":[{\"color\":\"#f5f5f5\"},{\"lightness\":20}]},{\"featureType\":\"road.highway\",\"elementType\":\"geometry.fill\",\"stylers\":[{\"color\":\"#ffffff\"},{\"lightness\":17}]},{\"featureType\":\"road.highway\",\"elementType\":\"geometry.stroke\",\"stylers\":[{\"color\":\"#ffffff\"},{\"lightness\":29},{\"weight\":0.2}]},{\"featureType\":\"road.arterial\",\"elementType\":\"geometry\",\"stylers\":[{\"color\":\"#ffffff\"},{\"lightness\":18}]},{\"featureType\":\"road.local\",\"elementType\":\"geometry\",\"stylers\":[{\"color\":\"#ffffff\"},{\"lightness\":16}]},{\"featureType\":\"poi\",\"elementType\":\"geometry\",\"stylers\":[{\"color\":\"#f5f5f5\"},{\"lightness\":21}]},{\"featureType\":\"poi.park\",\"elementType\":\"geometry\",\"stylers\":[{\"color\":\"#dedede\"},{\"lightness\":21}]},{\"elementType\":\"labels.text.stroke\",\"stylers\":[{\"visibility\":\"on\"},{\"color\":\"#ffffff\"},{\"lightness\":16}]},{\"elementType\":\"labels.text.fill\",\"stylers\":[{\"saturation\":36},{\"color\":\"#333333\"},{\"lightness\":40}]},{\"elementType\":\"labels.icon\",\"stylers\":[{\"visibility\":\"off\"}]},{\"featureType\":\"transit\",\"elementType\":\"geometry\",\"stylers\":[{\"color\":\"#f2f2f2\"},{\"lightness\":19}]},{\"featureType\":\"administrative\",\"elementType\":\"geometry.fill\",\"stylers\":[{\"color\":\"#fefefe\"},{\"lightness\":20}]},{\"featureType\":\"administrative\",\"elementType\":\"geometry.stroke\",\"stylers\":[{\"color\":\"#fefefe\"},{\"lightness\":17},{\"weight\":1.2}]}] data-map-type=yes data-map-full-screen=yes data-map-drag=yes data-map-scroll=no><\/div>\n<\/div>\n\t\t\t\t<\/div>\n\t\t\t\t<\/div>\n\t\t\t\t<\/div>\n\t\t\t\t<\/div>\n\t\t","protected":false},"excerpt":{"rendered":"<p>Direcci\u00f3n Rua No\u00e9 Pereira n\u00ba473 4510-706 Gondomar Portugal Ver direcciones Contacto Telef\u00f3nico +351 224 664 200 Correo Electr\u00f3nico info@arvielectric.com Habla con nosotros Tu opini\u00f3n es fundamental para mejorar nuestra actividad y servicio.<\/p>\n","protected":false},"author":1,"featured_media":0,"parent":0,"menu_order":0,"comment_status":"closed","ping_status":"closed","template":"","meta":{"_acf_changed":false,"_seopress_robots_primary_cat":"","_seopress_titles_title":"Contactos - Arvi","_seopress_titles_desc":"Habla con nosotros. Tu opini\u00f3n es fundamental para mejorar nuestra actividad y servicio.","_seopress_robots_index":"","footnotes":""},"class_list":["post-12764","page","type-page","status-publish","hentry"],"acf":[],"_links":{"self":[{"href":"https:\/\/arvielectric.com\/es\/wp-json\/wp\/v2\/pages\/12764","targetHints":{"allow":["GET"]}}],"collection":[{"href":"https:\/\/arvielectric.com\/es\/wp-json\/wp\/v2\/pages"}],"about":[{"href":"https:\/\/arvielectric.com\/es\/wp-json\/wp\/v2\/types\/page"}],"author":[{"embeddable":true,"href":"https:\/\/arvielectric.com\/es\/wp-json\/wp\/v2\/users\/1"}],"replies":[{"embeddable":true,"href":"https:\/\/arvielectric.com\/es\/wp-json\/wp\/v2\/comments?post=12764"}],"version-history":[{"count":33,"href":"https:\/\/arvielectric.com\/es\/wp-json\/wp\/v2\/pages\/12764\/revisions"}],"predecessor-version":[{"id":14647,"href":"https:\/\/arvielectric.com\/es\/wp-json\/wp\/v2\/pages\/12764\/revisions\/14647"}],"wp:attachment":[{"href":"https:\/\/arvielectric.com\/es\/wp-json\/wp\/v2\/media?parent=12764"}],"curies":[{"name":"wp","href":"https:\/\/api.w.org\/{rel}","templated":true}]}}