{"id":12794,"date":"2025-05-30T20:17:21","date_gmt":"2025-05-30T19:17:21","guid":{"rendered":"https:\/\/arvielectric.com\/marca\/"},"modified":"2025-06-13T11:53:29","modified_gmt":"2025-06-13T10:53:29","slug":"marca","status":"publish","type":"page","link":"https:\/\/arvielectric.com\/es\/marca\/","title":{"rendered":"Marca"},"content":{"rendered":"\t\t<div data-elementor-type=\"wp-page\" data-elementor-id=\"12794\" class=\"elementor elementor-12794 elementor-12770\" data-elementor-post-type=\"page\">\n\t\t\t\t<div class=\"elementor-element elementor-element-4526348 e-con-full e-flex e-con e-parent\" data-id=\"4526348\" data-element_type=\"container\">\n\t\t\t\t<div class=\"elementor-element elementor-element-84e8123 elementor-widget elementor-widget-template\" data-id=\"84e8123\" data-element_type=\"widget\" data-widget_type=\"template.default\">\n\t\t\t\t<div class=\"elementor-widget-container\">\n\t\t\t\t\t\t\t<div class=\"elementor-template\">\n\t\t\t\t\t<div data-elementor-type=\"container\" data-elementor-id=\"13639\" class=\"elementor elementor-13639 elementor-5964\" data-elementor-post-type=\"elementor_library\">\n\t\t\t\t<div class=\"elementor-element elementor-element-3ece3bd6 e-flex e-con-boxed n_Dark e-con e-parent\" data-id=\"3ece3bd6\" data-element_type=\"container\" data-settings=\"{&quot;background_background&quot;:&quot;classic&quot;}\">\n\t\t\t\t\t<div class=\"e-con-inner\">\n\t\t\t\t<div class=\"elementor-element elementor-element-411eaac elementor-widget elementor-widget-woocommerce-breadcrumb\" data-id=\"411eaac\" data-element_type=\"widget\" data-widget_type=\"woocommerce-breadcrumb.default\">\n\t\t\t\t\t<nav class=\"woocommerce-breadcrumb\" aria-label=\"Breadcrumb\">Inicio<\/nav>\t\t\t\t<\/div>\n\t\t\t\t\t<\/div>\n\t\t\t\t<\/div>\n\t\t\t\t<\/div>\n\t\t\t\t<\/div>\n\t\t\t\t\t\t<\/div>\n\t\t\t\t<\/div>\n\t\t\t\t<\/div>\n\t\t<div class=\"elementor-element elementor-element-759101b e-flex e-con-boxed n_Dark e-con e-parent\" data-id=\"759101b\" data-element_type=\"container\" data-settings=\"{&quot;background_background&quot;:&quot;classic&quot;}\">\n\t\t\t\t\t<div class=\"e-con-inner\">\n\t\t<div class=\"elementor-element elementor-element-06ce68b e-con-full e-flex e-con e-child\" data-id=\"06ce68b\" data-element_type=\"container\">\n\t\t\t\t<div class=\"elementor-element elementor-element-f2c6f50 elementor-widget elementor-widget-heading\" data-id=\"f2c6f50\" data-element_type=\"widget\" data-widget_type=\"heading.default\">\n\t\t\t\t\t<h3 class=\"elementor-heading-title elementor-size-default\">18 a\u00f1os de trabajo y pasi\u00f3n del equipo culminaron en la creaci\u00f3n de Arvi.<\/h3>\t\t\t\t<\/div>\n\t\t\t\t<div class=\"elementor-element elementor-element-1ec8afd elementor-widget elementor-widget-heading\" data-id=\"1ec8afd\" data-element_type=\"widget\" data-widget_type=\"heading.default\">\n\t\t\t\t\t<h3 class=\"elementor-heading-title elementor-size-default\">Somos una marca portuguesa de material el\u00e9ctrico centrada en llevarte lo mejor en conexiones el\u00e9ctricas.\n\n<\/h3>\t\t\t\t<\/div>\n\t\t\t\t<\/div>\n\t\t<div class=\"elementor-element elementor-element-448fe15 e-con-full e-flex e-con e-child\" data-id=\"448fe15\" data-element_type=\"container\">\n\t\t\t\t<div class=\"elementor-element elementor-element-bd63f7c elementor-widget elementor-widget-text-editor\" data-id=\"bd63f7c\" data-element_type=\"widget\" data-widget_type=\"text-editor.default\">\n\t\t\t\t\t\t\t\t\t<p>Fundada en Oporto, Portugal, Arvi fabrica productos de alta calidad.<\/p>\n<p>Contamos con una amplia gama de terminales y uniones de cobre, punteras aisladas y no aisladas, terminales aislados, barras de uni\u00f3n y herramientas.<\/p>\n<p>Nuestro principal objetivo es responder a las necesidades de nuestros clientes, cumpliendo con altos est\u00e1ndares de exigencia.<\/p>\n<p>Todos nuestros productos cumplen con las normativas europeas, puedes consultar todos los certificados en nuestra p\u00e1gina web.<\/p>\n<p>Adem\u00e1s de nuestros productos, aplicamos los valores de nuestra empresa madre, que forman parte de todo lo que hacemos: Respeto, Compromiso y Excelencia.<\/p>\n<p>Con estos valores, nuestro equipo cualificado est\u00e1 preparado para darte todo el apoyo y acompa\u00f1amiento que necesites.<\/p>\n<p>Arvi es una marca registrada de Argon, Lda.<\/p>\t\t\t\t\t\t\t\t<\/div>\n\t\t\t\t<\/div>\n\t\t\t\t\t<\/div>\n\t\t\t\t<\/div>\n\t\t<div class=\"elementor-element elementor-element-76faf70 e-con-full e-flex e-con e-parent\" data-id=\"76faf70\" data-element_type=\"container\" data-settings=\"{&quot;background_background&quot;:&quot;classic&quot;}\">\n\t\t<div class=\"elementor-element elementor-element-043c798 e-con-full e-flex e-con e-child\" data-id=\"043c798\" data-element_type=\"container\" data-settings=\"{&quot;background_background&quot;:&quot;classic&quot;}\">\n\t\t<div class=\"elementor-element elementor-element-9b6b53d e-con-full e-flex e-con e-child\" data-id=\"9b6b53d\" data-element_type=\"container\">\n\t\t\t\t<div class=\"elementor-element elementor-element-e870c0e elementor-widget elementor-widget-heading\" data-id=\"e870c0e\" data-element_type=\"widget\" data-widget_type=\"heading.default\">\n\t\t\t\t\t<h3 class=\"elementor-heading-title elementor-size-default\">Soluciones de Calidad para Cualquier Instalaci\u00f3n<\/h3>\t\t\t\t<\/div>\n\t\t\t\t<div class=\"elementor-element elementor-element-e5cf112 elementor-widget elementor-widget-text-editor\" data-id=\"e5cf112\" data-element_type=\"widget\" data-widget_type=\"text-editor.default\">\n\t\t\t\t\t\t\t\t\t<p>Los productos Arvi son garant\u00eda de calidad y fiabilidad, reforzando la confianza de quienes dise\u00f1an, instalan y distribuyen.<\/p><p>Desarrollamos una amplia gama de consumibles el\u00e9ctricos que siguen el ritmo de quienes trabajan sobre el terreno, asegurando calidad y seguridad en cada instalaci\u00f3n.<\/p><p>Desde terminales de cobre, terminales aislados y no aislados, hasta punteras y herramientas, cada producto est\u00e1 dise\u00f1ado para maximizar el rendimiento de la instalaci\u00f3n.<\/p>\t\t\t\t\t\t\t\t<\/div>\n\t\t\t\t<\/div>\n\t\t<div class=\"elementor-element elementor-element-6a0462c e-con-full e-flex e-con e-child\" data-id=\"6a0462c\" data-element_type=\"container\" data-settings=\"{&quot;background_background&quot;:&quot;classic&quot;}\">\n\t\t\t\t<\/div>\n\t\t\t\t<\/div>\n\t\t\t\t<\/div>\n\t\t<div class=\"elementor-element elementor-element-84ac37b e-flex e-con-boxed e-con e-parent\" data-id=\"84ac37b\" data-element_type=\"container\" data-settings=\"{&quot;background_background&quot;:&quot;classic&quot;}\">\n\t\t\t\t\t<div class=\"e-con-inner\">\n\t\t<div class=\"elementor-element elementor-element-0911c37 e-con-full e-flex e-con e-child\" data-id=\"0911c37\" data-element_type=\"container\">\n\t\t\t\t<div class=\"elementor-element elementor-element-84d11a1 elementor-widget elementor-widget-heading\" data-id=\"84d11a1\" data-element_type=\"widget\" data-widget_type=\"heading.default\">\n\t\t\t\t\t<h2 class=\"elementor-heading-title elementor-size-default\">Productos<\/h2>\t\t\t\t<\/div>\n\t\t\t\t<\/div>\n\t\t<div class=\"elementor-element elementor-element-00d5a11 e-con-full e-flex e-con e-child\" data-id=\"00d5a11\" data-element_type=\"container\">\n\t\t\t\t<div class=\"elementor-element elementor-element-192c593 elementor-widget elementor-widget-heading\" data-id=\"192c593\" data-element_type=\"widget\" data-widget_type=\"heading.default\">\n\t\t\t\t\t<h6 class=\"elementor-heading-title elementor-size-default\">Descubre todas las soluciones de Arvi, dise\u00f1adas para quienes hacen que las cosas pasen.<\/h6>\t\t\t\t<\/div>\n\t\t\t\t<\/div>\n\t\t<div class=\"elementor-element elementor-element-fcbc57c e-con-full e-flex e-con e-child\" data-id=\"fcbc57c\" data-element_type=\"container\">\n\t\t<a class=\"elementor-element elementor-element-f3ea342 e-con-full e-flex e-con e-child\" data-id=\"f3ea342\" data-element_type=\"container\" data-settings=\"{&quot;background_background&quot;:&quot;classic&quot;}\" href=\"https:\/\/arvielectric.com\/es\/productos\/\">\n\t\t\t\t<\/a>\n\t\t\t\t<\/div>\n\t\t\t\t\t<\/div>\n\t\t\t\t<\/div>\n\t\t<div class=\"elementor-element elementor-element-ad542d0 e-con-full e-flex e-con e-parent\" data-id=\"ad542d0\" data-element_type=\"container\" data-settings=\"{&quot;background_background&quot;:&quot;classic&quot;}\">\n\t\t<div class=\"elementor-element elementor-element-b5fa658 e-flex e-con-boxed e-con e-child\" data-id=\"b5fa658\" data-element_type=\"container\">\n\t\t\t\t\t<div class=\"e-con-inner\">\n\t\t\t\t<div class=\"elementor-element elementor-element-85e4cb3 elementor-widget elementor-widget-heading\" data-id=\"85e4cb3\" data-element_type=\"widget\" data-widget_type=\"heading.default\">\n\t\t\t\t\t<h2 class=\"elementor-heading-title elementor-size-default\">A tu lado en cada proyecto<\/h2>\t\t\t\t<\/div>\n\t\t<div class=\"elementor-element elementor-element-43af62e e-con-full e-flex e-con e-child\" data-id=\"43af62e\" data-element_type=\"container\">\n\t\t<div class=\"elementor-element elementor-element-5a63873 e-con-full e-flex e-con e-child\" data-id=\"5a63873\" data-element_type=\"container\">\n\t\t\t\t<div class=\"elementor-element elementor-element-d14f0b9 elementor-widget elementor-widget-text-editor\" data-id=\"d14f0b9\" data-element_type=\"widget\" data-widget_type=\"text-editor.default\">\n\t\t\t\t\t\t\t\t\t<p>Arvi est\u00e1 presente en m\u00faltiples sectores, con soluciones que se adaptan a cada necesidad y responden al ritmo del d\u00eda a d\u00eda.<\/p><p>Nuestra gama de productos est\u00e1 dise\u00f1ada para garantizar eficiencia en cualquier entorno, desde instalaciones el\u00e9ctricas hasta ambientes industriales que requieren conexiones resistentes y gran durabilidad.<\/p>\t\t\t\t\t\t\t\t<\/div>\n\t\t\t\t<\/div>\n\t\t<div class=\"elementor-element elementor-element-6cb785c e-con-full e-flex e-con e-child\" data-id=\"6cb785c\" data-element_type=\"container\" data-settings=\"{&quot;background_background&quot;:&quot;classic&quot;}\">\n\t\t\t\t<div class=\"elementor-element elementor-element-ae6ae02 elementor-widget elementor-widget-text-editor\" data-id=\"ae6ae02\" data-element_type=\"widget\" data-widget_type=\"text-editor.default\">\n\t\t\t\t\t\t\t\t\t<p>Con una fuerte presencia en la construcci\u00f3n, la agroindustria e en instalaciones temporales, Arvi es un aliado vers\u00e1til y flexible.<\/p><p>Nuestra rapidez y fiabilidad nos convierten en la opci\u00f3n ideal para quienes necesitan soluciones pr\u00e1cticas y eficientes para el trabajo diario.<\/p>\t\t\t\t\t\t\t\t<\/div>\n\t\t\t\t<\/div>\n\t\t\t\t<\/div>\n\t\t\t\t\t<\/div>\n\t\t\t\t<\/div>\n\t\t\t\t<\/div>\n\t\t\t\t<\/div>\n\t\t","protected":false},"excerpt":{"rendered":"<p>18 a\u00f1os de trabajo y pasi\u00f3n del equipo culminaron en la creaci\u00f3n de Arvi. Somos una marca portuguesa de material el\u00e9ctrico centrada en llevarte lo mejor en conexiones el\u00e9ctricas. Fundada en Oporto, Portugal, Arvi fabrica productos de alta calidad. Contamos con una amplia gama de terminales y uniones de cobre, punteras aisladas y no aisladas, [&hellip;]<\/p>\n","protected":false},"author":1,"featured_media":0,"parent":0,"menu_order":0,"comment_status":"closed","ping_status":"closed","template":"","meta":{"_acf_changed":false,"_seopress_robots_primary_cat":"","_seopress_titles_title":"Marca - Arvi","_seopress_titles_desc":"18 a\u00f1os de trabajo y pasi\u00f3n del equipo culminaron en la creaci\u00f3n de Arvi. Somos una marca portuguesa de material el\u00e9ctrico enfocada en ofrecerte lo mejor en conexiones el\u00e9ctricas.","_seopress_robots_index":"","footnotes":""},"class_list":["post-12794","page","type-page","status-publish","hentry"],"acf":[],"_links":{"self":[{"href":"https:\/\/arvielectric.com\/es\/wp-json\/wp\/v2\/pages\/12794","targetHints":{"allow":["GET"]}}],"collection":[{"href":"https:\/\/arvielectric.com\/es\/wp-json\/wp\/v2\/pages"}],"about":[{"href":"https:\/\/arvielectric.com\/es\/wp-json\/wp\/v2\/types\/page"}],"author":[{"embeddable":true,"href":"https:\/\/arvielectric.com\/es\/wp-json\/wp\/v2\/users\/1"}],"replies":[{"embeddable":true,"href":"https:\/\/arvielectric.com\/es\/wp-json\/wp\/v2\/comments?post=12794"}],"version-history":[{"count":22,"href":"https:\/\/arvielectric.com\/es\/wp-json\/wp\/v2\/pages\/12794\/revisions"}],"predecessor-version":[{"id":14380,"href":"https:\/\/arvielectric.com\/es\/wp-json\/wp\/v2\/pages\/12794\/revisions\/14380"}],"wp:attachment":[{"href":"https:\/\/arvielectric.com\/es\/wp-json\/wp\/v2\/media?parent=12794"}],"curies":[{"name":"wp","href":"https:\/\/api.w.org\/{rel}","templated":true}]}}