{"id":11274,"date":"2019-06-05T15:59:06","date_gmt":"2019-06-05T14:59:06","guid":{"rendered":"https:\/\/arvielectric.com\/product\/terminal-de-cobre-90\/"},"modified":"2025-05-20T13:51:01","modified_gmt":"2025-05-20T12:51:01","slug":"terminal-de-cobre-de-90","status":"publish","type":"product","link":"https:\/\/arvielectric.com\/es\/producto\/terminal-de-cobre-de-90\/","title":{"rendered":"Terminal de Cobre de 90\u00b0"},"content":{"rendered":"<p>[vc_row css_animation=&#8221;&#8221; row_type=&#8221;row&#8221; use_row_as_full_screen_section=&#8221;no&#8221; type=&#8221;full_width&#8221; angled_section=&#8221;no&#8221; text_align=&#8221;left&#8221; background_image_as_pattern=&#8221;without_pattern&#8221; z_index=&#8221;&#8221;][vc_column width=&#8221;1\/2&#8243;][vc_column_text]<\/p>\n<h5>Descri\u00e7\u00e3o<\/h5>\n<p>[\/vc_column_text][vc_column_text]Terminal fabricado em cobre eletrol\u00edtico com um acabamento estanhado para melhorar o contacto el\u00e9trico. A sua orienta\u00e7\u00e3o espec\u00edfica de 90\u00ba torna-o adequado para instala\u00e7\u00f5es em que a conex\u00e3o precisa de um posicionamento espec\u00edfico.[\/vc_column_text][\/vc_column][vc_column width=&#8221;1\/2&#8243;][vc_column_text]<\/p>\n<h5>Desenho T\u00e9cnico<\/h5>\n<p>[\/vc_column_text][qode_advanced_image_gallery type=&#8221;carousel&#8221; enable_image_shadow=&#8221;yes&#8221; image_behavior=&#8221;lightbox&#8221; space_between_items=&#8221;tiny&#8221; number_of_visible_items=&#8221;1&#8243; slider_loop=&#8221;yes&#8221; slider_autoplay=&#8221;yes&#8221; slider_navigation=&#8221;no&#8221; slider_pagination=&#8221;yes&#8221; images=&#8221;1552&#8243; image_size=&#8221;full&#8221;][qode_accordion style=&#8221;toggle&#8221;][qode_accordion_tab title=&#8221;Downloads&#8221; title_tag=&#8221;h5&#8243; icon_pack=&#8221;font_awesome&#8221; icon=&#8221;fa-angle-down&#8221;][button size=&#8221;small&#8221; icon=&#8221;fa-download&#8221; target=&#8221;_blank&#8221; hover_type=&#8221;default&#8221; text=&#8221;Ficha T\u00e9cnica&#8221; link=&#8221;https:\/\/arvielectric.com\/download\/1719\/&#8221;][button size=&#8221;small&#8221; icon=&#8221;fa-download&#8221; target=&#8221;_blank&#8221; hover_type=&#8221;default&#8221; text=&#8221;Certificado CE&#8221; link=&#8221;https:\/\/arvielectric.com\/download\/1791\/&#8221;][button size=&#8221;small&#8221; icon=&#8221;fa-download&#8221; target=&#8221;_blank&#8221; hover_type=&#8221;default&#8221; text=&#8221;Declara\u00e7\u00e3o de Conformidade&#8221; link=&#8221;https:\/\/arvielectric.com\/download\/2657\/&#8221;][\/qode_accordion_tab][\/qode_accordion][\/vc_column][\/vc_row]<\/p>\n","protected":false},"excerpt":{"rendered":"<p>[vc_row css_animation=&#8221;&#8221; row_type=&#8221;row&#8221; use_row_as_full_screen_section=&#8221;no&#8221; type=&#8221;full_width&#8221; angled_section=&#8221;no&#8221; text_align=&#8221;left&#8221; background_image_as_pattern=&#8221;without_pattern&#8221; z_index=&#8221;&#8221;][vc_column width=&#8221;1\/2&#8243;][vc_column_text] Descri\u00e7\u00e3o [\/vc_column_text][vc_column_text]Terminal fabricado em cobre eletrol\u00edtico com um acabamento estanhado para melhorar o contacto el\u00e9trico. A sua orienta\u00e7\u00e3o espec\u00edfica de 90\u00ba torna-o adequado para instala\u00e7\u00f5es em que a conex\u00e3o precisa de um posicionamento espec\u00edfico.[\/vc_column_text][\/vc_column][vc_column width=&#8221;1\/2&#8243;][vc_column_text] Desenho T\u00e9cnico [\/vc_column_text][qode_advanced_image_gallery type=&#8221;carousel&#8221; enable_image_shadow=&#8221;yes&#8221; image_behavior=&#8221;lightbox&#8221; space_between_items=&#8221;tiny&#8221; number_of_visible_items=&#8221;1&#8243; slider_loop=&#8221;yes&#8221; slider_autoplay=&#8221;yes&#8221; [&hellip;]<\/p>\n","protected":false},"featured_media":6645,"template":"","meta":{"_acf_changed":false,"_seopress_robots_primary_cat":"none","_seopress_titles_title":"Terminal de Cobre de 90\u00b0 - Arvi","_seopress_titles_desc":"Terminal fabricado en cobre electrol\u00edtico con un acabado esta\u00f1ado para mejorar el contacto el\u00e9ctrico. Su orientaci\u00f3n espec\u00edfica de 90\u00b0 lo hace adecuado para instalaciones donde la conexi\u00f3n requiere un posicionamiento preciso.","_seopress_robots_index":""},"product_brand":[],"product_cat":[7378],"product_tag":[],"class_list":{"0":"post-11274","1":"product","2":"type-product","3":"status-publish","4":"has-post-thumbnail","6":"product_cat-terminales-de-cobre","8":"first","9":"instock","10":"shipping-taxable","11":"product-type-simple"},"acf":[],"_links":{"self":[{"href":"https:\/\/arvielectric.com\/es\/wp-json\/wp\/v2\/product\/11274","targetHints":{"allow":["GET"]}}],"collection":[{"href":"https:\/\/arvielectric.com\/es\/wp-json\/wp\/v2\/product"}],"about":[{"href":"https:\/\/arvielectric.com\/es\/wp-json\/wp\/v2\/types\/product"}],"wp:featuredmedia":[{"embeddable":true,"href":"https:\/\/arvielectric.com\/es\/wp-json\/wp\/v2\/media\/6645"}],"wp:attachment":[{"href":"https:\/\/arvielectric.com\/es\/wp-json\/wp\/v2\/media?parent=11274"}],"wp:term":[{"taxonomy":"product_brand","embeddable":true,"href":"https:\/\/arvielectric.com\/es\/wp-json\/wp\/v2\/product_brand?post=11274"},{"taxonomy":"product_cat","embeddable":true,"href":"https:\/\/arvielectric.com\/es\/wp-json\/wp\/v2\/product_cat?post=11274"},{"taxonomy":"product_tag","embeddable":true,"href":"https:\/\/arvielectric.com\/es\/wp-json\/wp\/v2\/product_tag?post=11274"}],"curies":[{"name":"wp","href":"https:\/\/api.w.org\/{rel}","templated":true}]}}