{"id":12219,"date":"2025-01-01T20:30:44","date_gmt":"2025-01-01T20:30:44","guid":{"rendered":"https:\/\/arvielectric.com\/product\/guia-de-fibra-de-vidro-com-carro\/"},"modified":"2025-05-29T18:22:10","modified_gmt":"2025-05-29T17:22:10","slug":"guia-pasacables-de-fibra-de-vidrio-con-carro","status":"publish","type":"product","link":"https:\/\/arvielectric.com\/es\/producto\/guia-pasacables-de-fibra-de-vidrio-con-carro\/","title":{"rendered":"Gu\u00eda Pasacables de Fibra de Vidrio con Carro"},"content":{"rendered":"<p>[vc_row css_animation=&#8221;&#8221; row_type=&#8221;row&#8221; use_row_as_full_screen_section=&#8221;no&#8221; type=&#8221;full_width&#8221; angled_section=&#8221;no&#8221; text_align=&#8221;left&#8221; background_image_as_pattern=&#8221;without_pattern&#8221; z_index=&#8221;&#8221;][vc_column width=&#8221;1\/2&#8243;][vc_column_text]<\/p>\n<h5>Descri\u00e7\u00e3o<\/h5>\n<p>[\/vc_column_text][vc_column_text]As guias de fibra de vidro, foram concebidas para instala\u00e7\u00f5es em ctubos de dif\u00edcil acesso. O seu peso leve, flexibilidade e resistencia \u00e0 corros\u00e3o, garantem uma elevada durabilidade e desempenho em ambientes exigentes. O carro facilita o desenrolamento da Guia, proporcionando maior eficiencia. Este modelo est\u00e1 equipado com ponteiras permut\u00e1veis, incluindo um olhal de engate M6, assegurando efici\u00eancia e praticidade.[\/vc_column_text][\/vc_column][vc_column width=&#8221;1\/2&#8243;][vc_column_text][\/vc_column_text][qode_advanced_image_gallery type=&#8221;carousel&#8221; enable_image_shadow=&#8221;yes&#8221; image_behavior=&#8221;lightbox&#8221; space_between_items=&#8221;tiny&#8221; number_of_visible_items=&#8221;1&#8243; slider_loop=&#8221;yes&#8221; slider_autoplay=&#8221;yes&#8221; slider_navigation=&#8221;no&#8221; slider_pagination=&#8221;yes&#8221; image_size=&#8221;full&#8221;][qode_accordion style=&#8221;toggle&#8221;][qode_accordion_tab title=&#8221;Downloads&#8221; title_tag=&#8221;h5&#8243; icon_pack=&#8221;font_awesome&#8221; icon=&#8221;fa-angle-down&#8221;][button size=&#8221;small&#8221; icon=&#8221;fa-download&#8221; target=&#8221;_blank&#8221; hover_type=&#8221;default&#8221; text=&#8221;Ficha T\u00e9cnica&#8221; link=&#8221;https:\/\/arvielectric.com\/download\/5348\/&#8221;][button size=&#8221;small&#8221; icon=&#8221;fa-download&#8221; target=&#8221;_blank&#8221; hover_type=&#8221;default&#8221; text=&#8221;Declara\u00e7\u00e3o de Conformidade&#8221; link=&#8221;https:\/\/arvielectric.com\/download\/5600\/&#8221;][\/qode_accordion_tab][\/qode_accordion][\/vc_column][\/vc_row]<\/p>\n","protected":false},"excerpt":{"rendered":"<p>[vc_row css_animation=&#8221;&#8221; row_type=&#8221;row&#8221; use_row_as_full_screen_section=&#8221;no&#8221; type=&#8221;full_width&#8221; angled_section=&#8221;no&#8221; text_align=&#8221;left&#8221; background_image_as_pattern=&#8221;without_pattern&#8221; z_index=&#8221;&#8221;][vc_column width=&#8221;1\/2&#8243;][vc_column_text] Descri\u00e7\u00e3o [\/vc_column_text][vc_column_text]As guias de fibra de vidro, foram concebidas para instala\u00e7\u00f5es em ctubos de dif\u00edcil acesso. O seu peso leve, flexibilidade e resistencia \u00e0 corros\u00e3o, garantem uma elevada durabilidade e desempenho em ambientes exigentes. O carro facilita o desenrolamento da Guia, proporcionando maior eficiencia. Este [&hellip;]<\/p>\n","protected":false},"featured_media":8188,"template":"","meta":{"_acf_changed":false,"_seopress_robots_primary_cat":"none","_seopress_titles_title":"Gu\u00eda Pasacables de Fibra de Vidrio con Carro - Arvi","_seopress_titles_desc":"Las gu\u00edas pasacables de fibra de vidrio han sido dise\u00f1adas para instalaciones en tuber\u00edas de dif\u00edcil acceso. Su peso ligero, flexibilidad...","_seopress_robots_index":""},"product_brand":[],"product_cat":[7354,7355],"product_tag":[],"class_list":{"0":"post-12219","1":"product","2":"type-product","3":"status-publish","4":"has-post-thumbnail","6":"product_cat-guias-pasacables","7":"product_cat-guias","9":"first","10":"instock","11":"shipping-taxable","12":"product-type-simple"},"acf":[],"_links":{"self":[{"href":"https:\/\/arvielectric.com\/es\/wp-json\/wp\/v2\/product\/12219","targetHints":{"allow":["GET"]}}],"collection":[{"href":"https:\/\/arvielectric.com\/es\/wp-json\/wp\/v2\/product"}],"about":[{"href":"https:\/\/arvielectric.com\/es\/wp-json\/wp\/v2\/types\/product"}],"wp:featuredmedia":[{"embeddable":true,"href":"https:\/\/arvielectric.com\/es\/wp-json\/wp\/v2\/media\/8188"}],"wp:attachment":[{"href":"https:\/\/arvielectric.com\/es\/wp-json\/wp\/v2\/media?parent=12219"}],"wp:term":[{"taxonomy":"product_brand","embeddable":true,"href":"https:\/\/arvielectric.com\/es\/wp-json\/wp\/v2\/product_brand?post=12219"},{"taxonomy":"product_cat","embeddable":true,"href":"https:\/\/arvielectric.com\/es\/wp-json\/wp\/v2\/product_cat?post=12219"},{"taxonomy":"product_tag","embeddable":true,"href":"https:\/\/arvielectric.com\/es\/wp-json\/wp\/v2\/product_tag?post=12219"}],"curies":[{"name":"wp","href":"https:\/\/api.w.org\/{rel}","templated":true}]}}