{"id":15193,"date":"2019-06-05T16:26:45","date_gmt":"2019-06-05T15:26:45","guid":{"rendered":"https:\/\/arvielectric.com\/?post_type=product&#038;p=15193"},"modified":"2025-08-26T13:14:40","modified_gmt":"2025-08-26T12:14:40","slug":"herramienta-corte-de-bridas-de-acero-inox","status":"publish","type":"product","link":"https:\/\/arvielectric.com\/es\/producto\/herramienta-corte-de-bridas-de-acero-inox\/","title":{"rendered":"Herramienta Corte de Bridas de Acero Inox"},"content":{"rendered":"","protected":false},"excerpt":{"rendered":"","protected":false},"featured_media":15188,"template":"","meta":{"_acf_changed":false,"_seopress_robots_primary_cat":"none","_seopress_titles_title":"Ferramenta Corte de Abra\u00e7adeiras de A\u00e7o Inox - Arvi","_seopress_titles_desc":"As Ferramentas de Corte de Abra\u00e7adeiras da Arvi s\u00e3o desenvolvidas para garantir durabilidade e precis\u00e3o. Ideais para aplica\u00e7\u00f5es exigentes que requerem tensionamento fi\u00e1vel e corte limpo, mesmo em...","_seopress_robots_index":""},"product_brand":[],"product_cat":[7383],"product_tag":[],"class_list":{"0":"post-15193","1":"product","2":"type-product","3":"status-publish","4":"has-post-thumbnail","6":"product_cat-herramientas","8":"first","9":"instock","10":"shipping-taxable","11":"product-type-simple"},"acf":[],"_links":{"self":[{"href":"https:\/\/arvielectric.com\/es\/wp-json\/wp\/v2\/product\/15193","targetHints":{"allow":["GET"]}}],"collection":[{"href":"https:\/\/arvielectric.com\/es\/wp-json\/wp\/v2\/product"}],"about":[{"href":"https:\/\/arvielectric.com\/es\/wp-json\/wp\/v2\/types\/product"}],"wp:featuredmedia":[{"embeddable":true,"href":"https:\/\/arvielectric.com\/es\/wp-json\/wp\/v2\/media\/15188"}],"wp:attachment":[{"href":"https:\/\/arvielectric.com\/es\/wp-json\/wp\/v2\/media?parent=15193"}],"wp:term":[{"taxonomy":"product_brand","embeddable":true,"href":"https:\/\/arvielectric.com\/es\/wp-json\/wp\/v2\/product_brand?post=15193"},{"taxonomy":"product_cat","embeddable":true,"href":"https:\/\/arvielectric.com\/es\/wp-json\/wp\/v2\/product_cat?post=15193"},{"taxonomy":"product_tag","embeddable":true,"href":"https:\/\/arvielectric.com\/es\/wp-json\/wp\/v2\/product_tag?post=15193"}],"curies":[{"name":"wp","href":"https:\/\/api.w.org\/{rel}","templated":true}]}}