{"id":15338,"date":"2026-01-30T09:47:23","date_gmt":"2026-01-30T09:47:23","guid":{"rendered":"https:\/\/arvielectric.com\/?post_type=product&#038;p=15338"},"modified":"2026-01-30T09:56:39","modified_gmt":"2026-01-30T09:56:39","slug":"tubo-espiral-para-cables","status":"publish","type":"product","link":"https:\/\/arvielectric.com\/es\/producto\/tubo-espiral-para-cables\/","title":{"rendered":"Tubo Espiral para Cables"},"content":{"rendered":"","protected":false},"excerpt":{"rendered":"","protected":false},"featured_media":15300,"template":"","meta":{"_acf_changed":false,"_seopress_robots_primary_cat":"none","_seopress_titles_title":"Fita Espiral - Arvi","_seopress_titles_desc":"Fita Espiral da Arvi s\u00e3o fabricados em pol\u00edmero flex\u00edvel e destinam-se \u00e0 organiza\u00e7\u00e3o, encaminhamento e prote\u00e7\u00e3o de cabos em instala\u00e7\u00f5es...","_seopress_robots_index":""},"product_brand":[],"product_cat":[7812],"product_tag":[],"class_list":{"0":"post-15338","1":"product","2":"type-product","3":"status-publish","4":"has-post-thumbnail","6":"product_cat-spiral-wrap-tubes","8":"first","9":"instock","10":"shipping-taxable","11":"product-type-simple"},"acf":[],"_links":{"self":[{"href":"https:\/\/arvielectric.com\/es\/wp-json\/wp\/v2\/product\/15338","targetHints":{"allow":["GET"]}}],"collection":[{"href":"https:\/\/arvielectric.com\/es\/wp-json\/wp\/v2\/product"}],"about":[{"href":"https:\/\/arvielectric.com\/es\/wp-json\/wp\/v2\/types\/product"}],"wp:featuredmedia":[{"embeddable":true,"href":"https:\/\/arvielectric.com\/es\/wp-json\/wp\/v2\/media\/15300"}],"wp:attachment":[{"href":"https:\/\/arvielectric.com\/es\/wp-json\/wp\/v2\/media?parent=15338"}],"wp:term":[{"taxonomy":"product_brand","embeddable":true,"href":"https:\/\/arvielectric.com\/es\/wp-json\/wp\/v2\/product_brand?post=15338"},{"taxonomy":"product_cat","embeddable":true,"href":"https:\/\/arvielectric.com\/es\/wp-json\/wp\/v2\/product_cat?post=15338"},{"taxonomy":"product_tag","embeddable":true,"href":"https:\/\/arvielectric.com\/es\/wp-json\/wp\/v2\/product_tag?post=15338"}],"curies":[{"name":"wp","href":"https:\/\/api.w.org\/{rel}","templated":true}]}}