{"id":12090,"date":"2025-05-29T14:36:18","date_gmt":"2025-05-29T13:36:18","guid":{"rendered":"https:\/\/arvielectric.com\/?page_id=12090"},"modified":"2025-10-20T13:17:00","modified_gmt":"2025-10-20T12:17:00","slug":"documentacao","status":"publish","type":"page","link":"https:\/\/arvielectric.com\/pt-pt\/documentacao\/","title":{"rendered":"Documenta\u00e7\u00e3o"},"content":{"rendered":"\t\t<div data-elementor-type=\"wp-page\" data-elementor-id=\"12090\" class=\"elementor elementor-12090\" data-elementor-post-type=\"page\">\n\t\t\t\t<div class=\"elementor-element elementor-element-0680814 e-con-full e-flex e-con e-parent\" data-id=\"0680814\" data-element_type=\"container\">\n\t\t\t\t<div class=\"elementor-element elementor-element-8a5a0f1 elementor-widget elementor-widget-template\" data-id=\"8a5a0f1\" data-element_type=\"widget\" data-widget_type=\"template.default\">\n\t\t\t\t<div class=\"elementor-widget-container\">\n\t\t\t\t\t\t\t<div class=\"elementor-template\">\n\t\t\t\t\t<div data-elementor-type=\"container\" data-elementor-id=\"5964\" class=\"elementor elementor-5964\" data-elementor-post-type=\"elementor_library\">\n\t\t\t\t<div class=\"elementor-element elementor-element-3ece3bd6 e-flex e-con-boxed e-con e-parent\" data-id=\"3ece3bd6\" data-element_type=\"container\" data-settings=\"{&quot;background_background&quot;:&quot;classic&quot;}\">\n\t\t\t\t\t<div class=\"e-con-inner\">\n\t\t\t\t<div class=\"elementor-element elementor-element-411eaac elementor-widget elementor-widget-woocommerce-breadcrumb\" data-id=\"411eaac\" data-element_type=\"widget\" data-widget_type=\"woocommerce-breadcrumb.default\">\n\t\t\t\t\t<nav class=\"woocommerce-breadcrumb\" aria-label=\"Breadcrumb\">In\u00edcio<\/nav>\t\t\t\t<\/div>\n\t\t\t\t\t<\/div>\n\t\t\t\t<\/div>\n\t\t\t\t<\/div>\n\t\t\t\t<\/div>\n\t\t\t\t\t\t<\/div>\n\t\t\t\t<\/div>\n\t\t\t\t<\/div>\n\t\t<div class=\"elementor-element elementor-element-d39fcfb e-flex e-con-boxed e-con e-parent\" data-id=\"d39fcfb\" data-element_type=\"container\" data-settings=\"{&quot;background_background&quot;:&quot;classic&quot;}\">\n\t\t\t\t\t<div class=\"e-con-inner\">\n\t\t\t\t<div class=\"elementor-element elementor-element-b4b337c elementor-grid-2 elementor-grid-tablet-2 elementor-grid-mobile-1 elementor-widget elementor-widget-loop-grid\" data-id=\"b4b337c\" data-element_type=\"widget\" data-settings=\"{&quot;template_id&quot;:12815,&quot;columns&quot;:2,&quot;_skin&quot;:&quot;post&quot;,&quot;columns_tablet&quot;:&quot;2&quot;,&quot;columns_mobile&quot;:&quot;1&quot;,&quot;edit_handle_selector&quot;:&quot;[data-elementor-type=\\&quot;loop-item\\&quot;]&quot;,&quot;row_gap&quot;:{&quot;unit&quot;:&quot;px&quot;,&quot;size&quot;:&quot;&quot;,&quot;sizes&quot;:[]},&quot;row_gap_tablet&quot;:{&quot;unit&quot;:&quot;px&quot;,&quot;size&quot;:&quot;&quot;,&quot;sizes&quot;:[]},&quot;row_gap_mobile&quot;:{&quot;unit&quot;:&quot;px&quot;,&quot;size&quot;:&quot;&quot;,&quot;sizes&quot;:[]}}\" data-widget_type=\"loop-grid.post\">\n\t\t\t\t\t\t\t<div class=\"elementor-loop-container elementor-grid\">\n\t\t<style id=\"loop-dynamic-12815\">.e-loop-item-12102 .elementor-element.elementor-element-562c586:not(.elementor-motion-effects-element-type-background), .e-loop-item-12102 .elementor-element.elementor-element-562c586 > .elementor-motion-effects-container > .elementor-motion-effects-layer{background-image:url(\"https:\/\/arvielectric.com\/wp-content\/uploads\/2019\/05\/DownloadCatalogoDigital-1.jpg\");}<\/style><style id=\"loop-12815\">.elementor-12815 .elementor-element.elementor-element-562c586{--display:flex;--min-height:364px;--flex-direction:column;--container-widget-width:calc( ( 1 - var( --container-widget-flex-grow ) ) * 100% );--container-widget-height:initial;--container-widget-flex-grow:0;--container-widget-align-self:initial;--flex-wrap-mobile:wrap;--justify-content:space-between;--align-items:flex-start;--border-radius:3px 3px 3px 3px;--padding-top:14px;--padding-bottom:14px;--padding-left:18px;--padding-right:18px;}.elementor-12815 .elementor-element.elementor-element-562c586:not(.elementor-motion-effects-element-type-background), .elementor-12815 .elementor-element.elementor-element-562c586 > .elementor-motion-effects-container > .elementor-motion-effects-layer{background-position:center right;background-repeat:no-repeat;background-size:cover;}.elementor-12815 .elementor-element.elementor-element-43141a5{padding:0% 64% 0% 0%;}.elementor-12815 .elementor-element.elementor-element-43141a5 .elementor-heading-title{font-size:var( --e-global-typography-840657d-font-size );line-height:var( --e-global-typography-840657d-line-height );letter-spacing:var( --e-global-typography-840657d-letter-spacing );word-spacing:var( --e-global-typography-840657d-word-spacing );color:#FFFFFF;}@media(max-width:1024px){.elementor-12815 .elementor-element.elementor-element-43141a5{padding:0% 22% 0% 0%;}.elementor-12815 .elementor-element.elementor-element-43141a5 .elementor-heading-title{font-size:var( --e-global-typography-840657d-font-size );line-height:var( --e-global-typography-840657d-line-height );letter-spacing:var( --e-global-typography-840657d-letter-spacing );word-spacing:var( --e-global-typography-840657d-word-spacing );}}@media(max-width:767px){.elementor-12815 .elementor-element.elementor-element-562c586{--min-height:212px;}.elementor-12815 .elementor-element.elementor-element-43141a5{padding:0% 22% 0% 0%;}.elementor-12815 .elementor-element.elementor-element-43141a5 .elementor-heading-title{font-size:var( --e-global-typography-840657d-font-size );line-height:var( --e-global-typography-840657d-line-height );letter-spacing:var( --e-global-typography-840657d-letter-spacing );word-spacing:var( --e-global-typography-840657d-word-spacing );}}<\/style>\t\t<div data-elementor-type=\"loop-item\" data-elementor-id=\"12815\" class=\"elementor elementor-12815 e-loop-item e-loop-item-12102 post-12102 dlp_document type-dlp_document status-publish has-post-thumbnail hentry doc_categories-documentacao\" data-elementor-post-type=\"elementor_library\" data-custom-edit-handle=\"1\">\n\t\t\t<div class=\"elementor-element elementor-element-562c586 n_loop_prod e-flex e-con-boxed e-con e-parent\" data-id=\"562c586\" data-element_type=\"container\" data-settings=\"{&quot;background_background&quot;:&quot;classic&quot;}\">\n\t\t\t\t\t<div class=\"e-con-inner\">\n\t\t\t\t<div class=\"elementor-element elementor-element-43141a5 elementor-widget elementor-widget-heading\" data-id=\"43141a5\" data-element_type=\"widget\" data-widget_type=\"heading.default\">\n\t\t\t\t\t<h2 class=\"elementor-heading-title elementor-size-default\">Cat\u00e1logo Produtos<\/h2>\t\t\t\t<\/div>\n\t\t\t\t<div class=\"elementor-element elementor-element-3b8029e n_shortcode_url elementor-widget elementor-widget-shortcode\" data-id=\"3b8029e\" data-element_type=\"widget\" data-widget_type=\"shortcode.default\">\n\t\t\t\t\t\t\t<div class=\"elementor-shortcode\">\n    <a href=\"https:\/\/arvielectric.com\/wp-content\/uploads\/2025\/07\/catalogo-digital-arvi-cd26.1-pt.pdf\" class=\"doc-download-link \" target=\"_blank\" rel=\"noopener noreferrer\">\n        <span class=\"icon-wrap\">\n            <img decoding=\"async\" src=\"https:\/\/arvielectric.com\/wp-content\/themes\/Arvi2025Child\/imgs\/plus_white_128.png\" alt=\"Plus icon\" class=\"icon-default\" \/>\n            <img decoding=\"async\" src=\"https:\/\/arvielectric.com\/wp-content\/themes\/Arvi2025Child\/imgs\/plus_black_128.png\" alt=\"Plus icon hover\" class=\"icon-hover\" \/>\n        <\/span>\n        <span class=\"text-wrap\">Descarregar ficheiro<\/span>\n    <\/a><\/div>\n\t\t\t\t\t\t<\/div>\n\t\t\t\t\t<\/div>\n\t\t\t\t<\/div>\n\t\t\t\t<\/div>\n\t\t<style id=\"loop-dynamic-12815\">.e-loop-item-15062 .elementor-element.elementor-element-562c586:not(.elementor-motion-effects-element-type-background), .e-loop-item-15062 .elementor-element.elementor-element-562c586 > .elementor-motion-effects-container > .elementor-motion-effects-layer{background-image:url(\"https:\/\/arvielectric.com\/wp-content\/uploads\/2025\/07\/apresentacao-arvi.png\");}<\/style>\t\t<div data-elementor-type=\"loop-item\" data-elementor-id=\"12815\" class=\"elementor elementor-12815 e-loop-item e-loop-item-15062 post-15062 dlp_document type-dlp_document status-publish has-post-thumbnail hentry doc_categories-documentacao\" data-elementor-post-type=\"elementor_library\" data-custom-edit-handle=\"1\">\n\t\t\t<div class=\"elementor-element elementor-element-562c586 n_loop_prod e-flex e-con-boxed e-con e-parent\" data-id=\"562c586\" data-element_type=\"container\" data-settings=\"{&quot;background_background&quot;:&quot;classic&quot;}\">\n\t\t\t\t\t<div class=\"e-con-inner\">\n\t\t\t\t<div class=\"elementor-element elementor-element-43141a5 elementor-widget elementor-widget-heading\" data-id=\"43141a5\" data-element_type=\"widget\" data-widget_type=\"heading.default\">\n\t\t\t\t\t<h2 class=\"elementor-heading-title elementor-size-default\">Apresenta\u00e7\u00e3o Arvi<\/h2>\t\t\t\t<\/div>\n\t\t\t\t<div class=\"elementor-element elementor-element-3b8029e n_shortcode_url elementor-widget elementor-widget-shortcode\" data-id=\"3b8029e\" data-element_type=\"widget\" data-widget_type=\"shortcode.default\">\n\t\t\t\t\t\t\t<div class=\"elementor-shortcode\">\n    <a href=\"https:\/\/arvielectric.com\/wp-content\/uploads\/2025\/07\/apresentacao-arvi-25.1-clientes-pt.pdf\" class=\"doc-download-link \" target=\"_blank\" rel=\"noopener noreferrer\">\n        <span class=\"icon-wrap\">\n            <img decoding=\"async\" src=\"https:\/\/arvielectric.com\/wp-content\/themes\/Arvi2025Child\/imgs\/plus_white_128.png\" alt=\"Plus icon\" class=\"icon-default\" \/>\n            <img decoding=\"async\" src=\"https:\/\/arvielectric.com\/wp-content\/themes\/Arvi2025Child\/imgs\/plus_black_128.png\" alt=\"Plus icon hover\" class=\"icon-hover\" \/>\n        <\/span>\n        <span class=\"text-wrap\">Descarregar ficheiro<\/span>\n    <\/a><\/div>\n\t\t\t\t\t\t<\/div>\n\t\t\t\t\t<\/div>\n\t\t\t\t<\/div>\n\t\t\t\t<\/div>\n\t\t<style id=\"loop-dynamic-12815\">.e-loop-item-12117 .elementor-element.elementor-element-562c586:not(.elementor-motion-effects-element-type-background), .e-loop-item-12117 .elementor-element.elementor-element-562c586 > .elementor-motion-effects-container > .elementor-motion-effects-layer{background-image:url(\"https:\/\/arvielectric.com\/wp-content\/uploads\/2025\/03\/captura-de-ecra-2025-03-12-as-17.52.15.png\");}<\/style>\t\t<div data-elementor-type=\"loop-item\" data-elementor-id=\"12815\" class=\"elementor elementor-12815 e-loop-item e-loop-item-12117 post-12117 dlp_document type-dlp_document status-publish has-post-thumbnail hentry doc_categories-documentacao\" data-elementor-post-type=\"elementor_library\" data-custom-edit-handle=\"1\">\n\t\t\t<div class=\"elementor-element elementor-element-562c586 n_loop_prod e-flex e-con-boxed e-con e-parent\" data-id=\"562c586\" data-element_type=\"container\" data-settings=\"{&quot;background_background&quot;:&quot;classic&quot;}\">\n\t\t\t\t\t<div class=\"e-con-inner\">\n\t\t\t\t<div class=\"elementor-element elementor-element-43141a5 elementor-widget elementor-widget-heading\" data-id=\"43141a5\" data-element_type=\"widget\" data-widget_type=\"heading.default\">\n\t\t\t\t\t<h2 class=\"elementor-heading-title elementor-size-default\">Certificado Iso 14001:2015<\/h2>\t\t\t\t<\/div>\n\t\t\t\t<div class=\"elementor-element elementor-element-3b8029e n_shortcode_url elementor-widget elementor-widget-shortcode\" data-id=\"3b8029e\" data-element_type=\"widget\" data-widget_type=\"shortcode.default\">\n\t\t\t\t\t\t\t<div class=\"elementor-shortcode\">\n    <a href=\"https:\/\/arvielectric.com\/wp-content\/uploads\/2025\/05\/pt_14001_2015_pt2308821.pdf\" class=\"doc-download-link \" target=\"_blank\" rel=\"noopener noreferrer\">\n        <span class=\"icon-wrap\">\n            <img decoding=\"async\" src=\"https:\/\/arvielectric.com\/wp-content\/themes\/Arvi2025Child\/imgs\/plus_white_128.png\" alt=\"Plus icon\" class=\"icon-default\" \/>\n            <img decoding=\"async\" src=\"https:\/\/arvielectric.com\/wp-content\/themes\/Arvi2025Child\/imgs\/plus_black_128.png\" alt=\"Plus icon hover\" class=\"icon-hover\" \/>\n        <\/span>\n        <span class=\"text-wrap\">Descarregar ficheiro<\/span>\n    <\/a><\/div>\n\t\t\t\t\t\t<\/div>\n\t\t\t\t\t<\/div>\n\t\t\t\t<\/div>\n\t\t\t\t<\/div>\n\t\t<style id=\"loop-dynamic-12815\">.e-loop-item-12108 .elementor-element.elementor-element-562c586:not(.elementor-motion-effects-element-type-background), .e-loop-item-12108 .elementor-element.elementor-element-562c586 > .elementor-motion-effects-container > .elementor-motion-effects-layer{background-image:url(\"https:\/\/arvielectric.com\/wp-content\/uploads\/2021\/09\/ISO9001-SGS-01.jpg\");}<\/style>\t\t<div data-elementor-type=\"loop-item\" data-elementor-id=\"12815\" class=\"elementor elementor-12815 e-loop-item e-loop-item-12108 post-12108 dlp_document type-dlp_document status-publish has-post-thumbnail hentry doc_categories-documentacao\" data-elementor-post-type=\"elementor_library\" data-custom-edit-handle=\"1\">\n\t\t\t<div class=\"elementor-element elementor-element-562c586 n_loop_prod e-flex e-con-boxed e-con e-parent\" data-id=\"562c586\" data-element_type=\"container\" data-settings=\"{&quot;background_background&quot;:&quot;classic&quot;}\">\n\t\t\t\t\t<div class=\"e-con-inner\">\n\t\t\t\t<div class=\"elementor-element elementor-element-43141a5 elementor-widget elementor-widget-heading\" data-id=\"43141a5\" data-element_type=\"widget\" data-widget_type=\"heading.default\">\n\t\t\t\t\t<h2 class=\"elementor-heading-title elementor-size-default\">Certificado Iso 9001:2015<\/h2>\t\t\t\t<\/div>\n\t\t\t\t<div class=\"elementor-element elementor-element-3b8029e n_shortcode_url elementor-widget elementor-widget-shortcode\" data-id=\"3b8029e\" data-element_type=\"widget\" data-widget_type=\"shortcode.default\">\n\t\t\t\t\t\t\t<div class=\"elementor-shortcode\">\n    <a href=\"https:\/\/arvielectric.com\/wp-content\/uploads\/2025\/05\/pt_9001_2015_1204065.pdf\" class=\"doc-download-link \" target=\"_blank\" rel=\"noopener noreferrer\">\n        <span class=\"icon-wrap\">\n            <img decoding=\"async\" src=\"https:\/\/arvielectric.com\/wp-content\/themes\/Arvi2025Child\/imgs\/plus_white_128.png\" alt=\"Plus icon\" class=\"icon-default\" \/>\n            <img decoding=\"async\" src=\"https:\/\/arvielectric.com\/wp-content\/themes\/Arvi2025Child\/imgs\/plus_black_128.png\" alt=\"Plus icon hover\" class=\"icon-hover\" \/>\n        <\/span>\n        <span class=\"text-wrap\">Descarregar ficheiro<\/span>\n    <\/a><\/div>\n\t\t\t\t\t\t<\/div>\n\t\t\t\t\t<\/div>\n\t\t\t\t<\/div>\n\t\t\t\t<\/div>\n\t\t\t\t<\/div>\n\t\t\n\t\t\t\t\t\t<\/div>\n\t\t\t\t\t<\/div>\n\t\t\t\t<\/div>\n\t\t<div class=\"elementor-element elementor-element-a920e90 e-flex e-con-boxed e-con e-parent\" data-id=\"a920e90\" data-element_type=\"container\" data-settings=\"{&quot;background_background&quot;:&quot;classic&quot;}\">\n\t\t\t\t\t<div class=\"e-con-inner\">\n\t\t<div class=\"elementor-element elementor-element-0b50a30 e-con-full e-flex e-con e-child\" data-id=\"0b50a30\" data-element_type=\"container\">\n\t\t\t\t<div class=\"elementor-element elementor-element-c51452c elementor-widget elementor-widget-heading\" data-id=\"c51452c\" data-element_type=\"widget\" data-widget_type=\"heading.default\">\n\t\t\t\t\t<h2 class=\"elementor-heading-title elementor-size-default\">Comercial<\/h2>\t\t\t\t<\/div>\n\t\t\t\t<\/div>\n\t\t\t\t<div class=\"elementor-element elementor-element-c35efe1 elementor-grid-2 elementor-grid-tablet-2 elementor-grid-mobile-1 elementor-widget elementor-widget-loop-grid\" data-id=\"c35efe1\" data-element_type=\"widget\" data-settings=\"{&quot;template_id&quot;:12815,&quot;columns&quot;:2,&quot;_skin&quot;:&quot;post&quot;,&quot;columns_tablet&quot;:&quot;2&quot;,&quot;columns_mobile&quot;:&quot;1&quot;,&quot;edit_handle_selector&quot;:&quot;[data-elementor-type=\\&quot;loop-item\\&quot;]&quot;,&quot;row_gap&quot;:{&quot;unit&quot;:&quot;px&quot;,&quot;size&quot;:&quot;&quot;,&quot;sizes&quot;:[]},&quot;row_gap_tablet&quot;:{&quot;unit&quot;:&quot;px&quot;,&quot;size&quot;:&quot;&quot;,&quot;sizes&quot;:[]},&quot;row_gap_mobile&quot;:{&quot;unit&quot;:&quot;px&quot;,&quot;size&quot;:&quot;&quot;,&quot;sizes&quot;:[]}}\" data-widget_type=\"loop-grid.post\">\n\t\t\t\t\t\t\t<div class=\"elementor-loop-container elementor-grid\">\n\t\t<style id=\"loop-dynamic-12815\">.e-loop-item-12007 .elementor-element.elementor-element-562c586:not(.elementor-motion-effects-element-type-background), .e-loop-item-12007 .elementor-element.elementor-element-562c586 > .elementor-motion-effects-container > .elementor-motion-effects-layer{background-image:url(\"https:\/\/arvielectric.com\/wp-content\/uploads\/2025\/01\/tabela-precos-arvi.jpg\");}<\/style>\t\t<div data-elementor-type=\"loop-item\" data-elementor-id=\"12815\" class=\"elementor elementor-12815 e-loop-item e-loop-item-12007 post-12007 dlp_document type-dlp_document status-publish has-post-thumbnail hentry doc_categories-acesso-pt-pt\" data-elementor-post-type=\"elementor_library\" data-custom-edit-handle=\"1\">\n\t\t\t<div class=\"elementor-element elementor-element-562c586 n_loop_prod e-flex e-con-boxed e-con e-parent\" data-id=\"562c586\" data-element_type=\"container\" data-settings=\"{&quot;background_background&quot;:&quot;classic&quot;}\">\n\t\t\t\t\t<div class=\"e-con-inner\">\n\t\t\t\t<div class=\"elementor-element elementor-element-43141a5 elementor-widget elementor-widget-heading\" data-id=\"43141a5\" data-element_type=\"widget\" data-widget_type=\"heading.default\">\n\t\t\t\t\t<h2 class=\"elementor-heading-title elementor-size-default\">Tabela de Pre\u00e7os<\/h2>\t\t\t\t<\/div>\n\t\t\t\t<div class=\"elementor-element elementor-element-3b8029e n_shortcode_url elementor-widget elementor-widget-shortcode\" data-id=\"3b8029e\" data-element_type=\"widget\" data-widget_type=\"shortcode.default\">\n\t\t\t\t\t\t\t<div class=\"elementor-shortcode\">\n    <a href=\"https:\/\/arvielectric.com\/wp-content\/uploads\/_pda\/2026\/02\/tabela-precos-pt-tp26.1-arvi.pdf\" class=\"doc-download-link \" target=\"_blank\" rel=\"noopener noreferrer\">\n        <span class=\"icon-wrap\">\n            <img decoding=\"async\" src=\"https:\/\/arvielectric.com\/wp-content\/themes\/Arvi2025Child\/imgs\/plus_white_128.png\" alt=\"Plus icon\" class=\"icon-default\" \/>\n            <img decoding=\"async\" src=\"https:\/\/arvielectric.com\/wp-content\/themes\/Arvi2025Child\/imgs\/plus_black_128.png\" alt=\"Plus icon hover\" class=\"icon-hover\" \/>\n        <\/span>\n        <span class=\"text-wrap\">Descarregar ficheiro<\/span>\n    <\/a><\/div>\n\t\t\t\t\t\t<\/div>\n\t\t\t\t\t<\/div>\n\t\t\t\t<\/div>\n\t\t\t\t<\/div>\n\t\t\t\t<\/div>\n\t\t\n\t\t\t\t\t\t<\/div>\n\t\t\t\t\t<\/div>\n\t\t\t\t<\/div>\n\t\t\t\t<\/div>\n\t\t","protected":false},"excerpt":{"rendered":"<p>Comercial<\/p>\n","protected":false},"author":1,"featured_media":0,"parent":0,"menu_order":0,"comment_status":"closed","ping_status":"closed","template":"","meta":{"_acf_changed":false,"_seopress_robots_primary_cat":"","_seopress_titles_title":"Documenta\u00e7\u00e3o - Arvi","_seopress_titles_desc":"Descubra solu\u00e7\u00f5es comerciais inovadoras que impulsionam o seu neg\u00f3cio e aumentam a visibilidade da sua marca.","_seopress_robots_index":"","footnotes":""},"class_list":["post-12090","page","type-page","status-publish","hentry"],"acf":[],"_links":{"self":[{"href":"https:\/\/arvielectric.com\/pt-pt\/wp-json\/wp\/v2\/pages\/12090","targetHints":{"allow":["GET"]}}],"collection":[{"href":"https:\/\/arvielectric.com\/pt-pt\/wp-json\/wp\/v2\/pages"}],"about":[{"href":"https:\/\/arvielectric.com\/pt-pt\/wp-json\/wp\/v2\/types\/page"}],"author":[{"embeddable":true,"href":"https:\/\/arvielectric.com\/pt-pt\/wp-json\/wp\/v2\/users\/1"}],"replies":[{"embeddable":true,"href":"https:\/\/arvielectric.com\/pt-pt\/wp-json\/wp\/v2\/comments?post=12090"}],"version-history":[{"count":58,"href":"https:\/\/arvielectric.com\/pt-pt\/wp-json\/wp\/v2\/pages\/12090\/revisions"}],"predecessor-version":[{"id":14994,"href":"https:\/\/arvielectric.com\/pt-pt\/wp-json\/wp\/v2\/pages\/12090\/revisions\/14994"}],"wp:attachment":[{"href":"https:\/\/arvielectric.com\/pt-pt\/wp-json\/wp\/v2\/media?parent=12090"}],"curies":[{"name":"wp","href":"https:\/\/api.w.org\/{rel}","templated":true}]}}