{"id":12770,"date":"2025-05-30T20:17:21","date_gmt":"2025-05-30T19:17:21","guid":{"rendered":"https:\/\/arvielectric.com\/?page_id=12770"},"modified":"2025-06-13T11:48:37","modified_gmt":"2025-06-13T10:48:37","slug":"marca","status":"publish","type":"page","link":"https:\/\/arvielectric.com\/pt-pt\/marca\/","title":{"rendered":"Marca"},"content":{"rendered":"\t\t<div data-elementor-type=\"wp-page\" data-elementor-id=\"12770\" class=\"elementor elementor-12770\" data-elementor-post-type=\"page\">\n\t\t\t\t<div class=\"elementor-element elementor-element-4526348 e-con-full e-flex e-con e-parent\" data-id=\"4526348\" data-element_type=\"container\">\n\t\t\t\t<div class=\"elementor-element elementor-element-84e8123 elementor-widget elementor-widget-template\" data-id=\"84e8123\" data-element_type=\"widget\" data-widget_type=\"template.default\">\n\t\t\t\t<div class=\"elementor-widget-container\">\n\t\t\t\t\t\t\t<div class=\"elementor-template\">\n\t\t\t\t\t<div data-elementor-type=\"container\" data-elementor-id=\"5964\" class=\"elementor elementor-5964\" data-elementor-post-type=\"elementor_library\">\n\t\t\t\t<div class=\"elementor-element elementor-element-3ece3bd6 e-flex e-con-boxed n_Dark e-con e-parent\" data-id=\"3ece3bd6\" data-element_type=\"container\" data-settings=\"{&quot;background_background&quot;:&quot;classic&quot;}\">\n\t\t\t\t\t<div class=\"e-con-inner\">\n\t\t\t\t<div class=\"elementor-element elementor-element-411eaac elementor-widget elementor-widget-woocommerce-breadcrumb\" data-id=\"411eaac\" data-element_type=\"widget\" data-widget_type=\"woocommerce-breadcrumb.default\">\n\t\t\t\t\t<nav class=\"woocommerce-breadcrumb\" aria-label=\"Breadcrumb\">In\u00edcio<\/nav>\t\t\t\t<\/div>\n\t\t\t\t\t<\/div>\n\t\t\t\t<\/div>\n\t\t\t\t<\/div>\n\t\t\t\t<\/div>\n\t\t\t\t\t\t<\/div>\n\t\t\t\t<\/div>\n\t\t\t\t<\/div>\n\t\t<div class=\"elementor-element elementor-element-759101b e-flex e-con-boxed n_Dark e-con e-parent\" data-id=\"759101b\" data-element_type=\"container\" data-settings=\"{&quot;background_background&quot;:&quot;classic&quot;}\">\n\t\t\t\t\t<div class=\"e-con-inner\">\n\t\t<div class=\"elementor-element elementor-element-06ce68b e-con-full e-flex e-con e-child\" data-id=\"06ce68b\" data-element_type=\"container\">\n\t\t\t\t<div class=\"elementor-element elementor-element-f2c6f50 elementor-widget elementor-widget-heading\" data-id=\"f2c6f50\" data-element_type=\"widget\" data-widget_type=\"heading.default\">\n\t\t\t\t\t<h3 class=\"elementor-heading-title elementor-size-default\">18 anos de trabalho e paix\u00e3o da equipa culminaram na cria\u00e7\u00e3o da Arvi.<\/h3>\t\t\t\t<\/div>\n\t\t\t\t<div class=\"elementor-element elementor-element-1ec8afd elementor-widget elementor-widget-heading\" data-id=\"1ec8afd\" data-element_type=\"widget\" data-widget_type=\"heading.default\">\n\t\t\t\t\t<h3 class=\"elementor-heading-title elementor-size-default\">Somos uma marca portuguesa de Material El\u00e9trico focada em lhe trazer o melhor das conex\u00f5es el\u00e9tricas.\n<\/h3>\t\t\t\t<\/div>\n\t\t\t\t<\/div>\n\t\t<div class=\"elementor-element elementor-element-448fe15 e-con-full e-flex e-con e-child\" data-id=\"448fe15\" data-element_type=\"container\">\n\t\t\t\t<div class=\"elementor-element elementor-element-bd63f7c elementor-widget elementor-widget-text-editor\" data-id=\"bd63f7c\" data-element_type=\"widget\" data-widget_type=\"text-editor.default\">\n\t\t\t\t\t\t\t\t\t<p>Fundada no Porto, Portugal, a Arvi \u00e9 fabricante de produtos de alta qualidade.<\/p><p>Dispomos de uma vasta gama de terminais e uni\u00f5es de cobre, ponteiras isoladas e n\u00e3o isoladas, terminais isolados, barras de jun\u00e7\u00e3o e ferramentas.<\/p><p>O nosso principal objetivo \u00e9 satisfazer a necessidade dos nossos clientes respondendo de forma positiva a altos padr\u00f5es de exig\u00eancias.<\/p><p>Todos os nossos produtos cumprem as normas europeias, pode encontrar todos os certificados no nosso website.<\/p><p>Para al\u00e9m dos nossos produtos, incorporamos os valores da empresa m\u00e3e e n\u00e3o os dispensamos: Respeito, Compromisso e Excel\u00eancia.<\/p><p>\u00c9 com estes valores que a nossa equipa qualificada lhe dar\u00e1 todo o apoio e suporte que precisar.<\/p><p>A Arvi \u00e9 uma marca registada da Argon, Lda.<\/p>\t\t\t\t\t\t\t\t<\/div>\n\t\t\t\t<\/div>\n\t\t\t\t\t<\/div>\n\t\t\t\t<\/div>\n\t\t<div class=\"elementor-element elementor-element-66a798a e-con-full e-flex e-con e-parent\" data-id=\"66a798a\" data-element_type=\"container\" data-settings=\"{&quot;background_background&quot;:&quot;classic&quot;}\">\n\t\t<div class=\"elementor-element elementor-element-5da1a7b e-con-full e-flex e-con e-child\" data-id=\"5da1a7b\" data-element_type=\"container\" data-settings=\"{&quot;background_background&quot;:&quot;classic&quot;}\">\n\t\t<div class=\"elementor-element elementor-element-c042fdf e-con-full e-flex e-con e-child\" data-id=\"c042fdf\" data-element_type=\"container\">\n\t\t\t\t<div class=\"elementor-element elementor-element-f7b3d4d elementor-widget elementor-widget-heading\" data-id=\"f7b3d4d\" data-element_type=\"widget\" data-widget_type=\"heading.default\">\n\t\t\t\t\t<h3 class=\"elementor-heading-title elementor-size-default\">Solu\u00e7\u00f5es de Qualidade para Qualquer Instala\u00e7\u00e3o<\/h3>\t\t\t\t<\/div>\n\t\t\t\t<div class=\"elementor-element elementor-element-77a36e8 elementor-widget elementor-widget-text-editor\" data-id=\"77a36e8\" data-element_type=\"widget\" data-widget_type=\"text-editor.default\">\n\t\t\t\t\t\t\t\t\t<p>Os produtos Arvi s\u00e3o garantia de qualidade e fiabilidade, refor\u00e7ando a confian\u00e7a de quem projeta, instala e distribui.<\/p><p>Desenvolvemos uma ampla gama de consum\u00edveis el\u00e9tricos que acompanham o ritmo de quem est\u00e1 no terreno, assegurando qualidade e seguran\u00e7a em cada instala\u00e7\u00e3o.<\/p><p>Desde terminais de cobre, terminais isolados e n\u00e3o isolados at\u00e9 barras de jun\u00e7\u00e3o e ferramentas, cada produto \u00e9 pensado para maximizar o desempenho da instala\u00e7\u00e3o.<\/p>\t\t\t\t\t\t\t\t<\/div>\n\t\t\t\t<\/div>\n\t\t<div class=\"elementor-element elementor-element-66041bc e-con-full e-flex e-con e-child\" data-id=\"66041bc\" data-element_type=\"container\" data-settings=\"{&quot;background_background&quot;:&quot;classic&quot;}\">\n\t\t\t\t<\/div>\n\t\t\t\t<\/div>\n\t\t\t\t<\/div>\n\t\t<div class=\"elementor-element elementor-element-1b990e6 e-flex e-con-boxed e-con e-parent\" data-id=\"1b990e6\" data-element_type=\"container\" data-settings=\"{&quot;background_background&quot;:&quot;classic&quot;}\">\n\t\t\t\t\t<div class=\"e-con-inner\">\n\t\t<div class=\"elementor-element elementor-element-52d5f60 e-con-full e-flex e-con e-child\" data-id=\"52d5f60\" data-element_type=\"container\">\n\t\t\t\t<div class=\"elementor-element elementor-element-a4e547d elementor-widget elementor-widget-heading\" data-id=\"a4e547d\" data-element_type=\"widget\" data-widget_type=\"heading.default\">\n\t\t\t\t\t<h2 class=\"elementor-heading-title elementor-size-default\">Produtos<\/h2>\t\t\t\t<\/div>\n\t\t\t\t<\/div>\n\t\t<div class=\"elementor-element elementor-element-e541b02 e-con-full e-flex e-con e-child\" data-id=\"e541b02\" data-element_type=\"container\">\n\t\t\t\t<div class=\"elementor-element elementor-element-fbafc57 elementor-widget elementor-widget-heading\" data-id=\"fbafc57\" data-element_type=\"widget\" data-widget_type=\"heading.default\">\n\t\t\t\t\t<h6 class=\"elementor-heading-title elementor-size-default\">Explore todas as solu\u00e7\u00f5es Arvi, pensadas para quem faz acontecer.\n\n<\/h6>\t\t\t\t<\/div>\n\t\t\t\t<\/div>\n\t\t<div class=\"elementor-element elementor-element-7344ecd e-con-full e-flex e-con e-child\" data-id=\"7344ecd\" data-element_type=\"container\">\n\t\t<a class=\"elementor-element elementor-element-33a3c57 e-con-full e-flex e-con e-child\" data-id=\"33a3c57\" data-element_type=\"container\" data-settings=\"{&quot;background_background&quot;:&quot;classic&quot;}\" href=\"https:\/\/arvielectric.com\/products\/\">\n\t\t\t\t<\/a>\n\t\t\t\t<\/div>\n\t\t\t\t\t<\/div>\n\t\t\t\t<\/div>\n\t\t<div class=\"elementor-element elementor-element-da13f4f e-con-full e-flex e-con e-parent\" data-id=\"da13f4f\" data-element_type=\"container\" data-settings=\"{&quot;background_background&quot;:&quot;classic&quot;}\">\n\t\t<div class=\"elementor-element elementor-element-257390d e-flex e-con-boxed e-con e-child\" data-id=\"257390d\" data-element_type=\"container\">\n\t\t\t\t\t<div class=\"e-con-inner\">\n\t\t\t\t<div class=\"elementor-element elementor-element-14152dd elementor-widget elementor-widget-heading\" data-id=\"14152dd\" data-element_type=\"widget\" data-widget_type=\"heading.default\">\n\t\t\t\t\t<h2 class=\"elementor-heading-title elementor-size-default\">Ao seu lado em cada projeto<\/h2>\t\t\t\t<\/div>\n\t\t<div class=\"elementor-element elementor-element-8415236 e-con-full e-flex e-con e-child\" data-id=\"8415236\" data-element_type=\"container\">\n\t\t<div class=\"elementor-element elementor-element-05a0352 e-con-full e-flex e-con e-child\" data-id=\"05a0352\" data-element_type=\"container\">\n\t\t\t\t<div class=\"elementor-element elementor-element-606943c elementor-widget elementor-widget-text-editor\" data-id=\"606943c\" data-element_type=\"widget\" data-widget_type=\"text-editor.default\">\n\t\t\t\t\t\t\t\t\t<p>A Arvi est\u00e1 presente em v\u00e1rios setores, com solu\u00e7\u00f5es que se adaptam a cada necessidade e acompanham as exig\u00eancias do dia a dia.<\/p><p>A nossa gama de produtos \u00e9 pensada para garantir efici\u00eancia em qualquer contexto, desde instala\u00e7\u00f5es el\u00e9tricas a ambientes industriais que exigem liga\u00e7\u00f5es robustas e elevada durabilidade.<\/p>\t\t\t\t\t\t\t\t<\/div>\n\t\t\t\t<\/div>\n\t\t<div class=\"elementor-element elementor-element-ac1bcf9 e-con-full e-flex e-con e-child\" data-id=\"ac1bcf9\" data-element_type=\"container\" data-settings=\"{&quot;background_background&quot;:&quot;classic&quot;}\">\n\t\t\t\t<div class=\"elementor-element elementor-element-36be9df elementor-widget elementor-widget-text-editor\" data-id=\"36be9df\" data-element_type=\"widget\" data-widget_type=\"text-editor.default\">\n\t\t\t\t\t\t\t\t\t<p>Com uma forte presen\u00e7a na constru\u00e7\u00e3o, sa\u00fade, agroind\u00fastria e em instala\u00e7\u00f5es tempor\u00e1rias, a Arvi \u00e9 um parceiro vers\u00e1til e flex\u00edvel.<\/p><p>A nossa rapidez e fiabilidade fazem de n\u00f3s a escolha ideal para quem procura solu\u00e7\u00f5es pr\u00e1ticas e eficientes para o trabalho do dia a dia.<\/p>\t\t\t\t\t\t\t\t<\/div>\n\t\t\t\t<\/div>\n\t\t\t\t<\/div>\n\t\t\t\t\t<\/div>\n\t\t\t\t<\/div>\n\t\t\t\t<\/div>\n\t\t\t\t<\/div>\n\t\t","protected":false},"excerpt":{"rendered":"<p>18 anos de trabalho e paix\u00e3o da equipa culminaram na cria\u00e7\u00e3o da Arvi. Somos uma marca portuguesa de Material El\u00e9trico focada em lhe trazer o melhor das conex\u00f5es el\u00e9tricas. Fundada no Porto, Portugal, a Arvi \u00e9 fabricante de produtos de alta qualidade. Dispomos de uma vasta gama de terminais e uni\u00f5es de cobre, ponteiras isoladas [&hellip;]<\/p>\n","protected":false},"author":1,"featured_media":0,"parent":0,"menu_order":0,"comment_status":"closed","ping_status":"closed","template":"","meta":{"_acf_changed":false,"_seopress_robots_primary_cat":"","_seopress_titles_title":"Marca - Arvi","_seopress_titles_desc":"23 anos de trabalho e paix\u00e3o da equipa culminaram na cria\u00e7\u00e3o da Arvi. Somos uma marca portuguesa de Material El\u00e9trico focada em lhe trazer o melhor das conex\u00f5es el\u00e9tricas.","_seopress_robots_index":"","footnotes":""},"class_list":["post-12770","page","type-page","status-publish","hentry"],"acf":[],"_links":{"self":[{"href":"https:\/\/arvielectric.com\/pt-pt\/wp-json\/wp\/v2\/pages\/12770","targetHints":{"allow":["GET"]}}],"collection":[{"href":"https:\/\/arvielectric.com\/pt-pt\/wp-json\/wp\/v2\/pages"}],"about":[{"href":"https:\/\/arvielectric.com\/pt-pt\/wp-json\/wp\/v2\/types\/page"}],"author":[{"embeddable":true,"href":"https:\/\/arvielectric.com\/pt-pt\/wp-json\/wp\/v2\/users\/1"}],"replies":[{"embeddable":true,"href":"https:\/\/arvielectric.com\/pt-pt\/wp-json\/wp\/v2\/comments?post=12770"}],"version-history":[{"count":21,"href":"https:\/\/arvielectric.com\/pt-pt\/wp-json\/wp\/v2\/pages\/12770\/revisions"}],"predecessor-version":[{"id":14374,"href":"https:\/\/arvielectric.com\/pt-pt\/wp-json\/wp\/v2\/pages\/12770\/revisions\/14374"}],"wp:attachment":[{"href":"https:\/\/arvielectric.com\/pt-pt\/wp-json\/wp\/v2\/media?parent=12770"}],"curies":[{"name":"wp","href":"https:\/\/api.w.org\/{rel}","templated":true}]}}