{"id":2571,"date":"2019-09-06T14:03:31","date_gmt":"2019-09-06T13:03:31","guid":{"rendered":"https:\/\/arvielectric.com\/?page_id=2571"},"modified":"2025-06-02T15:29:49","modified_gmt":"2025-06-02T14:29:49","slug":"politica-de-privacidade","status":"publish","type":"page","link":"https:\/\/arvielectric.com\/pt-pt\/politica-de-privacidade\/","title":{"rendered":"Pol\u00edtica de Privacidade"},"content":{"rendered":"\t\t<div data-elementor-type=\"wp-page\" data-elementor-id=\"2571\" class=\"elementor elementor-2571\" data-elementor-post-type=\"page\">\n\t\t\t\t<div class=\"elementor-element elementor-element-a31ac04 e-con-full e-flex e-con e-parent\" data-id=\"a31ac04\" data-element_type=\"container\">\n\t\t\t\t<div class=\"elementor-element elementor-element-aca2612 elementor-widget elementor-widget-template\" data-id=\"aca2612\" data-element_type=\"widget\" data-widget_type=\"template.default\">\n\t\t\t\t<div class=\"elementor-widget-container\">\n\t\t\t\t\t\t\t<div class=\"elementor-template\">\n\t\t\t\t\t<div data-elementor-type=\"container\" data-elementor-id=\"5964\" class=\"elementor elementor-5964\" data-elementor-post-type=\"elementor_library\">\n\t\t\t\t<div class=\"elementor-element elementor-element-3ece3bd6 e-flex e-con-boxed e-con e-parent\" data-id=\"3ece3bd6\" data-element_type=\"container\" data-settings=\"{&quot;background_background&quot;:&quot;classic&quot;}\">\n\t\t\t\t\t<div class=\"e-con-inner\">\n\t\t\t\t<div class=\"elementor-element elementor-element-411eaac elementor-widget elementor-widget-woocommerce-breadcrumb\" data-id=\"411eaac\" data-element_type=\"widget\" data-widget_type=\"woocommerce-breadcrumb.default\">\n\t\t\t\t\t<nav class=\"woocommerce-breadcrumb\" aria-label=\"Breadcrumb\">In\u00edcio<\/nav>\t\t\t\t<\/div>\n\t\t\t\t\t<\/div>\n\t\t\t\t<\/div>\n\t\t\t\t<\/div>\n\t\t\t\t<\/div>\n\t\t\t\t\t\t<\/div>\n\t\t\t\t<\/div>\n\t\t\t\t<\/div>\n\t\t<div class=\"elementor-element elementor-element-51cd39d e-flex e-con-boxed e-con e-parent\" data-id=\"51cd39d\" data-element_type=\"container\">\n\t\t\t\t\t<div class=\"e-con-inner\">\n\t\t\t\t<div class=\"elementor-element elementor-element-6dec5e5 elementor-widget elementor-widget-text-editor\" data-id=\"6dec5e5\" data-element_type=\"widget\" data-widget_type=\"text-editor.default\">\n\t\t\t\t\t\t\t\t\t<h4>\u00c2mbito da nossa Pol\u00edtica de Privacidade<\/h4><p>A Arvi aplica a presente Pol\u00edtica de Privacidade ao seu website, respeitando a privacidade de todos os dados pessoais recolhidos dos seus utilizadores. Atrav\u00e9s desta Pol\u00edtica pode saber como s\u00e3o recolhidos, tratados e usados.<br \/>\u00c0 Arvi reserva-se o direito de atualizar a sua Pol\u00edtica de Privacidade a qualquer momento.<br \/>Informamos que os seus dados n\u00e3o ser\u00e3o utilizados para quaisquer outras finalidades que n\u00e3o as abaixo mencionadas.<\/p><h4>Respons\u00e1vel pelo Tratamento dos Dados Pessoais<\/h4><p>A Entidade respons\u00e1vel pelo tratamento dos dados pessoais \u00e9 a Argon Lda, com o NIPC 505692325 e sediada na Rua No\u00e9 Pereira, 473, 4510-706 F\u00e2nzeres, Gondomar, que determina a finalidade e o meio de tratamento dos mesmos.<br \/>Para mais informa\u00e7\u00f5es e esclarecimentos sobre este assunto, poder\u00e1 contactar-nos atrav\u00e9s do endere\u00e7o de e-mail info@arvielectric.com.<\/p><h4>Quando e Como recolhemos os dados pessoais<\/h4><p>Os seus dados s\u00e3o recolhidos aquando o seu consentimento na subscri\u00e7\u00e3o da nossa newsletter online ou atrav\u00e9s do Formul\u00e1rio de Contacto, no nosso website.<\/p><h4>Finalidades do tratamento<\/h4><p>Os dados recolhidos s\u00e3o tratados com a finalidade de desenvolvimento de rela\u00e7\u00f5es contratuais, divulga\u00e7\u00e3o de informa\u00e7\u00e3o comercial dos nossos produtos, servi\u00e7os e campanhas, n\u00e3o sendo utilizados fora desse \u00e2mbito.<br \/>Os seus dados pessoais n\u00e3o ser\u00e3o utilizados para outras finalidades que n\u00e3o as descritas na presente pol\u00edtica de privacidade, sem que tal lhe seja previamente informado ou, se for o caso, obtido o seu consentimento.<br \/>Os fundamentos jur\u00eddicos que legitimam o tratamento dos seus dados pessoais pela Arvi s\u00e3o os seguintes:<br \/>a) O consentimento atrav\u00e9s da subscri\u00e7\u00e3o da nossa newsletter ou formul\u00e1rio de contacto;<br \/>b) Os dados pessoais s\u00e3o necess\u00e1rios para a execu\u00e7\u00e3o de um contrato;<br \/>c) Os dados pessoais s\u00e3o necess\u00e1rios para efeitos de dar cumprimento a uma obriga\u00e7\u00e3o legal a que a Arvi esteja sujeita;<br \/>d) Os dados pessoais s\u00e3o necess\u00e1rios para efeitos dos interesses leg\u00edtimos prosseguidos pela Arvi, desde que prevale\u00e7am sobre os interesses ou direitos, liberdades e garantias do titular dos dados.<\/p><h4>Tempo de conserva\u00e7\u00e3o dos dados pessoais<\/h4><p>Os seus dados ser\u00e3o recolhidos e armazenados pelo per\u00edodo considerado necess\u00e1rio para cumprimento dos fins previstos, at\u00e9 cancelamento da sua subscri\u00e7\u00e3o da newsletter, pedido de elimina\u00e7\u00e3o dos seus dados de registo (via e-mail) ou at\u00e9 a Arvi n\u00e3o considerar pertinente mant\u00ea-los na sua base de dados.<\/p><h4>Quem tem acesso aos dados<\/h4><p>Aos seus dados tem apenas acesso a Arvi, exceto quando lhe \u00e9 solicitado consentimento ou quando tal for exigido para cumprimento de obriga\u00e7\u00f5es legais.<\/p><h4>Onde s\u00e3o guardados os dados<\/h4><p>Os seus dados s\u00e3o armazenados nos servidores da Arvi, localizados na Uni\u00e3o Europeia e aos quais s\u00e3o garantidos os mecanismos de seguran\u00e7a e prote\u00e7\u00e3o de modo a assegurar o cumprimento das leis de privacidade aplic\u00e1veis.<\/p><h4>Direitos do titular dos dados<\/h4><p>De acordo com o disposto no Regulamento Geral de Prote\u00e7\u00e3o de Dados, tem o direito de solicitar \u00e0 Arvi o acesso aos seus dados pessoais, bem como a sua retifica\u00e7\u00e3o, apagamento, limita\u00e7\u00e3o do tratamento que disser respeito ao titular dos dados ou do seu direito de se opor ao tratamento, bem como o direito \u00e0 portabilidade dos dados, e ainda o direito de retirar o consentimento em qualquer altura, sem comprometer a licitude do tratamento efetuado com base no consentimento previamente dado. Tem ainda o direito de apresentar reclama\u00e7\u00e3o a uma autoridade de controlo (CNPD- Comiss\u00e3o Nacional de Prote\u00e7\u00e3o de Dados). No caso de pretender exercer qualquer um dos seus direitos ou simplesmente solicitar informa\u00e7\u00e3o, deve encaminhar a sua solicita\u00e7\u00e3o para o e-mail info@arvielectric.com .<br \/>No caso de existir alguma viola\u00e7\u00e3o dos seus dados pessoais, ser\u00e1 informado.<\/p><p>Para a Arvi este \u00e9 um assunto bastante importante e, nesse sentido, tom\u00e1mos medidas internas de modo a assegurar a confidencialidade e seguran\u00e7a dos seus dados pessoais.<\/p><p>A sua privacidade \u00e9 muito importante para n\u00f3s!<\/p><p><strong>Data da u\u0301ltima atualizac\u0327a\u0303o: 22\/10\/2024<\/strong><\/p>\t\t\t\t\t\t\t\t<\/div>\n\t\t\t\t\t<\/div>\n\t\t\t\t<\/div>\n\t\t\t\t<\/div>\n\t\t","protected":false},"excerpt":{"rendered":"<p>\u00c2mbito da nossa Pol\u00edtica de Privacidade A Arvi aplica a presente Pol\u00edtica de Privacidade ao seu website, respeitando a privacidade de todos os dados pessoais recolhidos dos seus utilizadores. Atrav\u00e9s desta Pol\u00edtica pode saber como s\u00e3o recolhidos, tratados e usados.\u00c0 Arvi reserva-se o direito de atualizar a sua Pol\u00edtica de Privacidade a qualquer momento.Informamos que [&hellip;]<\/p>\n","protected":false},"author":1,"featured_media":0,"parent":0,"menu_order":0,"comment_status":"closed","ping_status":"closed","template":"","meta":{"_acf_changed":false,"_seopress_robots_primary_cat":"","_seopress_titles_title":"Pol\u00edtica de Privacidade - Arvi","_seopress_titles_desc":"A Arvi aplica a presente Pol\u00edtica de Privacidade ao seu website, respeitando a privacidade de todos os dados pessoais recolhidos dos seus utilizadores.","_seopress_robots_index":"","footnotes":""},"class_list":["post-2571","page","type-page","status-publish","hentry"],"acf":[],"_links":{"self":[{"href":"https:\/\/arvielectric.com\/pt-pt\/wp-json\/wp\/v2\/pages\/2571","targetHints":{"allow":["GET"]}}],"collection":[{"href":"https:\/\/arvielectric.com\/pt-pt\/wp-json\/wp\/v2\/pages"}],"about":[{"href":"https:\/\/arvielectric.com\/pt-pt\/wp-json\/wp\/v2\/types\/page"}],"author":[{"embeddable":true,"href":"https:\/\/arvielectric.com\/pt-pt\/wp-json\/wp\/v2\/users\/1"}],"replies":[{"embeddable":true,"href":"https:\/\/arvielectric.com\/pt-pt\/wp-json\/wp\/v2\/comments?post=2571"}],"version-history":[{"count":11,"href":"https:\/\/arvielectric.com\/pt-pt\/wp-json\/wp\/v2\/pages\/2571\/revisions"}],"predecessor-version":[{"id":13931,"href":"https:\/\/arvielectric.com\/pt-pt\/wp-json\/wp\/v2\/pages\/2571\/revisions\/13931"}],"wp:attachment":[{"href":"https:\/\/arvielectric.com\/pt-pt\/wp-json\/wp\/v2\/media?parent=2571"}],"curies":[{"name":"wp","href":"https:\/\/api.w.org\/{rel}","templated":true}]}}