{"id":2583,"date":"2019-09-06T15:04:20","date_gmt":"2019-09-06T14:04:20","guid":{"rendered":"https:\/\/arvielectric.com\/?page_id=2583"},"modified":"2025-06-02T15:23:35","modified_gmt":"2025-06-02T14:23:35","slug":"termos-e-condicoes","status":"publish","type":"page","link":"https:\/\/arvielectric.com\/pt-pt\/termos-e-condicoes\/","title":{"rendered":"Termos e Condi\u00e7\u00f5es"},"content":{"rendered":"\t\t<div data-elementor-type=\"wp-page\" data-elementor-id=\"2583\" class=\"elementor elementor-2583\" data-elementor-post-type=\"page\">\n\t\t\t\t<div class=\"elementor-element elementor-element-a72792a e-con-full e-flex e-con e-parent\" data-id=\"a72792a\" data-element_type=\"container\">\n\t\t\t\t<div class=\"elementor-element elementor-element-e63edf4 elementor-widget elementor-widget-template\" data-id=\"e63edf4\" data-element_type=\"widget\" data-widget_type=\"template.default\">\n\t\t\t\t<div class=\"elementor-widget-container\">\n\t\t\t\t\t\t\t<div class=\"elementor-template\">\n\t\t\t\t\t<div data-elementor-type=\"container\" data-elementor-id=\"5964\" class=\"elementor elementor-5964\" data-elementor-post-type=\"elementor_library\">\n\t\t\t\t<div class=\"elementor-element elementor-element-3ece3bd6 e-flex e-con-boxed e-con e-parent\" data-id=\"3ece3bd6\" data-element_type=\"container\" data-settings=\"{&quot;background_background&quot;:&quot;classic&quot;}\">\n\t\t\t\t\t<div class=\"e-con-inner\">\n\t\t\t\t<div class=\"elementor-element elementor-element-411eaac elementor-widget elementor-widget-woocommerce-breadcrumb\" data-id=\"411eaac\" data-element_type=\"widget\" data-widget_type=\"woocommerce-breadcrumb.default\">\n\t\t\t\t\t<nav class=\"woocommerce-breadcrumb\" aria-label=\"Breadcrumb\">In\u00edcio<\/nav>\t\t\t\t<\/div>\n\t\t\t\t\t<\/div>\n\t\t\t\t<\/div>\n\t\t\t\t<\/div>\n\t\t\t\t<\/div>\n\t\t\t\t\t\t<\/div>\n\t\t\t\t<\/div>\n\t\t\t\t<\/div>\n\t\t<div class=\"elementor-element elementor-element-1c6f831 e-flex e-con-boxed e-con e-parent\" data-id=\"1c6f831\" data-element_type=\"container\">\n\t\t\t\t\t<div class=\"e-con-inner\">\n\t\t\t\t<div class=\"elementor-element elementor-element-11d749e elementor-widget elementor-widget-text-editor\" data-id=\"11d749e\" data-element_type=\"widget\" data-widget_type=\"text-editor.default\">\n\t\t\t\t\t\t\t\t\t<h4>Condi\u00e7\u00f5es Gerais<\/h4><p>Os presentes Termos e Condi\u00e7\u00f5es regulam a utiliza\u00e7\u00e3o do website da Arvi, acess\u00edvel a partir do endere\u00e7o www.arvielectric.com. Pedimos que leia atentamente os nossos Termos e Condi\u00e7\u00f5es. A utiliza\u00e7\u00e3o do nosso website assume que concorda com os mesmos.<\/p><h4>Pol\u00edtica de Privacidade \/ Prote\u00e7\u00e3o de Dados<\/h4><p>O tratamento dos dados pessoais enviados para o nosso website ser\u00e1 feito de acordo com a nossa <a href=\"https:\/\/arvielectric.com\/politica-de-privacidade\/\">Pol\u00edtica de Privacidade<\/a>.<\/p><h4>Conte\u00fado do Website<\/h4><p>A informa\u00e7\u00e3o constante do website, nomeadamente imagens, ficheiros de texto, v\u00eddeos, e todas as outras informa\u00e7\u00f5es, tamb\u00e9m como a organiza\u00e7\u00e3o e layout do mesmo, s\u00e3o protegidos por direitos de autor ao abrigo das leis portuguesas e da Uni\u00e3o Europeia. Tanto o website como parte do mesmo, n\u00e3o pode ser copiado, distribu\u00eddo, modificado ou colocado noutros sites, sem consentimento pr\u00e9vio por escrito da Arvi.<br \/>Apesar de haver um esfor\u00e7o por parte da Arvi para garantir que a informa\u00e7\u00e3o presente no website \u00e9 totalmente atual e exata, a Arvi n\u00e3o se responsabiliza no caso da mesma n\u00e3o estar rigorosa.<\/p><h4>Newsletter<\/h4><p>A subscri\u00e7\u00e3o da newsletter poder\u00e1 ser feita no website da Arvi por parte de qualquer utilizador. A subscri\u00e7\u00e3o ter\u00e1 por base a aceita\u00e7\u00e3o da Pol\u00edtica de Privacidade da Arvi. Poder\u00e1 cancelar a subscri\u00e7\u00e3o a qualquer momento, na op\u00e7\u00e3o para o efeito presente na newsletter rececionado pelo utilizador.<\/p><h4>Links para acesso a p\u00e1ginas externas<\/h4><p>A Arvi disponibiliza links para p\u00e1ginas externas, como a plataforma de e-commerce My.Argon, sendo a sua gest\u00e3o da responsabilidade da Argon Lda.<\/p><h4>Cookies<\/h4><p>O website da Arvi utiliza cookies, recolhendo as de sess\u00e3o e as anal\u00edticas (n\u00e3o permanentes). As cookies de sess\u00e3o s\u00e3o tempor\u00e1rias e t\u00eam como finalidade identificar problemas de navega\u00e7\u00e3o permitindo uma melhor experi\u00eancia aos utilizadores. As cookies anal\u00edticas t\u00eam como finalidade permitir \u00e0 Arvi a an\u00e1lise do comportamento dos utilizadores na navega\u00e7\u00e3o do website, permitindo o desenvolvimento de algumas funcionalidades e detetar eventuais falhas. As cookies s\u00e3o tratadas de forma an\u00f3nima para fins estat\u00edsticos, n\u00e3o processando dados pessoais dos utilizadores.<br \/>Para gerir as suas cookies pode recorrer \u00e0s op\u00e7\u00f5es do seu browser e configurar as mesmas, podendo aceitar, recusar ou apagar.<\/p><h4>Atualiza\u00e7\u00f5es Legais<\/h4><p>\u00c0 Arvi reserva-se o direito alterar estes Termos e Condi\u00e7\u00f5es sem comunica\u00e7\u00e3o pr\u00e9via.<\/p><h4>Contacto<\/h4><p>Se tiver alguma quest\u00e3o sobre os presentes Termos e Condi\u00e7\u00f5es, pode envi\u00e1-la por carta para a Rua No\u00e9 Pereira, 473, 4510-706 Gondomar ou atrav\u00e9s de e-mail para <a href=\"mailto:info@arvielectric.com\">info@arvielectric.com<\/a>.<\/p><p><strong>Data da \u00faltima atualiza\u00e7\u00e3o: 22\/10\/2024<\/strong><\/p>\t\t\t\t\t\t\t\t<\/div>\n\t\t\t\t\t<\/div>\n\t\t\t\t<\/div>\n\t\t\t\t<\/div>\n\t\t","protected":false},"excerpt":{"rendered":"<p>Condi\u00e7\u00f5es Gerais Os presentes Termos e Condi\u00e7\u00f5es regulam a utiliza\u00e7\u00e3o do website da Arvi, acess\u00edvel a partir do endere\u00e7o www.arvielectric.com. Pedimos que leia atentamente os nossos Termos e Condi\u00e7\u00f5es. A utiliza\u00e7\u00e3o do nosso website assume que concorda com os mesmos. Pol\u00edtica de Privacidade \/ Prote\u00e7\u00e3o de Dados O tratamento dos dados pessoais enviados para o [&hellip;]<\/p>\n","protected":false},"author":1,"featured_media":0,"parent":0,"menu_order":0,"comment_status":"closed","ping_status":"closed","template":"","meta":{"_acf_changed":false,"_seopress_robots_primary_cat":"","_seopress_titles_title":"Termos e Condi\u00e7\u00f5es - Arvi","_seopress_titles_desc":"Os presentes Termos e Condi\u00e7\u00f5es regulam a utiliza\u00e7\u00e3o do website da Arvi, acess\u00edvel a partir do endere\u00e7o www.arvielectric.com.","_seopress_robots_index":"","footnotes":""},"class_list":["post-2583","page","type-page","status-publish","hentry"],"acf":[],"_links":{"self":[{"href":"https:\/\/arvielectric.com\/pt-pt\/wp-json\/wp\/v2\/pages\/2583","targetHints":{"allow":["GET"]}}],"collection":[{"href":"https:\/\/arvielectric.com\/pt-pt\/wp-json\/wp\/v2\/pages"}],"about":[{"href":"https:\/\/arvielectric.com\/pt-pt\/wp-json\/wp\/v2\/types\/page"}],"author":[{"embeddable":true,"href":"https:\/\/arvielectric.com\/pt-pt\/wp-json\/wp\/v2\/users\/1"}],"replies":[{"embeddable":true,"href":"https:\/\/arvielectric.com\/pt-pt\/wp-json\/wp\/v2\/comments?post=2583"}],"version-history":[{"count":12,"href":"https:\/\/arvielectric.com\/pt-pt\/wp-json\/wp\/v2\/pages\/2583\/revisions"}],"predecessor-version":[{"id":13912,"href":"https:\/\/arvielectric.com\/pt-pt\/wp-json\/wp\/v2\/pages\/2583\/revisions\/13912"}],"wp:attachment":[{"href":"https:\/\/arvielectric.com\/pt-pt\/wp-json\/wp\/v2\/media?parent=2583"}],"curies":[{"name":"wp","href":"https:\/\/api.w.org\/{rel}","templated":true}]}}