{"id":5735,"date":"2025-02-26T01:25:40","date_gmt":"2025-02-26T01:25:40","guid":{"rendered":"https:\/\/arvielectric.com\/register\/"},"modified":"2025-10-20T13:09:37","modified_gmt":"2025-10-20T12:09:37","slug":"registar","status":"publish","type":"page","link":"https:\/\/arvielectric.com\/pt-pt\/registar\/","title":{"rendered":"Registar"},"content":{"rendered":"\t\t<div data-elementor-type=\"wp-page\" data-elementor-id=\"5735\" class=\"elementor elementor-5735\" data-elementor-post-type=\"page\">\n\t\t\t\t<div class=\"elementor-element elementor-element-fdb5fa4 e-con-full e-flex e-con e-parent\" data-id=\"fdb5fa4\" data-element_type=\"container\">\n\t\t\t\t<div class=\"elementor-element elementor-element-ffa8d25 elementor-widget elementor-widget-template\" data-id=\"ffa8d25\" data-element_type=\"widget\" data-widget_type=\"template.default\">\n\t\t\t\t<div class=\"elementor-widget-container\">\n\t\t\t\t\t\t\t<div class=\"elementor-template\">\n\t\t\t\t\t<div data-elementor-type=\"container\" data-elementor-id=\"5964\" class=\"elementor elementor-5964\" data-elementor-post-type=\"elementor_library\">\n\t\t\t\t<div class=\"elementor-element elementor-element-3ece3bd6 e-flex e-con-boxed e-con e-parent\" data-id=\"3ece3bd6\" data-element_type=\"container\" data-settings=\"{&quot;background_background&quot;:&quot;classic&quot;}\">\n\t\t\t\t\t<div class=\"e-con-inner\">\n\t\t\t\t<div class=\"elementor-element elementor-element-411eaac elementor-widget elementor-widget-woocommerce-breadcrumb\" data-id=\"411eaac\" data-element_type=\"widget\" data-widget_type=\"woocommerce-breadcrumb.default\">\n\t\t\t\t\t<nav class=\"woocommerce-breadcrumb\" aria-label=\"Breadcrumb\">In\u00edcio<\/nav>\t\t\t\t<\/div>\n\t\t\t\t\t<\/div>\n\t\t\t\t<\/div>\n\t\t\t\t<\/div>\n\t\t\t\t<\/div>\n\t\t\t\t\t\t<\/div>\n\t\t\t\t<\/div>\n\t\t\t\t<\/div>\n\t\t<div class=\"elementor-element elementor-element-46a5251d e-flex e-con-boxed e-con e-parent\" data-id=\"46a5251d\" data-element_type=\"container\">\n\t\t\t\t\t<div class=\"e-con-inner\">\n\t\t\t\t<div class=\"elementor-element elementor-element-3544814e elementor-widget elementor-widget-shortcode\" data-id=\"3544814e\" data-element_type=\"widget\" data-widget_type=\"shortcode.default\">\n\t\t\t\t\t\t\t<div class=\"elementor-shortcode\">\n<div class=\"um um-register um-12035\">\n\t<div class=\"um-form\" data-mode=\"register\">\n\t\t<form method=\"post\" action=\"\">\n\t\t\t<div class=\"um-row _um_row_1 \" style=\"margin: 0 0 30px 0;\"><div class=\"um-col-1\"><div  id=\"um_field_12035_user_email\" class=\"um-field um-field-text  um-field-user_email um-field-text um-field-type_text\" data-key=\"user_email\"><div class=\"um-field-label\"><label for=\"user_email-12035\">Email<\/label><div class=\"um-clear\"><\/div><\/div><div class=\"um-field-area\"><input  autocomplete=\"off\" class=\"um-form-field valid \" type=\"text\" name=\"user_email-12035\" id=\"user_email-12035\" value=\"\" placeholder=\"\" data-validate=\"unique_username_or_email\" data-key=\"user_email\"  aria-invalid=\"false\" \/>\n\n\t\t\t\t\t\t<\/div><\/div><div  id=\"um_field_12035_user_password\" class=\"um-field um-field-password  um-field-user_password um-field-password um-field-type_password\" data-key=\"user_password\"><div class=\"um-field-label\"><label for=\"user_password-12035\">Password<\/label><div class=\"um-clear\"><\/div><\/div><div class=\"um-field-area\"><input class=\"um-form-field valid \" type=\"password\" name=\"user_password-12035\" id=\"user_password-12035\" value=\"\" placeholder=\"\" data-validate=\"\" data-key=\"user_password\"  aria-invalid=\"false\" \/>\n\n\t\t\t\t\t\t\t<\/div><\/div><div  id=\"um_field_12035_confirm_user_password\" class=\"um-field um-field-password  um-field-user_password um-field-password um-field-type_password\" data-key=\"confirm_user_password\"><div class=\"um-field-label\"><label for=\"confirm_user_password-12035\">Confirmar Password<\/label><div class=\"um-clear\"><\/div><\/div><div class=\"um-field-area\"><input class=\"um-form-field valid \" type=\"password\" name=\"confirm_user_password-12035\" id=\"confirm_user_password-12035\" value=\"\" placeholder=\"Confirmar Password\" data-validate=\"\" data-key=\"confirm_user_password\"  aria-invalid=\"false\" \/><\/div><\/div><div  id=\"um_field_12035_country\" class=\"um-field um-field-select  um-field-country um-field-select um-field-type_select\" data-key=\"country\"><div class=\"um-field-label\"><label for=\"country-12035\">Pa\u00eds<\/label><div class=\"um-clear\"><\/div><\/div><div class=\"um-field-area  \"><select data-default=\"\"     name=\"country\" id=\"country\" data-validate=\"\" data-key=\"country\" class=\"um-form-field valid um-s1 \" style=\"width: 100%\" data-placeholder=\"Choose a Country\"   aria-invalid=\"false\" ><option value=\"\"><\/option><option value=\"Afeganist\u00e3o\" >Afeganist\u00e3o<\/option><option value=\"\u00c1frica do Sul\" >\u00c1frica do Sul<\/option><option value=\"Alb\u00e2nia\" >Alb\u00e2nia<\/option><option value=\"Alemanha\" >Alemanha<\/option><option value=\"Andorra\" >Andorra<\/option><option value=\"Angola\" >Angola<\/option><option value=\"Ant\u00e1rtida\" >Ant\u00e1rtida<\/option><option value=\"Ant\u00edgua e Barbuda\" >Ant\u00edgua e Barbuda<\/option><option value=\"Ar\u00e1bia Saudita\" >Ar\u00e1bia Saudita<\/option><option value=\"Arg\u00e9lia\" >Arg\u00e9lia<\/option><option value=\"Argentina\" >Argentina<\/option><option value=\"Arm\u00e9nia\" >Arm\u00e9nia<\/option><option value=\"Austr\u00e1lia\" >Austr\u00e1lia<\/option><option value=\"\u00c1ustria\" >\u00c1ustria<\/option><option value=\"Azerbaij\u00e3o\" >Azerbaij\u00e3o<\/option><option value=\"Bahamas\" >Bahamas<\/option><option value=\"Bangladeche\" >Bangladeche<\/option><option value=\"Barbados\" >Barbados<\/option><option value=\"Bar\u00e9m\" >Bar\u00e9m<\/option><option value=\"B\u00e9lgica\" >B\u00e9lgica<\/option><option value=\"Belize\" >Belize<\/option><option value=\"Benim\" >Benim<\/option><option value=\"Bermudas\" >Bermudas<\/option><option value=\"Bielorr\u00fassia\" >Bielorr\u00fassia<\/option><option value=\"Bol\u00edvia, Estado Plurinacional da\" >Bol\u00edvia, Estado Plurinacional da<\/option><option value=\"B\u00f3snia e Herzegovina\" >B\u00f3snia e Herzegovina<\/option><option value=\"Botsuana\" >Botsuana<\/option><option value=\"Brasil\" >Brasil<\/option><option value=\"Brunei Darussalam\" >Brunei Darussalam<\/option><option value=\"Bulg\u00e1ria\" >Bulg\u00e1ria<\/option><option value=\"Burquina Faso\" >Burquina Faso<\/option><option value=\"Bur\u00fandi\" >Bur\u00fandi<\/option><option value=\"But\u00e3o\" >But\u00e3o<\/option><option value=\"Cabo Verde\" >Cabo Verde<\/option><option value=\"Camar\u00f5es\" >Camar\u00f5es<\/option><option value=\"Camboja\" >Camboja<\/option><option value=\"Canad\u00e1\" >Canad\u00e1<\/option><option value=\"Catar\" >Catar<\/option><option value=\"Cazaquist\u00e3o\" >Cazaquist\u00e3o<\/option><option value=\"Chade\" >Chade<\/option><option value=\"Chequia\" >Chequia<\/option><option value=\"Chile\" >Chile<\/option><option value=\"China\" >China<\/option><option value=\"Chipre\" >Chipre<\/option><option value=\"Col\u00f4mbia\" >Col\u00f4mbia<\/option><option value=\"Comores\" >Comores<\/option><option value=\"Congo\" >Congo<\/option><option value=\"Congo, Rep\u00fablica Democr\u00e1tica do\" >Congo, Rep\u00fablica Democr\u00e1tica do<\/option><option value=\"Coreia, Rep\u00fablica da\" >Coreia, Rep\u00fablica da<\/option><option value=\"Coreia, Rep\u00fablica Popular Democr\u00e1tica da\" >Coreia, Rep\u00fablica Popular Democr\u00e1tica da<\/option><option value=\"Costa do Marfim\" >Costa do Marfim<\/option><option value=\"Costa Rica\" >Costa Rica<\/option><option value=\"Cro\u00e1cia\" >Cro\u00e1cia<\/option><option value=\"Cuba\" >Cuba<\/option><option value=\"Dinamarca\" >Dinamarca<\/option><option value=\"Dom\u00ednica\" >Dom\u00ednica<\/option><option value=\"Egito\" >Egito<\/option><option value=\"Emirados \u00c1rabes Unidos\" >Emirados \u00c1rabes Unidos<\/option><option value=\"Equador\" >Equador<\/option><option value=\"Eritreia\" >Eritreia<\/option><option value=\"Eslov\u00e1quia\" >Eslov\u00e1quia<\/option><option value=\"Eslov\u00e9nia\" >Eslov\u00e9nia<\/option><option value=\"Espanha\" >Espanha<\/option><option value=\"Estados Unidos\" >Estados Unidos<\/option><option value=\"Est\u00f3nia\" >Est\u00f3nia<\/option><option value=\"Eswatini\" >Eswatini<\/option><option value=\"Eti\u00f3pia\" >Eti\u00f3pia<\/option><option value=\"Fiji\" >Fiji<\/option><option value=\"Filipinas\" >Filipinas<\/option><option value=\"Finl\u00e2ndia\" >Finl\u00e2ndia<\/option><option value=\"Fran\u00e7a\" >Fran\u00e7a<\/option><option value=\"Gab\u00e3o\" >Gab\u00e3o<\/option><option value=\"G\u00e2mbia\" >G\u00e2mbia<\/option><option value=\"Ge\u00f3rgia\" >Ge\u00f3rgia<\/option><option value=\"Ge\u00f3rgia do Sul e Ilhas Sandwich do Sul\" >Ge\u00f3rgia do Sul e Ilhas Sandwich do Sul<\/option><option value=\"Ghana\" >Ghana<\/option><option value=\"Gibraltar\" >Gibraltar<\/option><option value=\"Granada\" >Granada<\/option><option value=\"Gr\u00e9cia\" >Gr\u00e9cia<\/option><option value=\"Gronel\u00e2ndia\" >Gronel\u00e2ndia<\/option><option value=\"Guadalupe\" >Guadalupe<\/option><option value=\"Guame\" >Guame<\/option><option value=\"Guatemala\" >Guatemala<\/option><option value=\"Guernesei\" >Guernesei<\/option><option value=\"Guiana\" >Guiana<\/option><option value=\"Guiana Francesa\" >Guiana Francesa<\/option><option value=\"Guin\u00e9\" >Guin\u00e9<\/option><option value=\"Guin\u00e9-Bissau\" >Guin\u00e9-Bissau<\/option><option value=\"Guin\u00e9 Equatorial\" >Guin\u00e9 Equatorial<\/option><option value=\"Haiti\" >Haiti<\/option><option value=\"Pa\u00edses Baixos\" >Pa\u00edses Baixos<\/option><option value=\"Honduras\" >Honduras<\/option><option value=\"Hong Kong\" >Hong Kong<\/option><option value=\"Hungria\" >Hungria<\/option><option value=\"I\u00e9men\" >I\u00e9men<\/option><option value=\"Ilha Bouvet\" >Ilha Bouvet<\/option><option value=\"Ilha do Natal\" >Ilha do Natal<\/option><option value=\"Ilha de Man\" >Ilha de Man<\/option><option value=\"Ilha Heard e Ilhas McDonald\" >Ilha Heard e Ilhas McDonald<\/option><option value=\"Ilha Norfolk\" >Ilha Norfolk<\/option><option value=\"Ilhas \u00c5land\" >Ilhas \u00c5land<\/option><option value=\"Ilhas Caim\u00e3o\" >Ilhas Caim\u00e3o<\/option><option value=\"Ilhas Cocos (Keeling)\" >Ilhas Cocos (Keeling)<\/option><option value=\"Ilhas Falkland (Malvinas)\" >Ilhas Falkland (Malvinas)<\/option><option value=\"Ilhas Faro\u00e9\" >Ilhas Faro\u00e9<\/option><option value=\"Ilhas Marianas do Norte\" >Ilhas Marianas do Norte<\/option><option value=\"Ilhas Marshall\" >Ilhas Marshall<\/option><option value=\"Ilhas Menores Distantes dos Estados Unidos\" >Ilhas Menores Distantes dos Estados Unidos<\/option><option value=\"Ilhas Salom\u00e3o\" >Ilhas Salom\u00e3o<\/option><option value=\"Ilhas Turcas e Caicos\" >Ilhas Turcas e Caicos<\/option><option value=\"Ilhas Virgens Americanas\" >Ilhas Virgens Americanas<\/option><option value=\"Ilhas Virgens Brit\u00e2nicas\" >Ilhas Virgens Brit\u00e2nicas<\/option><option value=\"\u00cdndia\" >\u00cdndia<\/option><option value=\"Indon\u00e9sia\" >Indon\u00e9sia<\/option><option value=\"Ir\u00e3o, Rep\u00fablica Isl\u00e2mica do\" >Ir\u00e3o, Rep\u00fablica Isl\u00e2mica do<\/option><option value=\"Iraque\" >Iraque<\/option><option value=\"Irlanda\" >Irlanda<\/option><option value=\"Isl\u00e2ndia\" >Isl\u00e2ndia<\/option><option value=\"Israel\" >Israel<\/option><option value=\"It\u00e1lia\" >It\u00e1lia<\/option><option value=\"Jamaica\" >Jamaica<\/option><option value=\"Jap\u00e3o\" >Jap\u00e3o<\/option><option value=\"Jibuti\" >Jibuti<\/option><option value=\"Jord\u00e2nia\" >Jord\u00e2nia<\/option><option value=\"Kiribati\" >Kiribati<\/option><option value=\"Kosovo\" >Kosovo<\/option><option value=\"Kuwait\" >Kuwait<\/option><option value=\"Laos, Rep\u00fablica Democr\u00e1tica Popular do\" >Laos, Rep\u00fablica Democr\u00e1tica Popular do<\/option><option value=\"Lesoto\" >Lesoto<\/option><option value=\"Let\u00f3nia\" >Let\u00f3nia<\/option><option value=\"L\u00edbano\" >L\u00edbano<\/option><option value=\"Lib\u00e9ria\" >Lib\u00e9ria<\/option><option value=\"L\u00edbia\" >L\u00edbia<\/option><option value=\"Listenstaine\" >Listenstaine<\/option><option value=\"Litu\u00e2nia\" >Litu\u00e2nia<\/option><option value=\"Luxemburgo\" >Luxemburgo<\/option><option value=\"Macau\" >Macau<\/option><option value=\"Maced\u00f3nia do Norte\" >Maced\u00f3nia do Norte<\/option><option value=\"Madag\u00e1scar\" >Madag\u00e1scar<\/option><option value=\"Mal\u00e1ui\" >Mal\u00e1ui<\/option><option value=\"Mal\u00e1sia\" >Mal\u00e1sia<\/option><option value=\"Maldivas\" >Maldivas<\/option><option value=\"Mali\" >Mali<\/option><option value=\"Malta\" >Malta<\/option><option value=\"Maiote\" >Maiote<\/option><option value=\"Marrocos\" >Marrocos<\/option><option value=\"Martinica\" >Martinica<\/option><option value=\"Maur\u00edcia\" >Maur\u00edcia<\/option><option value=\"Maurit\u00e2nia\" >Maurit\u00e2nia<\/option><option value=\"M\u00e9xico\" >M\u00e9xico<\/option><option value=\"Mianmar\" >Mianmar<\/option><option value=\"Micron\u00e9sia, Estados Federados da\" >Micron\u00e9sia, Estados Federados da<\/option><option value=\"Mold\u00e1via\" >Mold\u00e1via<\/option><option value=\"M\u00f3naco\" >M\u00f3naco<\/option><option value=\"Mong\u00f3lia\" >Mong\u00f3lia<\/option><option value=\"Montenegro\" >Montenegro<\/option><option value=\"Montserrat\" >Montserrat<\/option><option value=\"Mo\u00e7ambique\" >Mo\u00e7ambique<\/option><option value=\"Nam\u00edbia\" >Nam\u00edbia<\/option><option value=\"Nauru\" >Nauru<\/option><option value=\"Nepal\" >Nepal<\/option><option value=\"Nicar\u00e1gua\" >Nicar\u00e1gua<\/option><option value=\"N\u00edger\" >N\u00edger<\/option><option value=\"Nig\u00e9ria\" >Nig\u00e9ria<\/option><option value=\"Niu\u00ea\" >Niu\u00ea<\/option><option value=\"Nova Caled\u00f3nia\" >Nova Caled\u00f3nia<\/option><option value=\"Nova Zel\u00e2ndia\" >Nova Zel\u00e2ndia<\/option><option value=\"Om\u00e3\" >Om\u00e3<\/option><option value=\"Palau\" >Palau<\/option><option value=\"Palestina\" >Palestina<\/option><option value=\"Panam\u00e1\" >Panam\u00e1<\/option><option value=\"Papua-Nova Guin\u00e9\" >Papua-Nova Guin\u00e9<\/option><option value=\"Paraguai\" >Paraguai<\/option><option value=\"Peru\" >Peru<\/option><option value=\"Pitcairn\" >Pitcairn<\/option><option value=\"Pol\u00f3nia\" >Pol\u00f3nia<\/option><option value=\"Portugal\" >Portugal<\/option><option value=\"Porto Rico\" >Porto Rico<\/option><option value=\"Qu\u00e9nia\" >Qu\u00e9nia<\/option><option value=\"Quirguist\u00e3o\" >Quirguist\u00e3o<\/option><option value=\"Quiribati\" >Quiribati<\/option><option value=\"Reino Unido\" >Reino Unido<\/option><option value=\"Reuni\u00e3o\" >Reuni\u00e3o<\/option><option value=\"Rom\u00e9nia\" >Rom\u00e9nia<\/option><option value=\"Ruanda\" >Ruanda<\/option><option value=\"R\u00fassia\" >R\u00fassia<\/option><option value=\"Samoa\" >Samoa<\/option><option value=\"Santa Helena\" >Santa Helena<\/option><option value=\"Santa L\u00facia\" >Santa L\u00facia<\/option><option value=\"Santa S\u00e9 (Estado da Cidade do Vaticano)\" >Santa S\u00e9 (Estado da Cidade do Vaticano)<\/option><option value=\"S\u00e3o Bartolomeu\" >S\u00e3o Bartolomeu<\/option><option value=\"S\u00e3o Crist\u00f3v\u00e3o e Neves\" >S\u00e3o Crist\u00f3v\u00e3o e Neves<\/option><option value=\"S\u00e3o Martinho (parte francesa)\" >S\u00e3o Martinho (parte francesa)<\/option><option value=\"S\u00e3o Pedro e Miquel\u00e3o\" >S\u00e3o Pedro e Miquel\u00e3o<\/option><option value=\"S\u00e3o Tom\u00e9 e Pr\u00edncipe\" >S\u00e3o Tom\u00e9 e Pr\u00edncipe<\/option><option value=\"S\u00e3o Vicente e Granadinas\" >S\u00e3o Vicente e Granadinas<\/option><option value=\"Seicheles\" >Seicheles<\/option><option value=\"Senegal\" >Senegal<\/option><option value=\"Serra Leoa\" >Serra Leoa<\/option><option value=\"S\u00e9rvia\" >S\u00e9rvia<\/option><option value=\"Singapura\" >Singapura<\/option><option value=\"S\u00edria, Rep\u00fablica \u00c1rabe da\" >S\u00edria, Rep\u00fablica \u00c1rabe da<\/option><option value=\"Som\u00e1lia\" >Som\u00e1lia<\/option><option value=\"Sri Lanca\" >Sri Lanca<\/option><option value=\"Sud\u00e3o\" >Sud\u00e3o<\/option><option value=\"Sud\u00e3o do Sul\" >Sud\u00e3o do Sul<\/option><option value=\"Su\u00e9cia\" >Su\u00e9cia<\/option><option value=\"Su\u00ed\u00e7a\" >Su\u00ed\u00e7a<\/option><option value=\"Suriname\" >Suriname<\/option><option value=\"Svalbard e Jan Mayen\" >Svalbard e Jan Mayen<\/option><option value=\"Tail\u00e2ndia\" >Tail\u00e2ndia<\/option><option value=\"Taiwan\" >Taiwan<\/option><option value=\"Tajiquist\u00e3o\" >Tajiquist\u00e3o<\/option><option value=\"Tanz\u00e2nia, Rep\u00fablica Unida da\" >Tanz\u00e2nia, Rep\u00fablica Unida da<\/option><option value=\"Timor-Leste\" >Timor-Leste<\/option><option value=\"Togo\" >Togo<\/option><option value=\"Toquelau\" >Toquelau<\/option><option value=\"Tonga\" >Tonga<\/option><option value=\"Trindade e Tobago\" >Trindade e Tobago<\/option><option value=\"Tun\u00edsia\" >Tun\u00edsia<\/option><option value=\"Turquemenist\u00e3o\" >Turquemenist\u00e3o<\/option><option value=\"Turquia\" >Turquia<\/option><option value=\"Tuvalu\" >Tuvalu<\/option><option value=\"Ucr\u00e2nia\" >Ucr\u00e2nia<\/option><option value=\"Uganda\" >Uganda<\/option><option value=\"Uruguai\" >Uruguai<\/option><option value=\"Usbequist\u00e3o\" >Usbequist\u00e3o<\/option><option value=\"Vanuatu\" >Vanuatu<\/option><option value=\"Venezuela, Rep\u00fablica Bolivariana da\" >Venezuela, Rep\u00fablica Bolivariana da<\/option><option value=\"Vietname\" >Vietname<\/option><option value=\"Wallis e Futuna\" >Wallis e Futuna<\/option><option value=\"Z\u00e2mbia\" >Z\u00e2mbia<\/option><option value=\"Zimbabu\u00e9\" >Zimbabu\u00e9<\/option><\/select><\/div><\/div><div  class=\"um-field um-field-block  um-field-block um-field-type_block\" data-key=\"um_block_5729_6\"><div class=\"n_privacidade\">Para mais informa\u00e7\u00f5es, consulte a nossa <a href=\"https:\/\/arvielectric.com\/politica-de-privacidade\/\" target=\"_blank\" rel=\"noopener\">Pol\u00edtica de Privacidade<\/a>.<\/div><\/div><\/div><\/div>\n<!-- This file should primarily consist of HTML with a little bit of PHP. -->\n<div class=\"um-field um-field-type_terms_conditions\" data-key=\"use_terms_conditions_agreement\" style=\"display:block;padding:0;\">\n\t<div class=\"um-field-area\">\n\t\t<div class=\"um-gdpr-content\" style=\"display:none;\">\n\t\t\t\t\t<\/div>\n\t\t<a href=\"javascript:void(0);\" class=\"um-toggle-gdpr\" data-toggle-state=\"hidden\"\n\t\t\tdata-toggle-show=\"Show privacy policy\"\n\t\t\tdata-toggle-hide=\"Hide privacy policy\">\n\t\t\tShow privacy policy\t\t<\/a>\n\t<\/div>\n\t<div class=\"um-field-area\">\n\t\t<label class=\"um-field-checkbox\">\n\t\t\t<input type=\"checkbox\" name=\"use_gdpr_agreement\" value=\"1\">\n\t\t\t<span class=\"um-field-checkbox-state\"><i class=\"um-icon-android-checkbox-outline-blank\"><\/i><\/span>\n\t\t\t<span class=\"um-field-checkbox-option\">Ao registar a minha conta, concordo com o tratamento dos meus dados de acordo com a Pol\u00edtica de Privacidade, que li e aceito.<\/span>\n\t\t<\/label>\n\t\t<div class=\"um-clear\"><\/div>\n\t\t\t\t<div class=\"um-clear\"><\/div>\n\t<\/div>\n<\/div>\n\t<input type=\"hidden\" name=\"form_id\" id=\"form_id_12035\" value=\"12035\" \/>\n\t\t<p class=\"um_request_name\">\n\t\t<label for=\"um_request_12035\">Only fill in if you are not human<\/label>\n\t\t<input type=\"hidden\" name=\"um_request\" id=\"um_request_12035\" class=\"input\" value=\"\" size=\"25\" autocomplete=\"off\" \/>\n\t<\/p>\n\t\t\t<div id=\"cf-turnstile-350392968\"\r\n\t\tclass=\"cf-turnstile\" \t\tdata-sitekey=\"0x4AAAAAAAflQOJptj6olemG\"\r\n\t\tdata-theme=\"light\"\r\n\t\tdata-language=\"auto\"\r\n\t\tdata-size=\"normal\"\r\n\t\tdata-retry=\"auto\" data-retry-interval=\"1000\"\r\n\t\tdata-action=\"ultimate-member\"\r\n\t\t\t\tdata-appearance=\"always\"><\/div>\r\n\t\t\t<script>document.addEventListener(\"DOMContentLoaded\", function() { setTimeout(function(){ var e=document.getElementById(\"cf-turnstile-350392968\"); e&&!e.innerHTML.trim()&&(turnstile.remove(\"#cf-turnstile-350392968\"), turnstile.render(\"#cf-turnstile-350392968\", {sitekey:\"0x4AAAAAAAflQOJptj6olemG\"})); }, 0); });<\/script>\r\n\t\t\t<br class=\"cf-turnstile-br cf-turnstile-br-350392968\">\r\n\t\t\t\t<style>#cf-turnstile-350392968 { margin-left: -15px; }<\/style>\r\n\t\t<input type=\"hidden\" id=\"_wpnonce\" name=\"_wpnonce\" value=\"e3d0459326\" \/><input type=\"hidden\" name=\"_wp_http_referer\" value=\"\/pt-pt\/wp-json\/wp\/v2\/pages\/5735\" \/>\n\t<div class=\"um-col-alt\">\n\n\t\t\n\t\t\t<div class=\"um-left um-half\">\n\t\t\t\t<input type=\"submit\" value=\"Registar\" class=\"um-button\" id=\"um-submit-btn\" \/>\n\t\t\t<\/div>\n\t\t\t<div class=\"um-right um-half\">\n\t\t\t\t<a href=\"https:\/\/arvielectric.com\/pt-pt\/login\/\" class=\"um-button um-alt\">\n\t\t\t\t\tLogin\t\t\t\t<\/a>\n\t\t\t<\/div>\n\n\t\t\n\t\t<div class=\"um-clear\"><\/div>\n\n\t<\/div>\n\n\t\t\t<\/form>\n\t<\/div>\n<\/div>\n<style>\n\t\t\t.um-12035.um {\n\t\t\tmax-width: 450px;\n\t\t}\n\t\t\t\t.um-12035.um {\n\t\t\tmargin-left: 0px !important;\n\t\t}\n\t<\/style>\n<\/div>\n\t\t\t\t\t\t<\/div>\n\t\t\t\t\t<\/div>\n\t\t\t\t<\/div>\n\t\t\t\t<\/div>\n\t\t","protected":false},"excerpt":{"rendered":"","protected":false},"author":1,"featured_media":0,"parent":0,"menu_order":0,"comment_status":"closed","ping_status":"closed","template":"","meta":{"_acf_changed":false,"_seopress_robots_primary_cat":"","_seopress_titles_title":"","_seopress_titles_desc":"","_seopress_robots_index":"yes","footnotes":""},"class_list":["post-5735","page","type-page","status-publish","hentry"],"acf":[],"_links":{"self":[{"href":"https:\/\/arvielectric.com\/pt-pt\/wp-json\/wp\/v2\/pages\/5735","targetHints":{"allow":["GET"]}}],"collection":[{"href":"https:\/\/arvielectric.com\/pt-pt\/wp-json\/wp\/v2\/pages"}],"about":[{"href":"https:\/\/arvielectric.com\/pt-pt\/wp-json\/wp\/v2\/types\/page"}],"author":[{"embeddable":true,"href":"https:\/\/arvielectric.com\/pt-pt\/wp-json\/wp\/v2\/users\/1"}],"replies":[{"embeddable":true,"href":"https:\/\/arvielectric.com\/pt-pt\/wp-json\/wp\/v2\/comments?post=5735"}],"version-history":[{"count":7,"href":"https:\/\/arvielectric.com\/pt-pt\/wp-json\/wp\/v2\/pages\/5735\/revisions"}],"predecessor-version":[{"id":13900,"href":"https:\/\/arvielectric.com\/pt-pt\/wp-json\/wp\/v2\/pages\/5735\/revisions\/13900"}],"wp:attachment":[{"href":"https:\/\/arvielectric.com\/pt-pt\/wp-json\/wp\/v2\/media?parent=5735"}],"curies":[{"name":"wp","href":"https:\/\/api.w.org\/{rel}","templated":true}]}}