{"id":15334,"date":"2026-01-30T09:47:23","date_gmt":"2026-01-30T09:47:23","guid":{"rendered":"https:\/\/arvielectric.com\/?post_type=product&#038;p=15334"},"modified":"2026-01-30T09:56:56","modified_gmt":"2026-01-30T09:56:56","slug":"fita-espiral","status":"publish","type":"product","link":"https:\/\/arvielectric.com\/pt-pt\/produto\/fita-espiral\/","title":{"rendered":"Fita Espiral"},"content":{"rendered":"","protected":false},"excerpt":{"rendered":"","protected":false},"featured_media":15299,"template":"","meta":{"_acf_changed":false,"_seopress_robots_primary_cat":"none","_seopress_titles_title":"Fita Espiral - Arvi","_seopress_titles_desc":"Fita Espiral da Arvi s\u00e3o fabricados em pol\u00edmero flex\u00edvel e destinam-se \u00e0 organiza\u00e7\u00e3o, encaminhamento e prote\u00e7\u00e3o de cabos em instala\u00e7\u00f5es...","_seopress_robots_index":""},"product_brand":[],"product_cat":[7813],"product_tag":[],"class_list":{"0":"post-15334","1":"product","2":"type-product","3":"status-publish","4":"has-post-thumbnail","6":"product_cat-fitas-espirais","8":"first","9":"instock","10":"shipping-taxable","11":"product-type-simple"},"acf":[],"_links":{"self":[{"href":"https:\/\/arvielectric.com\/pt-pt\/wp-json\/wp\/v2\/product\/15334","targetHints":{"allow":["GET"]}}],"collection":[{"href":"https:\/\/arvielectric.com\/pt-pt\/wp-json\/wp\/v2\/product"}],"about":[{"href":"https:\/\/arvielectric.com\/pt-pt\/wp-json\/wp\/v2\/types\/product"}],"wp:featuredmedia":[{"embeddable":true,"href":"https:\/\/arvielectric.com\/pt-pt\/wp-json\/wp\/v2\/media\/15299"}],"wp:attachment":[{"href":"https:\/\/arvielectric.com\/pt-pt\/wp-json\/wp\/v2\/media?parent=15334"}],"wp:term":[{"taxonomy":"product_brand","embeddable":true,"href":"https:\/\/arvielectric.com\/pt-pt\/wp-json\/wp\/v2\/product_brand?post=15334"},{"taxonomy":"product_cat","embeddable":true,"href":"https:\/\/arvielectric.com\/pt-pt\/wp-json\/wp\/v2\/product_cat?post=15334"},{"taxonomy":"product_tag","embeddable":true,"href":"https:\/\/arvielectric.com\/pt-pt\/wp-json\/wp\/v2\/product_tag?post=15334"}],"curies":[{"name":"wp","href":"https:\/\/api.w.org\/{rel}","templated":true}]}}