{"id":3734,"date":"2025-01-01T23:30:45","date_gmt":"2025-01-01T23:30:45","guid":{"rendered":"https:\/\/arvielectric.com\/?post_type=product&#038;p=3734"},"modified":"2025-06-13T15:24:55","modified_gmt":"2025-06-13T14:24:55","slug":"abracadeira-de-fivela-serrilha","status":"publish","type":"product","link":"https:\/\/arvielectric.com\/pt-pt\/produto\/abracadeira-de-fivela-serrilha\/","title":{"rendered":"Abra\u00e7adeira de Fivela \/ Serrilha"},"content":{"rendered":"","protected":false},"excerpt":{"rendered":"","protected":false},"featured_media":3779,"template":"","meta":{"_acf_changed":false,"_seopress_robots_primary_cat":"none","_seopress_titles_title":"Abra\u00e7adeira de Fivela\/Serrilha - Arvi","_seopress_titles_desc":"As abra\u00e7adeiras da Arvi s\u00e3o fabricadas com a melhor qualidade e testadas ao limite sendo ideais para qualquer tipo de aplica\u00e7\u00e3o.","_seopress_robots_index":""},"product_brand":[],"product_cat":[5525],"product_tag":[],"class_list":{"0":"post-3734","1":"product","2":"type-product","3":"status-publish","4":"has-post-thumbnail","6":"product_cat-abracadeiras","8":"first","9":"instock","10":"shipping-taxable","11":"product-type-simple"},"acf":[],"_links":{"self":[{"href":"https:\/\/arvielectric.com\/pt-pt\/wp-json\/wp\/v2\/product\/3734","targetHints":{"allow":["GET"]}}],"collection":[{"href":"https:\/\/arvielectric.com\/pt-pt\/wp-json\/wp\/v2\/product"}],"about":[{"href":"https:\/\/arvielectric.com\/pt-pt\/wp-json\/wp\/v2\/types\/product"}],"wp:featuredmedia":[{"embeddable":true,"href":"https:\/\/arvielectric.com\/pt-pt\/wp-json\/wp\/v2\/media\/3779"}],"wp:attachment":[{"href":"https:\/\/arvielectric.com\/pt-pt\/wp-json\/wp\/v2\/media?parent=3734"}],"wp:term":[{"taxonomy":"product_brand","embeddable":true,"href":"https:\/\/arvielectric.com\/pt-pt\/wp-json\/wp\/v2\/product_brand?post=3734"},{"taxonomy":"product_cat","embeddable":true,"href":"https:\/\/arvielectric.com\/pt-pt\/wp-json\/wp\/v2\/product_cat?post=3734"},{"taxonomy":"product_tag","embeddable":true,"href":"https:\/\/arvielectric.com\/pt-pt\/wp-json\/wp\/v2\/product_tag?post=3734"}],"curies":[{"name":"wp","href":"https:\/\/api.w.org\/{rel}","templated":true}]}}