{"id":4859,"date":"2021-06-18T17:36:09","date_gmt":"2021-06-18T16:36:09","guid":{"rendered":"https:\/\/arvielectric.com\/?post_type=product&#038;p=4859"},"modified":"2025-06-13T15:25:03","modified_gmt":"2025-06-13T14:25:03","slug":"fita-isoladora-pvc","status":"publish","type":"product","link":"https:\/\/arvielectric.com\/pt-pt\/produto\/fita-isoladora-pvc\/","title":{"rendered":"Fita Isoladora PVC"},"content":{"rendered":"<p>[vc_row css_animation=&#8221;&#8221; row_type=&#8221;row&#8221; use_row_as_full_screen_section=&#8221;no&#8221; type=&#8221;full_width&#8221; angled_section=&#8221;no&#8221; text_align=&#8221;left&#8221; background_image_as_pattern=&#8221;without_pattern&#8221; z_index=&#8221;&#8221;][vc_column width=&#8221;1\/2&#8243;][vc_column_text]<\/p>\n<h5>Descri\u00e7\u00e3o<\/h5>\n<p>[\/vc_column_text][vc_column_text]Para marca\u00e7\u00e3o, isolamento e repara\u00e7\u00f5es. A Fita Isoladora da Arvi NN15 \u00e9 uma fita de isolamento el\u00e9trico retardante \u00e0 chama e autoextingu\u00edvel. Consiste numa base de puro PVC com uma camada adesiva de borracha natural. \u00c9 caracterizada pela sua fina espessura com um alto grau de flexibilidade e grande performance adesiva.[\/vc_column_text][\/vc_column][vc_column width=&#8221;1\/2&#8243;][qode_accordion style=&#8221;toggle&#8221;][qode_accordion_tab title=&#8221;Downloads&#8221; title_tag=&#8221;h5&#8243; icon_pack=&#8221;font_awesome&#8221; icon=&#8221;fa-angle-down&#8221;][button size=&#8221;small&#8221; icon=&#8221;fa-download&#8221; target=&#8221;_blank&#8221; hover_type=&#8221;default&#8221; text=&#8221;Ficha T\u00e9cnica&#8221; link=&#8221;https:\/\/arvielectric.com\/download\/4865\/&#8221;][button size=&#8221;small&#8221; icon=&#8221;fa-download&#8221; target=&#8221;_blank&#8221; hover_type=&#8221;default&#8221; text=&#8221;Declara\u00e7\u00e3o de Conformidade&#8221; link=&#8221;https:\/\/arvielectric.com\/download\/4907\/&#8221;][button size=&#8221;small&#8221; icon=&#8221;fa-download&#8221; target=&#8221;_blank&#8221; hover_type=&#8221;default&#8221; text=&#8221;Ficha de Dados de Seguran\u00e7a&#8221; link=&#8221;https:\/\/arvielectric.com\/download\/5078\/&#8221;][\/qode_accordion_tab][\/qode_accordion][\/vc_column][\/vc_row]<\/p>\n","protected":false},"excerpt":{"rendered":"<p>[vc_row css_animation=&#8221;&#8221; row_type=&#8221;row&#8221; use_row_as_full_screen_section=&#8221;no&#8221; type=&#8221;full_width&#8221; angled_section=&#8221;no&#8221; text_align=&#8221;left&#8221; background_image_as_pattern=&#8221;without_pattern&#8221; z_index=&#8221;&#8221;][vc_column width=&#8221;1\/2&#8243;][vc_column_text] Descri\u00e7\u00e3o [\/vc_column_text][vc_column_text]Para marca\u00e7\u00e3o, isolamento e repara\u00e7\u00f5es. A Fita Isoladora da Arvi NN15 \u00e9 uma fita de isolamento el\u00e9trico retardante \u00e0 chama e autoextingu\u00edvel. Consiste numa base de puro PVC com uma camada adesiva de borracha natural. \u00c9 caracterizada pela sua fina espessura com um alto [&hellip;]<\/p>\n","protected":false},"featured_media":4862,"template":"","meta":{"_acf_changed":false,"_seopress_robots_primary_cat":"none","_seopress_titles_title":"Fita Isoladora PVC - Arvi","_seopress_titles_desc":"Para marca\u00e7\u00e3o, isolamento e repara\u00e7\u00f5es. A Fita Isoladora da Arvi NN15 \u00e9 uma fita de isolamento el\u00e9trico retardante \u00e0 chama e autoextingu\u00edvel. Consiste numa base de puro PVC com uma camada adesiva de borracha...","_seopress_robots_index":""},"product_brand":[],"product_cat":[6884],"product_tag":[],"class_list":{"0":"post-4859","1":"product","2":"type-product","3":"status-publish","4":"has-post-thumbnail","6":"product_cat-fitas-isoladoras","8":"first","9":"instock","10":"shipping-taxable","11":"product-type-simple"},"acf":[],"_links":{"self":[{"href":"https:\/\/arvielectric.com\/pt-pt\/wp-json\/wp\/v2\/product\/4859","targetHints":{"allow":["GET"]}}],"collection":[{"href":"https:\/\/arvielectric.com\/pt-pt\/wp-json\/wp\/v2\/product"}],"about":[{"href":"https:\/\/arvielectric.com\/pt-pt\/wp-json\/wp\/v2\/types\/product"}],"wp:featuredmedia":[{"embeddable":true,"href":"https:\/\/arvielectric.com\/pt-pt\/wp-json\/wp\/v2\/media\/4862"}],"wp:attachment":[{"href":"https:\/\/arvielectric.com\/pt-pt\/wp-json\/wp\/v2\/media?parent=4859"}],"wp:term":[{"taxonomy":"product_brand","embeddable":true,"href":"https:\/\/arvielectric.com\/pt-pt\/wp-json\/wp\/v2\/product_brand?post=4859"},{"taxonomy":"product_cat","embeddable":true,"href":"https:\/\/arvielectric.com\/pt-pt\/wp-json\/wp\/v2\/product_cat?post=4859"},{"taxonomy":"product_tag","embeddable":true,"href":"https:\/\/arvielectric.com\/pt-pt\/wp-json\/wp\/v2\/product_tag?post=4859"}],"curies":[{"name":"wp","href":"https:\/\/api.w.org\/{rel}","templated":true}]}}