{"id":529,"date":"2019-06-05T16:16:39","date_gmt":"2019-06-05T15:16:39","guid":{"rendered":"https:\/\/arvielectric.com\/?post_type=product&#038;p=529"},"modified":"2025-09-10T17:42:56","modified_gmt":"2025-09-10T16:42:56","slug":"barra-de-juncao-homologada","status":"publish","type":"product","link":"https:\/\/arvielectric.com\/pt-pt\/produto\/barra-de-juncao-homologada\/","title":{"rendered":"Barra de Junc\u0327a\u0303o Homologada"},"content":{"rendered":"","protected":false},"excerpt":{"rendered":"","protected":false},"featured_media":1282,"template":"","meta":{"_acf_changed":false,"_seopress_robots_primary_cat":"none","_seopress_titles_title":"Barra de Junc\u0327a\u0303o Homologada - Arvi","_seopress_titles_desc":"Barras de jun\u00e7\u00e3o em polipropileno com temperatura at\u00e9 85oC. Semi-r\u00edgido, retardante \u00e0 chama auto-extingu\u00edvel e com parafusos levantados para f\u00e1cil inser\u00e7\u00e3o do cabo. Pode ser facilmente separado ligado a ligador...","_seopress_robots_index":""},"product_brand":[],"product_cat":[43],"product_tag":[],"class_list":{"0":"post-529","1":"product","2":"type-product","3":"status-publish","4":"has-post-thumbnail","6":"product_cat-barras-de-juncao","8":"first","9":"instock","10":"shipping-taxable","11":"product-type-simple"},"acf":[],"_links":{"self":[{"href":"https:\/\/arvielectric.com\/pt-pt\/wp-json\/wp\/v2\/product\/529","targetHints":{"allow":["GET"]}}],"collection":[{"href":"https:\/\/arvielectric.com\/pt-pt\/wp-json\/wp\/v2\/product"}],"about":[{"href":"https:\/\/arvielectric.com\/pt-pt\/wp-json\/wp\/v2\/types\/product"}],"wp:featuredmedia":[{"embeddable":true,"href":"https:\/\/arvielectric.com\/pt-pt\/wp-json\/wp\/v2\/media\/1282"}],"wp:attachment":[{"href":"https:\/\/arvielectric.com\/pt-pt\/wp-json\/wp\/v2\/media?parent=529"}],"wp:term":[{"taxonomy":"product_brand","embeddable":true,"href":"https:\/\/arvielectric.com\/pt-pt\/wp-json\/wp\/v2\/product_brand?post=529"},{"taxonomy":"product_cat","embeddable":true,"href":"https:\/\/arvielectric.com\/pt-pt\/wp-json\/wp\/v2\/product_cat?post=529"},{"taxonomy":"product_tag","embeddable":true,"href":"https:\/\/arvielectric.com\/pt-pt\/wp-json\/wp\/v2\/product_tag?post=529"}],"curies":[{"name":"wp","href":"https:\/\/api.w.org\/{rel}","templated":true}]}}