{"id":5306,"date":"2025-01-01T23:30:07","date_gmt":"2025-01-01T23:30:07","guid":{"rendered":"https:\/\/arvielectric.com\/?post_type=product&#038;p=5306"},"modified":"2025-06-13T15:25:08","modified_gmt":"2025-06-13T14:25:08","slug":"guia-de-nylon","status":"publish","type":"product","link":"https:\/\/arvielectric.com\/pt-pt\/produto\/guia-de-nylon\/","title":{"rendered":"Guia de Nylon"},"content":{"rendered":"<p>[vc_row css_animation=&#8221;&#8221; row_type=&#8221;row&#8221; use_row_as_full_screen_section=&#8221;no&#8221; type=&#8221;full_width&#8221; angled_section=&#8221;no&#8221; text_align=&#8221;left&#8221; background_image_as_pattern=&#8221;without_pattern&#8221; z_index=&#8221;&#8221;][vc_column width=&#8221;1\/2&#8243;][vc_column_text]<\/p>\n<h5>Descri\u00e7\u00e3o<\/h5>\n<p>[\/vc_column_text][vc_column_text]Fabricadas em Poliamida de Nylon, garantem uma excelente resist\u00eancia e dureza. A sua leveza e flexibilidade tornam este produto da Arvi a escolha ideal para um deslize r\u00e1pido e sem esfor\u00e7os, mesmo em locais mais exigentes. Este modelo est\u00e1 equipado com ponteiras permut\u00e1veis, incluindo uma mola flex\u00edvel e um olhal M4, assegurando efici\u00eancia e praticidade.[\/vc_column_text][\/vc_column][vc_column width=&#8221;1\/2&#8243;][qode_accordion style=&#8221;toggle&#8221;][qode_accordion_tab title=&#8221;Downloads&#8221; title_tag=&#8221;h5&#8243; icon_pack=&#8221;font_awesome&#8221; icon=&#8221;fa-angle-down&#8221;][button size=&#8221;small&#8221; icon=&#8221;fa-download&#8221; target=&#8221;_blank&#8221; hover_type=&#8221;default&#8221; text=&#8221;Ficha T\u00e9cnica&#8221; link=&#8221;https:\/\/arvielectric.com\/download\/5307\/&#8221;][button size=&#8221;small&#8221; icon=&#8221;fa-download&#8221; target=&#8221;_blank&#8221; hover_type=&#8221;default&#8221; text=&#8221;Declara\u00e7\u00e3o de Conformidade&#8221; link=&#8221;https:\/\/arvielectric.com\/download\/5585\/&#8221;][\/qode_accordion_tab][\/qode_accordion][\/vc_column][\/vc_row]<\/p>\n","protected":false},"excerpt":{"rendered":"<p>[vc_row css_animation=&#8221;&#8221; row_type=&#8221;row&#8221; use_row_as_full_screen_section=&#8221;no&#8221; type=&#8221;full_width&#8221; angled_section=&#8221;no&#8221; text_align=&#8221;left&#8221; background_image_as_pattern=&#8221;without_pattern&#8221; z_index=&#8221;&#8221;][vc_column width=&#8221;1\/2&#8243;][vc_column_text] Descri\u00e7\u00e3o [\/vc_column_text][vc_column_text]Fabricadas em Poliamida de Nylon, garantem uma excelente resist\u00eancia e dureza. A sua leveza e flexibilidade tornam este produto da Arvi a escolha ideal para um deslize r\u00e1pido e sem esfor\u00e7os, mesmo em locais mais exigentes. Este modelo est\u00e1 equipado com ponteiras permut\u00e1veis, incluindo [&hellip;]<\/p>\n","protected":false},"featured_media":5536,"template":"","meta":{"_acf_changed":false,"_seopress_robots_primary_cat":"none","_seopress_titles_title":"Guia de Nylon - Arvi","_seopress_titles_desc":"Fabricadas em Poliamida de Nylon, garantem uma excelente resist\u00eancia e dureza. A sua leveza e flexibilidade tornam este produto da Arvi a escolha ideal para um deslize r\u00e1pido e sem...","_seopress_robots_index":""},"product_brand":[],"product_cat":[7172,7008],"product_tag":[],"class_list":{"0":"post-5306","1":"product","2":"type-product","3":"status-publish","4":"has-post-thumbnail","6":"product_cat-guias","7":"product_cat-guias-passa-cabos","9":"first","10":"instock","11":"shipping-taxable","12":"product-type-simple"},"acf":[],"_links":{"self":[{"href":"https:\/\/arvielectric.com\/pt-pt\/wp-json\/wp\/v2\/product\/5306","targetHints":{"allow":["GET"]}}],"collection":[{"href":"https:\/\/arvielectric.com\/pt-pt\/wp-json\/wp\/v2\/product"}],"about":[{"href":"https:\/\/arvielectric.com\/pt-pt\/wp-json\/wp\/v2\/types\/product"}],"wp:featuredmedia":[{"embeddable":true,"href":"https:\/\/arvielectric.com\/pt-pt\/wp-json\/wp\/v2\/media\/5536"}],"wp:attachment":[{"href":"https:\/\/arvielectric.com\/pt-pt\/wp-json\/wp\/v2\/media?parent=5306"}],"wp:term":[{"taxonomy":"product_brand","embeddable":true,"href":"https:\/\/arvielectric.com\/pt-pt\/wp-json\/wp\/v2\/product_brand?post=5306"},{"taxonomy":"product_cat","embeddable":true,"href":"https:\/\/arvielectric.com\/pt-pt\/wp-json\/wp\/v2\/product_cat?post=5306"},{"taxonomy":"product_tag","embeddable":true,"href":"https:\/\/arvielectric.com\/pt-pt\/wp-json\/wp\/v2\/product_tag?post=5306"}],"curies":[{"name":"wp","href":"https:\/\/api.w.org\/{rel}","templated":true}]}}