{"id":626,"date":"2019-06-05T16:31:14","date_gmt":"2019-06-05T15:31:14","guid":{"rendered":"https:\/\/arvielectric.com\/?post_type=product&#038;p=626"},"modified":"2026-01-29T14:02:49","modified_gmt":"2026-01-29T14:02:49","slug":"alicate-terminais-de-cobre","status":"publish","type":"product","link":"https:\/\/arvielectric.com\/pt-pt\/produto\/alicate-terminais-de-cobre\/","title":{"rendered":"Alicate Terminais de Cobre"},"content":{"rendered":"<p>[vc_row css_animation=&#8221;&#8221; row_type=&#8221;row&#8221; use_row_as_full_screen_section=&#8221;no&#8221; type=&#8221;full_width&#8221; angled_section=&#8221;no&#8221; text_align=&#8221;left&#8221; background_image_as_pattern=&#8221;without_pattern&#8221; z_index=&#8221;&#8221;][vc_column width=&#8221;1\/2&#8243;][vc_column_text]<\/p>\n<h5>Descri\u00e7\u00e3o<\/h5>\n<p>[\/vc_column_text][vc_column_text]Alicates para terminais de cobre com design ergon\u00f3mico, reduzindo assim o esfor\u00e7o na crava\u00e7\u00e3o. Estes alicates s\u00e3o indicados para uso profissional e intensivo, dispondo de uma crava\u00e7\u00e3o hexagonal e de pun\u00e7\u00e3o. Apresentam v\u00e1rias tipologias: mec\u00e2nicos, hidr\u00e1ulicos e el\u00e9tricos.[\/vc_column_text][\/vc_column][vc_column width=&#8221;1\/2&#8243;][vc_column_text]<\/p>\n<h5>Desenho T\u00e9cnico<\/h5>\n<p>[\/vc_column_text][qode_advanced_image_gallery type=&#8221;carousel&#8221; enable_image_shadow=&#8221;yes&#8221; image_behavior=&#8221;lightbox&#8221; space_between_items=&#8221;tiny&#8221; number_of_visible_items=&#8221;1&#8243; slider_loop=&#8221;yes&#8221; slider_autoplay=&#8221;yes&#8221; slider_navigation=&#8221;yes&#8221; slider_pagination=&#8221;no&#8221; images=&#8221;2880,2856,3142,2860,2862,2863,2866,2869,2872,2874,2883,2886,2887,2890,2892,2895,2898,2899,2901&#8243; image_size=&#8221;full&#8221;][qode_accordion style=&#8221;toggle&#8221;][qode_accordion_tab title=&#8221;Downloads&#8221; title_tag=&#8221;h5&#8243; icon_pack=&#8221;font_awesome&#8221; icon=&#8221;fa-angle-down&#8221;][button size=&#8221;small&#8221; icon=&#8221;fa-download&#8221; target=&#8221;_blank&#8221; hover_type=&#8221;default&#8221; text=&#8221;Ficha T\u00e9cnica&#8221; link=&#8221;https:\/\/arvielectric.com\/download\/2351\/&#8221;][button size=&#8221;small&#8221; icon=&#8221;fa-download&#8221; target=&#8221;_blank&#8221; hover_type=&#8221;default&#8221; text=&#8221;Ficha T\u00e9cnica &#8211; Matrizes ACT-51&#8243; link=&#8221;https:\/\/arvielectric.com\/download\/4706\/&#8221;][button size=&#8221;small&#8221; icon=&#8221;fa-download&#8221; target=&#8221;_blank&#8221; hover_type=&#8221;default&#8221; text=&#8221;Dec. Conformidade ACT-430 | ACT-51&#8243; link=&#8221;https:\/\/arvielectric.com\/download\/2699\/&#8221;][button size=&#8221;small&#8221; icon=&#8221;fa-download&#8221; target=&#8221;_blank&#8221; hover_type=&#8221;default&#8221; text=&#8221;Dec. Conformidade ACT-300&#8243; link=&#8221;https:\/\/arvielectric.com\/download\/2693\/&#8221;][button size=&#8221;small&#8221; icon=&#8221;fa-download&#8221; target=&#8221;_blank&#8221; hover_type=&#8221;default&#8221; text=&#8221;Certificado CE ACT-300&#8243; link=&#8221;https:\/\/arvielectric.com\/download\/2733\/&#8221;][button size=&#8221;small&#8221; icon=&#8221;fa-download&#8221; target=&#8221;_blank&#8221; hover_type=&#8221;default&#8221; text=&#8221;Certificado CE ACT-430| ACT-51&#8243; link=&#8221;https:\/\/arvielectric.com\/download\/2727\/&#8221;][\/qode_accordion_tab][\/qode_accordion][\/vc_column][\/vc_row]<\/p>\n","protected":false},"excerpt":{"rendered":"<p>[vc_row css_animation=&#8221;&#8221; row_type=&#8221;row&#8221; use_row_as_full_screen_section=&#8221;no&#8221; type=&#8221;full_width&#8221; angled_section=&#8221;no&#8221; text_align=&#8221;left&#8221; background_image_as_pattern=&#8221;without_pattern&#8221; z_index=&#8221;&#8221;][vc_column width=&#8221;1\/2&#8243;][vc_column_text] Descri\u00e7\u00e3o [\/vc_column_text][vc_column_text]Alicates para terminais de cobre com design ergon\u00f3mico, reduzindo assim o esfor\u00e7o na crava\u00e7\u00e3o. Estes alicates s\u00e3o indicados para uso profissional e intensivo, dispondo de uma crava\u00e7\u00e3o hexagonal e de pun\u00e7\u00e3o. Apresentam v\u00e1rias tipologias: mec\u00e2nicos, hidr\u00e1ulicos e el\u00e9tricos.[\/vc_column_text][\/vc_column][vc_column width=&#8221;1\/2&#8243;][vc_column_text] Desenho T\u00e9cnico [\/vc_column_text][qode_advanced_image_gallery type=&#8221;carousel&#8221; enable_image_shadow=&#8221;yes&#8221; [&hellip;]<\/p>\n","protected":false},"featured_media":3607,"template":"","meta":{"_acf_changed":false,"_seopress_robots_primary_cat":"none","_seopress_titles_title":"Alicate Terminais de Cobre - Arvi","_seopress_titles_desc":"Alicates para terminais de cobre com design ergon\u00f3mico, reduzindo assim o esfor\u00e7o na crava\u00e7\u00e3o. Estes alicates s\u00e3o indicados para uso...","_seopress_robots_index":""},"product_brand":[],"product_cat":[112],"product_tag":[],"class_list":{"0":"post-626","1":"product","2":"type-product","3":"status-publish","4":"has-post-thumbnail","6":"product_cat-ferramentas","8":"first","9":"instock","10":"shipping-taxable","11":"product-type-simple"},"acf":[],"_links":{"self":[{"href":"https:\/\/arvielectric.com\/pt-pt\/wp-json\/wp\/v2\/product\/626","targetHints":{"allow":["GET"]}}],"collection":[{"href":"https:\/\/arvielectric.com\/pt-pt\/wp-json\/wp\/v2\/product"}],"about":[{"href":"https:\/\/arvielectric.com\/pt-pt\/wp-json\/wp\/v2\/types\/product"}],"wp:featuredmedia":[{"embeddable":true,"href":"https:\/\/arvielectric.com\/pt-pt\/wp-json\/wp\/v2\/media\/3607"}],"wp:attachment":[{"href":"https:\/\/arvielectric.com\/pt-pt\/wp-json\/wp\/v2\/media?parent=626"}],"wp:term":[{"taxonomy":"product_brand","embeddable":true,"href":"https:\/\/arvielectric.com\/pt-pt\/wp-json\/wp\/v2\/product_brand?post=626"},{"taxonomy":"product_cat","embeddable":true,"href":"https:\/\/arvielectric.com\/pt-pt\/wp-json\/wp\/v2\/product_cat?post=626"},{"taxonomy":"product_tag","embeddable":true,"href":"https:\/\/arvielectric.com\/pt-pt\/wp-json\/wp\/v2\/product_tag?post=626"}],"curies":[{"name":"wp","href":"https:\/\/api.w.org\/{rel}","templated":true}]}}